{"id":55406,"date":"2026-03-25T01:15:54","date_gmt":"2026-03-25T01:15:54","guid":{"rendered":"https:\/\/bouwstenenverhuur.brogt.nl\/?page_id=55406"},"modified":"2026-03-25T01:15:54","modified_gmt":"2026-03-25T01:15:54","slug":"razumijevanje-propecije-upotreba-i-dobrobiti","status":"publish","type":"page","link":"https:\/\/bouwstenenverhuur.brogt.nl\/index.php\/razumijevanje-propecije-upotreba-i-dobrobiti\/","title":{"rendered":"Razumijevanje Propecije: upotreba i dobrobiti"},"content":{"rendered":"<h1>Kupnja Propecia Generic online: pregled, skladi\u0161tenje i ponovno punjenje<\/h1>\n<p>Kupnja Propecia Generic online uklju\u010duje razumijevanje njegove upotrebe, osiguravanje sigurnosti pri kupnji, upravljanje dozom i razmatranje pravnih i tro\u0161kovno u\u010dinkovitih strategija.<\/p>\n<h2>Razumijevanje Propecije: upotreba i dobrobiti<\/h2>\n<p>Propecia, tako\u0111er poznata pod svojim generi\u010dkim imenom finasterid, prvenstveno se koristi za lije\u010denje mu\u0161ke \u0107elavosti. Djeluje tako da inhibira pretvorbu testosterona u dihidrotestosteron (DHT), hormon povezan s gubitkom kose. Smanjenjem razine DHT-a, Propecia poma\u017ee u odr\u017eavanju postoje\u0107e kose i potencijalno mo\u017ee potaknuti ponovni rast kod nekih korisnika.<\/p>\n<p>Osim svoje primarne upotrebe, Propecia ima pomo\u0107ne prednosti uklju\u010duju\u0107i lije\u010denje benigne hiperplazije prostate (BPH). Ova dvostruka korisnost \u010dini ga svestranim lijekom za mu\u0161karce koji pate od gubitka kose, kao i za one koji imaju problema s prostatom. Me\u0111utim, njegova u\u010dinkovitost kod \u017eena, osobito kod gubitka kose, nije dobro utvr\u0111ena, pa se uglavnom propisuje mu\u0161karcima.<\/p>\n<h2>Kako sigurno kupiti Propecia Generic online<\/h2>\n<p>Za sigurnu kupnju Propecia Generic online, klju\u010dno je odabrati renomiranu ljekarnu. Potra\u017eite mre\u017ene ljekarne za koje je potreban recept jer je to znak legitimnosti. Ljekarne koje nude usluge savjetovanja s licenciranim zdravstvenim radnicima mogu pru\u017eiti dodatni sloj sigurnosti.<\/p>\n<p>Preporu\u010dljivo je provjeriti je li internetska ljekarna certificirana od strane relevantnih regulatornih tijela. U Ujedinjenom Kraljevstvu, na primjer, Regulatorna agencija za lijekove i zdravstvene proizvode (MHRA) daje smjernice i certifikate za mre\u017ene ljekarne. Osiguravanje ovih vjerodajnica mo\u017ee pomo\u0107i u ubla\u017eavanju rizika povezanih s krivotvorenim lijekovima.<\/p>\n<h2>Online postupak provjere za propeciju na recept<\/h2>\n<p>Nabava lijeka Propecia putem internetske ljekarne \u010desto uklju\u010duje postupak provjere kako bi se osigurala sigurnost pacijenata. To obi\u010dno uklju\u010duje ispunjavanje medicinskog upitnika koji procjenjuje va\u0161u povijest zdravlja i trenutne lijekove. Iskrenost u ovom procesu je klju\u010dna jer poma\u017ee pru\u017eateljima zdravstvenih usluga da utvrde je li Propecia prikladna opcija za vas.<\/p>\n<p>Neke internetske ljekarne nude telekonzultacije s ovla\u0161tenim lije\u010dnikom. Tijekom ovih sesija lije\u010dnik mo\u017ee razgovarati o potencijalnim rizicima i koristima, osiguravaju\u0107i da ste informirani prije nego \u0161to nastavite s lijekom. Ovaj korak ne samo da osigurava pridr\u017eavanje ve\u0107 i pove\u0107ava povjerenje pacijenata u njihov izbor lije\u010denja.<\/p>\n<h2>Usporedba cijena i dobavlja\u010da za Propecia Generic<\/h2>\n<p>Usporedba cijena bitan je korak pri kupnji Propecia Generic online. Cijene se mogu jako razlikovati izme\u0111u dobavlja\u010da, stoga je korisno usporediti nekoliko ljekarni prije kupnje. Me\u0111utim, iznimno niske cijene mogu biti znak upozorenja za krivotvorene proizvode.<\/p>\n<p>Osim cijena, procijenite ugled svakog dobavlja\u010da. Recenzije i ocjene kupaca mogu pru\u017eiti uvid u pouzdanost i kvalitetu usluge. Korisno je odabrati dobavlja\u010de koji su transparentni u pogledu svojih procesa nabave i proizvodnje.<\/p>\n<h2>Osiguravanje autenti\u010dnosti i sigurnosti online kupnje lijeka Propecia<\/h2>\n<p>Autenti\u010dnost lijeka Propecia Generic najva\u017enija je za osiguranje njegove u\u010dinkovitosti i va\u0161e sigurnosti. Provjerite nabavlja li mre\u017ena ljekarna svoje lijekove od renomiranih proizvo\u0111a\u010da. Provjera pe\u010data odobrenja regulatornih tijela tako\u0111er mo\u017ee potvrditi autenti\u010dnost.<\/p>\n<p>Neke ljekarne daju brojeve serija i datume <a href=\"https:\/\/zdravaapoteka24.com\/kupiti-propecia-genericka-bez-recepta\">https:\/\/zdravaapoteka24.com\/kupiti-propecia-genericka-bez-recepta<\/a> isteka sa svojim proizvodima, koje mo\u017eete provjeriti kod proizvo\u0111a\u010da radi dodatnog jamstva. Izbjegavajte nelicencirane platforme jer postoji ve\u0107a vjerojatnost da \u0107e distribuirati nestandardne ili la\u017ene lijekove.<\/p>\n<h2>Osnovni savjeti za skladi\u0161tenje za Propecia Generic<\/h2>\n<p>Pravilno skladi\u0161tenje Propecije klju\u010dno je za odr\u017eavanje njezine u\u010dinkovitosti. Lijek treba \u010duvati na hladnom i suhom mjestu daleko od izravne sun\u010deve svjetlosti. Prekomjerna toplina ili vlaga mogu razgraditi aktivne sastojke, smanjuju\u0107i njihovu snagu.<\/p>\n<p>Dr\u017eite Propeciju izvan dohvata djece i ku\u0107nih ljubimaca kako biste sprije\u010dili slu\u010dajno gutanje. Tako\u0111er je preporu\u010dljivo lijek \u010duvati u originalnom pakiranju kako bi se za\u0161titio od utjecaja okoli\u0161a i lak\u0161e pratio rok trajanja.<\/p>\n<h2>Upravljanje dozom lijeka Propecia i trajanjem lije\u010denja<\/h2>\n<p>Upravljanje ispravnim doziranjem Propecije klju\u010dno je za njezinu u\u010dinkovitost. Tipi\u010dno, preporu\u010dena doza je 1 mg dnevno i treba je uzimati dosljedno u isto vrijeme svaki dan kako bi se odr\u017eala stabilna razina lijeka u tijelu. Odstupanje od propisane doze mo\u017ee ili smanjiti u\u010dinkovitost ili pove\u0107ati rizik od nuspojava.<\/p>\n<p>Trajanje lije\u010denja mo\u017ee varirati ovisno o individualnom odgovoru. Dok neki mogu primijetiti pobolj\u0161anja unutar nekoliko mjeseci, drugi \u0107e mo\u017eda trebati nastaviti s uzimanjem lijeka godinu dana ili dulje kako bi vidjeli zna\u010dajne rezultate. Va\u017eno je redovito se konzultirati sa svojim lije\u010dnikom kako biste procijenili napredak i prilagodili plan lije\u010denja ako je potrebno.<\/p>\n<h2>Razumijevanje nuspojava Propecije i mjera opreza<\/h2>\n<p>Iako se Propecia op\u0107enito dobro podnosi, kod nekih osoba mo\u017ee izazvati nuspojave. Uobi\u010dajene nuspojave uklju\u010duju smanjenje libida, erektilnu disfunkciju i poreme\u0107aje ejakulacije. Ovi u\u010dinci su obi\u010dno reverzibilni nakon prekida uzimanja lijeka.<\/p>\n<p>Prije nego po\u010dnete uzimati Propeciu, porazgovarajte o svim postoje\u0107im zdravstvenim problemima sa svojim lije\u010dnikom jer mo\u017eda ne\u0107e biti prikladna za svakoga. Na primjer, mu\u0161karci s bole\u0161\u0107u jetre trebali bi oprezno koristiti Propeciju jer se ona metabolizira u jetri. Redovito pra\u0107enje i otvorena komunikacija s va\u0161im lije\u010dnikom mogu pomo\u0107i u u\u010dinkovitom upravljanju svim \u0161tetnim u\u010dincima.<\/p>\n<h2>Kako postupati s propu\u0161tenim dozama propecije<\/h2>\n<p>Ako propustite dozu lijeka Propecia, uzmite je \u010dim se sjetite. Me\u0111utim, ako je skoro vrijeme za sljede\u0107u dozu, presko\u010dite propu\u0161tenu dozu i nastavite s uobi\u010dajenim rasporedom. .<\/p>\n<p>Uspostavljanje rutine mo\u017ee pomo\u0107i u smanjenju propu\u0161tenih doza. Razmislite o postavljanju dnevnih podsjetnika ili povezivanju uzimanja lijekova s \u200b\u200bredovnom dnevnom aktivno\u0161\u0107u, poput pranja zubi, kako biste osigurali pridr\u017eavanje.<\/p>\n<h2>Kretanje mre\u017enim ljekarnama za punjenje Propecia<\/h2>\n<p>Ponovno punjenje va\u0161eg Propecia recepta online mo\u017ee biti zgodno, ali zahtijeva pa\u017eljivu navigaciju. Odaberite ljekarne koje nude usluge automatske dopune ili po\u0161aljite podsjetnike kada va\u0161 lijek treba obnoviti. To osigurava da ne\u0107ete neo\u010dekivano ostati bez lijeka.<\/p>\n<p>Prije ponovnog punjenja provjerite je li do\u0161lo do promjena u pravilima ljekarne ili su dostupne nove ponude koje bi mogle smanjiti tro\u0161kove. Odr\u017eavanje dosljednog odnosa s jednom uglednom ljekarnom mo\u017ee pojednostaviti postupak ponovnog punjenja i osigurati kontinuitet kvalitete i usluge.<\/p>\n<h2>Isplative strategije za dugotrajnu upotrebu propecije<\/h2>\n<p>Za dugoro\u010dnu upotrebu Propecie, istra\u017eivanje isplativih strategija je klju\u010dno. Kupnja na veliko ili odabir usluge pretplate \u010desto mo\u017ee dovesti do popusta. Osim toga, neke ljekarne nude programe vjernosti ili kupone za kupce koji se stalno vra\u0107aju, \u0161to mo\u017ee dodatno smanjiti tro\u0161kove.<\/p>\n<p>Posavjetujte se sa svojim lije\u010dnikom o mogu\u0107nosti prilagodbe va\u0161eg plana lije\u010denja kako bi odgovarao va\u0161em bud\u017eetu. Oni mogu preporu\u010diti alternativne strategije doziranja ili osigurati uzorke kako bi smanjili tro\u0161kove. Osiguravanje otvorene komunikacije s lije\u010dnikom i ljekarnom mo\u017ee pomo\u0107i u u\u010dinkovitom upravljanju tro\u0161kovima.<\/p>\n<h2>Savjetovanje s pru\u017eateljima zdravstvenih usluga za kori\u0161tenje Propecije<\/h2>\n<p>Redovito savjetovanje s pru\u017eateljima zdravstvenih usluga klju\u010dno je kada se koristi Propecia. Oni mogu dati smjernice za upravljanje nuspojavama, prilagodbu doza i procjenu u\u010dinkovitosti lije\u010denja. Ovaj stalni dijalog poma\u017ee u prilago\u0111avanju lije\u010denja va\u0161im specifi\u010dnim potrebama i osigurava optimalne rezultate.<\/p>\n<p>Pru\u017eatelji zdravstvenih usluga tako\u0111er igraju vitalnu ulogu u pra\u0107enju mogu\u0107ih interakcija lijekova. Obavijestite ih o svim drugim lijekovima ili dodacima koje uzimate kako biste sprije\u010dili nuspojave. Njihova stru\u010dnost neprocjenjiva je u snala\u017eenju u slo\u017eenosti lije\u010denja Propecijom.<\/p>\n<h2>Pravna pitanja za kupnju lijeka Propecia online<\/h2>\n<p>Kupnja lijeka Propecia online uklju\u010duje nekoliko pravnih pitanja. Va\u017eno je osigurati da je internetska ljekarna u skladu s propisima va\u0161e zemlje. U Ujedinjenom Kraljevstvu, na primjer, ljekarne moraju biti registrirane pri Op\u0107em farmaceutskom vije\u0107u (GPhC) ili sli\u010dnim regulatornim tijelima.<\/p>\n<p>Budite oprezni s web stranicama koje nude Propeciju bez recepta jer mogu raditi ilegalno. Kupnja od takvih izvora mo\u017ee rezultirati dobivanjem krivotvorenih lijekova i potencijalnim pravnim posljedicama. Uvijek dajte prednost sigurnosti i zakonitosti kada kupujete lijekove putem interneta.<\/p>\n<h2>Recenzije pacijenata i iskustva s online kupnjom Propecije<\/h2>\n<p>Recenzije pacijenata mogu pru\u017eiti vrijedan uvid u online kupnju Propecije. Mnogi korisnici izvje\u0161tavaju o pozitivnim iskustvima, isti\u010du\u0107i prakti\u010dnost i \u010desto ni\u017ee tro\u0161kove u usporedbi s tradicionalnim ljekarnama. Me\u0111utim, recenzije tako\u0111er mogu istaknuti potencijalne probleme kao \u0161to su odgo\u0111ena isporuka ili izazovi s korisni\u010dkom slu\u017ebom.<\/p>\n<p>Kada procjenjujete recenzije, uzmite u obzir i pozitivne i negativne povratne informacije kako biste dobili uravnote\u017eeno stajali\u0161te. Ove vas informacije mogu voditi u odabiru pouzdane mre\u017ene ljekarne i pripremi za sve mogu\u0107e prepreke u procesu kupnje.<\/p>\n<h2>Budu\u0107i trendovi u online kupnji lijekova<\/h2>\n<p>O\u010dekuje se da \u0107e mre\u017ena farmaceutska industrija zna\u010dajno rasti, potaknuta napretkom u digitalnim zdravstvenim tehnologijama i pove\u0107anjem preferencija potro\u0161a\u010da za prakti\u010dno\u0161\u0107u. Trendovi kao \u0161to su telemedicina, procjene zdravlja vo\u0111ene umjetnom inteligencijom i blockchain za pra\u0107enje autenti\u010dnosti lijeka postavljeni su za pobolj\u0161anje iskustva online kupnje.<\/p>\n<p>Kako se tehnologija razvija, tako \u0107e se razvijati i propisi i standardi koji reguliraju online prodaju lijekova. Informiranje o ovim promjenama bit \u0107e klju\u010dno za potro\u0161a\u010de kako bi donosili sigurne i informirane odluke pri online kupnji lijekova poput Propecije.<\/p>\n","protected":false},"excerpt":{"rendered":"<p>Kupnja Propecia Generic online: pregled, skladi\u0161tenje i ponovno punjenje Kupnja Propecia Generic online uklju\u010duje razumijevanje njegove upotrebe, osiguravanje sigurnosti pri kupnji, upravljanje dozom i razmatranje pravnih i tro\u0161kovno u\u010dinkovitih strategija. Razumijevanje Propecije: upotreba i dobrobiti Propecia, tako\u0111er poznata pod svojim generi\u010dkim imenom finasterid, prvenstveno se koristi za lije\u010denje mu\u0161ke \u0107elavosti. Djeluje tako da inhibira pretvorbu<\/p>\n<div><a class=\"btn-filled btn\" href=\"https:\/\/bouwstenenverhuur.brogt.nl\/index.php\/razumijevanje-propecije-upotreba-i-dobrobiti\/\" title=\"Razumijevanje Propecije: upotreba i dobrobiti\">Read More<\/a><\/div>\n","protected":false},"author":1,"featured_media":0,"parent":0,"menu_order":0,"comment_status":"closed","ping_status":"closed","template":"","meta":{"footnotes":""},"class_list":["post-55406","page","type-page","status-publish","hentry"],"_links":{"self":[{"href":"https:\/\/bouwstenenverhuur.brogt.nl\/index.php\/wp-json\/wp\/v2\/pages\/55406","targetHints":{"allow":["GET"]}}],"collection":[{"href":"https:\/\/bouwstenenverhuur.brogt.nl\/index.php\/wp-json\/wp\/v2\/pages"}],"about":[{"href":"https:\/\/bouwstenenverhuur.brogt.nl\/index.php\/wp-json\/wp\/v2\/types\/page"}],"author":[{"embeddable":true,"href":"https:\/\/bouwstenenverhuur.brogt.nl\/index.php\/wp-json\/wp\/v2\/users\/1"}],"replies":[{"embeddable":true,"href":"https:\/\/bouwstenenverhuur.brogt.nl\/index.php\/wp-json\/wp\/v2\/comments?post=55406"}],"version-history":[{"count":1,"href":"https:\/\/bouwstenenverhuur.brogt.nl\/index.php\/wp-json\/wp\/v2\/pages\/55406\/revisions"}],"predecessor-version":[{"id":55408,"href":"https:\/\/bouwstenenverhuur.brogt.nl\/index.php\/wp-json\/wp\/v2\/pages\/55406\/revisions\/55408"}],"wp:attachment":[{"href":"https:\/\/bouwstenenverhuur.brogt.nl\/index.php\/wp-json\/wp\/v2\/media?parent=55406"}],"curies":[{"name":"wp","href":"https:\/\/api.w.org\/{rel}","templated":true}]}}