{"id":55362,"date":"2026-03-25T01:05:54","date_gmt":"2026-03-25T01:05:54","guid":{"rendered":"https:\/\/bouwstenenverhuur.brogt.nl\/?page_id=55362"},"modified":"2026-03-25T01:05:54","modified_gmt":"2026-03-25T01:05:54","slug":"razumevanje-doksiciklina-uporaba-in-mehanizem","status":"publish","type":"page","link":"https:\/\/bouwstenenverhuur.brogt.nl\/index.php\/razumevanje-doksiciklina-uporaba-in-mehanizem\/","title":{"rendered":"Razumevanje doksiciklina: uporaba in mehanizem"},"content":{"rendered":"<h1>Doksiciklin in alkohol\/hrana: kaj je varno in kaj ne<\/h1>\n<p>Ta \u010dlanek raziskuje interakcije med doksiciklinom in alkoholom\/hrano ter ponuja vpogled v varnostne in prehranske vidike.<\/p>\n<h2>Razumevanje doksiciklina: uporaba in mehanizem<\/h2>\n<p>Doksiciklin je antibiotik \u0161irokega spektra, ki se obi\u010dajno predpisuje za zdravljenje razli\u010dnih bakterijskih oku\u017eb, vklju\u010dno z oku\u017ebami dihalnih poti, oku\u017ebami ko\u017ee in spolno prenosljivimi oku\u017ebami. Spada v razred tetraciklinskih antibiotikov in deluje tako, da zavira sintezo beljakovin v bakterijah ter u\u010dinkovito prepre\u010duje njihovo razmno\u017eevanje in \u0161irjenje. Zaradi svoje vsestranskosti se doksiciklin uporablja tudi pri prepre\u010devanju in zdravljenju malarije ter kot terapija za akne zaradi svojih protivnetnih lastnosti.<\/p>\n<p>Mehanizem delovanja vklju\u010duje vezavo na ribosomsko podenoto 30S bakterije, ki je klju\u010dna za sestavljanje beljakovin. Z vme\u0161avanjem v ta proces doksiciklin u\u010dinkovito ustavi rast bakterij in omogo\u010di imunskemu sistemu telesa, da se bori proti preostalim bakterijam. Njegova \u0161iroka uporaba v humani in veterinarski medicini poudarja njegov pomen na podro\u010dju zdravljenja nalezljivih bolezni.<\/p>\n<h2>Vpliv alkohola na u\u010dinkovitost doksiciklina<\/h2>\n<p>U\u017eivanje alkohola lahko vpliva na u\u010dinkovitost doksiciklina in potencialno zmanj\u0161a njegovo sposobnost za boj proti oku\u017ebam. To je posledica dejstva, da lahko alkohol inducira jetrne encime, odgovorne za presnovo zdravil, kar lahko povzro\u010di pospe\u0161eno razgradnjo doksiciklina in zmanj\u0161a njegovo koncentracijo v krvnem obtoku. Posledi\u010dno morda ne bodo dose\u017eene terapevtske ravni, potrebne za boj proti bakterijskim oku\u017ebam, kar vodi do neoptimalnih rezultatov zdravljenja.<\/p>\n<p>Poleg tega lahko alkohol zavre imunski sistem, kar dodatno ote\u017ei zdravljenje oku\u017eb. Medtem ko ob\u010dasno zmerno u\u017eivanje morda ne bo bistveno vplivalo na u\u010dinkovitost doksiciklina, kroni\u010dno ali veliko pitje pove\u010da tveganje za zmanj\u0161ano u\u010dinkovitost antibiotikov. Zato je na splo\u0161no priporo\u010dljivo omejiti u\u017eivanje alkohola med zdravljenjem z doksiciklinom.<\/p>\n<h2>Mo\u017eni stranski u\u010dinki me\u0161anja doksiciklina in alkohola<\/h2>\n<p>Me\u0161anje doksiciklina z alkoholom lahko povzro\u010di vrsto ne\u017eelenih u\u010dinkov, ki lahko poslab\u0161ajo nelagodje, povezano z zdravljenjem z antibiotiki. Pogosti ne\u017eeleni u\u010dinki doksiciklina vklju\u010dujejo slabost, bruhanje in razdra\u017een \u017eelodec, ki jih lahko alkohol okrepi. Poleg tega doksiciklin in alkohol predelata jetra, so\u010dasno u\u017eivanje pa lahko pove\u010da obremenitev tega organa, kar lahko s\u010dasoma povzro\u010di po\u0161kodbe jeter.<\/p>\n<p>Poleg tega lahko alkohol pove\u010da verjetnost pojava omotice in zaspanosti, stranskih u\u010dinkov, ki so obi\u010dajno povezani z doksiciklinom. Ta kombinacija lahko poslab\u0161a kognitivne in motori\u010dne funkcije, kar predstavlja tveganje, zlasti \u010de nekdo vozi ali upravlja s te\u017ekimi stroji. Zato je preudarno, da se izogibate ali zmanj\u0161ate u\u017eivanje alkohola, da prepre\u010dite te ne\u017eelene u\u010dinke.<\/p>\n<h2>Varno u\u017eivanje alkohola med jemanjem doksiciklina<\/h2>\n<p>\u010ceprav je popolna abstinenca od alkohola najvarnej\u0161i pristop pri jemanju doksiciklina, se lahko nekateri posamezniki odlo\u010dijo za zmerno u\u017eivanje alkohola. Za tiste, ki se odlo\u010dijo za pitje, je pomembno, da to po\u010dnejo odgovorno in pozorno spremljajo vse ne\u017eelene u\u010dinke. Zmernost na splo\u0161no pomeni omejitev vnosa na eno standardno pija\u010do na dan za \u017eenske in dve za mo\u0161ke, \u010deprav se stopnje individualne tolerance lahko razlikujejo.<\/p>\n<p>Bolniki morajo prav tako zagotoviti, da so dobro hidrirani in nahranjeni, saj lahko alkohol dehidrira telo in lahko poslab\u0161a stranske u\u010dinke, kot je slabost. \u010ce se pojavijo nenavadni simptomi, je priporo\u010dljivo prenehati z u\u017eivanjem alkohola in se posvetovati z zdravstvenim delavcem. Upo\u0161tevanje teh smernic lahko pomaga zmanj\u0161ati tveganja in hkrati ohraniti u\u010dinkovitost zdravljenja z doksiciklinom.<\/p>\n<h2>\u017divila, ki se jim je treba izogibati med jemanjem doksiciklina<\/h2>\n<p>Pri jemanju doksiciklina lahko nekatera \u017eivila motijo \u200b\u200bnjegovo absorpcijo in u\u010dinkovitost. \u017divila z visoko vsebnostjo kalcija, kot so mle\u010dni izdelki, se lahko ve\u017eejo na doksiciklin v \u017eelodcu in tvorijo netopen kompleks, ki ga telo ne more absorbirati. Ta interakcija zmanj\u0161a koli\u010dino aktivnih zdravil, ki so na voljo za zdravljenje oku\u017ebe. Zato je priporo\u010dljivo, da se v \u010dasu jemanja zdravila izogibate u\u017eivanju mle\u010dnih izdelkov.<\/p>\n<p>Poleg tega se je treba v <a href=\"https:\/\/virtualnalekarna.si\/narocilo-doksiciklin-brez-recepta\">https:\/\/virtualnalekarna.si\/narocilo-doksiciklin-brez-recepta<\/a> nekaj urah po jemanju doksiciklina izogibati \u017eivilom in dodatkom, bogatim z \u017eelezom, ter antacidom, ki vsebujejo aluminij, magnezij ali kalcij. Te snovi lahko povzro\u010dijo podobne te\u017eave z vezavo in zmanj\u0161ajo u\u010dinkovitost antibiotika. Za zagotovitev optimalne absorpcije je treba doksiciklin vzeti s polnim kozarcem vode na prazen \u017eelodec, razen \u010de vam zdravnik ne naro\u010di druga\u010de.<\/p>\n<h2>Vloga mle\u010dnih izdelkov pri absorpciji doksiciklina<\/h2>\n<p>Mle\u010dni izdelki zaradi visoke vsebnosti kalcija pomembno vplivajo na absorpcijo doksiciklina. Kalcij lahko kelatira z doksiciklinom in tvori neabsorpcijski kompleks, ki zavira absorpcijo zdravila v prebavilih. Ta interakcija je \u0161e posebej izrazita pri zau\u017eitju mle\u010dnih izdelkov v dveh urah po jemanju doksiciklina.<\/p>\n<p>Da bi pove\u010dali u\u010dinkovitost zdravila, je priporo\u010dljivo na\u010drtovati u\u017eivanje mle\u010dnih izdelkov dve uri pred ali po jemanju doksiciklina. Ta \u010dasovna vrzel omogo\u010da zadostno absorpcijo antibiotika brez motenj kalcija. Bolniki naj se posvetujejo s svojim zdravstvenim delavcem za osebni nasvet, zlasti \u010de so mle\u010dni izdelki glavna sestavina njihove prehrane.<\/p>\n<h2>Interakcije med doksiciklinom in drugimi zdravili<\/h2>\n<p>Doksiciklin lahko deluje z razli\u010dnimi drugimi zdravili, kar vpliva na njegovo u\u010dinkovitost in varnost. Na primer, antacidi in odvajala, ki vsebujejo magnezij, kalcij ali aluminij, lahko zmanj\u0161ajo absorpcijo doksiciklina. Podobno lahko zdravila, kot so antikoagulanti, zahtevajo prilagoditev odmerka, \u010de jih jemljete z doksiciklinom, saj lahko antibiotik okrepi njihove u\u010dinke.<\/p>\n<p>Poleg tega lahko doksiciklin zmanj\u0161a u\u010dinkovitost peroralnih kontraceptivov in pove\u010da tveganje za ne\u017eeleno nose\u010dnost. Bolniki se morajo o vseh trenutnih zdravilih pogovoriti s svojim zdravstvenim delavcem, da ugotovijo morebitne interakcije in ustrezno prilagodijo na\u010drte zdravljenja. Celovito razumevanje teh interakcij je klju\u010dnega pomena za prepre\u010devanje ne\u017eelenih u\u010dinkov in zagotavljanje u\u010dinkovitega zdravljenja.<\/p>\n<h2>Najbolj\u0161e prehranske prakse za uporabnike doksiciklina<\/h2>\n<p>Upo\u0161tevanje posebnih dietnih praks lahko pove\u010da u\u010dinkovitost zdravljenja z doksiciklinom. Zau\u017eitje antibiotika s polnim kozarcem vode je nujno, da prepre\u010dite dra\u017eenje po\u017eiralnika. Poleg tega ohranjanje zadostne hidracije \u010dez dan podpira splo\u0161no zdravje in pomaga ubla\u017eiti nekatere stranske u\u010dinke, povezane z doksiciklinom.<\/p>\n<p>Vklju\u010ditev uravnote\u017eene prehrane, bogate s sadjem, zelenjavo in polnozrnatimi izdelki, lahko podpre imunski sistem in pomaga pri okrevanju po oku\u017ebah. Medtem ko se je izogibanje mle\u010dnim izdelkom in \u017eivilom z visoko vsebnostjo kalcija v \u010dasu jemanja doksiciklina pomembno, lahko ta \u017eivila u\u017eivate ob razli\u010dnih urah dneva, da zagotovite prehransko ravnovesje. Posvetovanje s strokovnjakom za prehrano ali zdravstvenim delavcem lahko zagotovi prilagojene prehranske nasvete za dopolnitev zdravljenja z doksiciklinom.<\/p>\n<h2>Upravljanje ne\u017eelenih u\u010dinkov doksiciklina z dieto<\/h2>\n<p>Prehrana ima lahko pomembno vlogo pri obvladovanju ne\u017eelenih u\u010dinkov, povezanih z zdravljenjem z doksiciklinom. Na primer, u\u017eivanje ingverjevega \u010daja ali poprove mete lahko ubla\u017ei slabost, ki je pogost stranski u\u010dinek antibiotika. U\u017eivanje majhnih, pogostih obrokov namesto velikih lahko prav tako pomaga zmanj\u0161ati nelagodje v prebavilih.<\/p>\n<p>Tistim, ki imajo drisko, lahko vklju\u010ditev probiotikov ali fermentiranih \u017eivil, kot sta jogurt in kefir (zau\u017eita lo\u010deno od zdravil), pomaga obnoviti zdravo \u010drevesno floro. Ohranjanje hidracije in obnavljanje elektrolitov z u\u017eivanjem juh in mesnih juh lahko prav tako podpira okrevanje. S premi\u0161ljeno izbiro prehrane lahko bolniki zmanj\u0161ajo vpliv stranskih u\u010dinkov in izbolj\u0161ajo splo\u0161no po\u010dutje med zdravljenjem.<\/p>\n<h2>Strokovna mnenja o doksiciklinu in interakcijah med alkoholom in hrano<\/h2>\n<p>Zdravstveni delavci na splo\u0161no svetujejo previdnost pri kombiniranju doksiciklina z alkoholom in nekaterimi \u017eivili zaradi mo\u017enosti zmanj\u0161ane u\u010dinkovitosti in pove\u010danih ne\u017eelenih u\u010dinkov. Farmacevti in zdravniki poudarjajo pomen upo\u0161tevanja predpisanih smernic, kot je izogibanje mle\u010dnim izdelkom in prekomernemu u\u017eivanju alkohola, da zagotovimo optimalne rezultate zdravljenja.<\/p>\n<p>Strokovnjaki poudarjajo tudi pomen izobra\u017eevanja bolnikov o medsebojnem delovanju zdravil in vplivih prehrane. Z razumevanjem teh odtenkov so bolniki bolje opremljeni za u\u010dinkovito upravljanje svojih re\u017eimov zdravljenja. Teko\u010de raziskave \u0161e naprej zagotavljajo vpogled v zapletene interakcije med doksiciklinom, alkoholom in hrano, kar ponudnikom zdravstvenega varstva omogo\u010da, da izbolj\u0161ajo svoja priporo\u010dila za varno in u\u010dinkovito uporabo antibiotikov.<\/p>\n<h2>Pogosta vpra\u0161anja o doksiciklinu in prehrani<\/h2>\n<p>Bolniki imajo pogosto vpra\u0161anja o varni uporabi doksiciklina v povezavi z njihovo prehrano. Pogosta vpra\u0161anja vklju\u010dujejo, ali lahko u\u017eivajo mle\u010dne izdelke ali alkohol in kako obvladati morebitne stranske u\u010dinke. Mnogi se spra\u0161ujejo o \u010dasovni razporeditvi obrokov in zdravil za optimizacijo absorpcije in u\u010dinkovitosti.<\/p>\n<p>Ponudniki zdravstvenih storitev obi\u010dajno priporo\u010dajo izogibanje mle\u010dnim izdelkom v dveh urah po zau\u017eitju doksiciklina in zmerno u\u017eivanje alkohola. Paciente spodbujamo, da vzdr\u017eujejo odprto komunikacijo s svojimi izvajalci zdravstvenega varstva, da bi obravnavali morebitne pomisleke in prejeli prilagojen nasvet. Ta dialog je klju\u010dnega pomena za zagotavljanje upo\u0161tevanja zdravljenja in zmanj\u0161anje ne\u017eelenih u\u010dinkov.<\/p>\n<h2>\u0160tudije primerov: Izku\u0161nje z doksiciklinom in alkoholom\/hrano<\/h2>\n<p>\u0160tudije primerov iz resni\u010dnega \u017eivljenja nudijo dragocen vpogled v to, kako bolniki obvladujejo zdravljenje z doksiciklinom v povezavi s prehranskimi premisleki. En primer je vklju\u010deval bolnika, ki je do\u017eivel zmanj\u0161ano u\u010dinkovitost, ko je zau\u017eil mle\u010dne izdelke preblizu zdravil, kar je povzro\u010dilo dolgotrajne simptome oku\u017ebe. Prilagoditev \u010dasa u\u017eivanja mle\u010dnih izdelkov je privedla do bolj\u0161ih rezultatov.<\/p>\n<p>Drugi primer je izpostavil izzive obvladovanja ne\u017eelenih u\u010dinkov doksiciklina ob ohranjanju dru\u017eabnega \u017eivljenjskega sloga. Pacient je omejil u\u017eivanje alkohola na posebne prilo\u017enosti in ugotovil, da je ta pristop v kombinaciji s prilagoditvami prehrane, kot so ve\u010dja hidracija in uravnote\u017eeni obroki, pomagal zmanj\u0161ati stranske u\u010dinke in ohraniti dru\u017ebeno anga\u017eiranost.<\/p>\n<h2>Nasveti za pove\u010danje u\u010dinkovitosti doksiciklina<\/h2>\n<p>Da bi pove\u010dali u\u010dinkovitost doksiciklina, se morajo bolniki dr\u017eati predpisanih odmerkov in \u010dasovnega razporeda ter zagotoviti, da zdravilo vzamejo s polnim kozarcem vode. Izogibanje mle\u010dnim izdelkom in hrani z visoko vsebnostjo kalcija v \u010dasu odmerjanja je klju\u010dnega pomena za optimalno absorpcijo. Bolniki morajo tudi spremljati svoj odziv na zdravilo in o morebitnih ne\u017eelenih u\u010dinkih nemudoma poro\u010dati svojemu zdravstvenemu delavcu.<\/p>\n<p>Poleg tega ohranjanje zdravega na\u010dina \u017eivljenja z uravnote\u017eeno prehrano in ustrezno hidracijo podpira naravno obrambo telesa in pospe\u0161uje okrevanje. Redno spremljanje izvajalcev zdravstvenih storitev omogo\u010da prilagajanje na\u010drtov zdravljenja, kot je potrebno, kar zagotavlja, da zdravljenje z doksiciklinom ostane u\u010dinkovito in dobro prena\u0161a.<\/p>\n<h2>Dolgotrajna uporaba doksiciklina: prehranski vidiki<\/h2>\n<p>Za posameznike, ki potrebujejo dolgotrajno zdravljenje z doksiciklinom, kot so tisti s kroni\u010dnimi aknami ali ponavljajo\u010dimi se oku\u017ebami, postane prehranjevanje \u0161e pomembnej\u0161e. Stalna uporaba doksiciklina lahko povzro\u010di neravnovesje hranil, vklju\u010dno s pomanjkanjem kalcija in \u017eeleza, \u010de prehranskih omejitev ne upravljate ustrezno.<\/p>\n<p>Bolniki, ki dolgoro\u010dno jemljejo doksiciklin, morajo vklju\u010diti dieto, bogato s hranili, in lahko jim koristi ob\u010dasno posvetovanje s strokovnjakom za prehrano, da zagotovijo, da njihov vnos s hrano ustreza njihovim potrebam. Spremljanje znakov pomanjkanja hranil in ustrezno prilagajanje prehrane lahko pomaga ubla\u017eiti morebitne zdravstvene te\u017eave, povezane z dolgotrajno uporabo antibiotikov.<\/p>\n<h2>Kdaj se posvetovati z zdravstvenim delavcem o doksiciklinu in dieti<\/h2>\n<p>Posvetovanje z zdravstvenim delavcem je klju\u010dnega pomena pri uvedbi zdravljenja z doksiciklinom, zlasti \u010de \u017ee obstajajo prehranske omejitve ali \u010de ima bolnik resne ne\u017eelene u\u010dinke. \u010ce se pojavijo simptomi, kot so trdovratna slabost, bruhanje ali driska, je treba nemudoma poiskati zdravni\u0161ko pomo\u010d, da prepre\u010dite zaplete.<\/p>\n<p>Poleg tega morajo bolniki s kompleksnimi re\u017eimi zdravljenja ali tisti, ki redno u\u017eivajo alkohol, poiskati nasvet, da se izognejo interakcijam, ki bi lahko ogrozile zdravljenje. Odprta komunikacija z izvajalci zdravstvenih storitev zagotavlja hitro obravnavo vseh te\u017eav, kar omogo\u010da varno in u\u010dinkovito uporabo doksiciklina v povezavi s prehranskimi praksami.<\/p>\n","protected":false},"excerpt":{"rendered":"<p>Doksiciklin in alkohol\/hrana: kaj je varno in kaj ne Ta \u010dlanek raziskuje interakcije med doksiciklinom in alkoholom\/hrano ter ponuja vpogled v varnostne in prehranske vidike. Razumevanje doksiciklina: uporaba in mehanizem Doksiciklin je antibiotik \u0161irokega spektra, ki se obi\u010dajno predpisuje za zdravljenje razli\u010dnih bakterijskih oku\u017eb, vklju\u010dno z oku\u017ebami dihalnih poti, oku\u017ebami ko\u017ee in spolno prenosljivimi oku\u017ebami.<\/p>\n<div><a class=\"btn-filled btn\" href=\"https:\/\/bouwstenenverhuur.brogt.nl\/index.php\/razumevanje-doksiciklina-uporaba-in-mehanizem\/\" title=\"Razumevanje doksiciklina: uporaba in mehanizem\">Read More<\/a><\/div>\n","protected":false},"author":1,"featured_media":0,"parent":0,"menu_order":0,"comment_status":"closed","ping_status":"closed","template":"","meta":{"footnotes":""},"class_list":["post-55362","page","type-page","status-publish","hentry"],"_links":{"self":[{"href":"https:\/\/bouwstenenverhuur.brogt.nl\/index.php\/wp-json\/wp\/v2\/pages\/55362","targetHints":{"allow":["GET"]}}],"collection":[{"href":"https:\/\/bouwstenenverhuur.brogt.nl\/index.php\/wp-json\/wp\/v2\/pages"}],"about":[{"href":"https:\/\/bouwstenenverhuur.brogt.nl\/index.php\/wp-json\/wp\/v2\/types\/page"}],"author":[{"embeddable":true,"href":"https:\/\/bouwstenenverhuur.brogt.nl\/index.php\/wp-json\/wp\/v2\/users\/1"}],"replies":[{"embeddable":true,"href":"https:\/\/bouwstenenverhuur.brogt.nl\/index.php\/wp-json\/wp\/v2\/comments?post=55362"}],"version-history":[{"count":1,"href":"https:\/\/bouwstenenverhuur.brogt.nl\/index.php\/wp-json\/wp\/v2\/pages\/55362\/revisions"}],"predecessor-version":[{"id":55364,"href":"https:\/\/bouwstenenverhuur.brogt.nl\/index.php\/wp-json\/wp\/v2\/pages\/55362\/revisions\/55364"}],"wp:attachment":[{"href":"https:\/\/bouwstenenverhuur.brogt.nl\/index.php\/wp-json\/wp\/v2\/media?parent=55362"}],"curies":[{"name":"wp","href":"https:\/\/api.w.org\/{rel}","templated":true}]}}