{"id":55235,"date":"2026-03-25T00:34:08","date_gmt":"2026-03-25T00:34:08","guid":{"rendered":"https:\/\/bouwstenenverhuur.brogt.nl\/?page_id=55235"},"modified":"2026-03-25T00:34:08","modified_gmt":"2026-03-25T00:34:08","slug":"przeglad-alergii-leki-na-przeziebienie","status":"publish","type":"page","link":"https:\/\/bouwstenenverhuur.brogt.nl\/index.php\/przeglad-alergii-leki-na-przeziebienie\/","title":{"rendered":"Przegl\u0105d alergii &amp; Leki na przezi\u0119bienie"},"content":{"rendered":"<h1>Alergia &amp; leki na przezi\u0119bienie, kt\u00f3re sprzedajemy: mo\u017cliwo\u015bci ulgi i przestrogi: ramy czasowe i oczekiwane rezultaty<\/h1>\n<p>Zrozumienie r\u00f3\u017cnorodno\u015bci dost\u0119pnych lek\u00f3w na alergie i przezi\u0119bienie, ich sk\u0142adnik\u00f3w, skuteczno\u015bci i bezpiecznego stosowania jest niezb\u0119dne do opanowania objaw\u00f3w i osi\u0105gni\u0119cia ulgi.<\/p>\n<h2>Przegl\u0105d alergii &amp; Leki na przezi\u0119bienie<\/h2>\n<p>Leki na alergi\u0119 i przezi\u0119bienie to niezb\u0119dne narz\u0119dzia w walce z dyskomfortem spowodowanym zmianami sezonowymi, czynnikami \u015brodowiskowymi i infekcjami wirusowymi. Leki te mog\u0105 pom\u00f3c z\u0142agodzi\u0107 objawy, takie jak kichanie, przekrwienie, katar i sw\u0119dzenie oczu, umo\u017cliwiaj\u0105c pacjentom wykonywanie codziennych czynno\u015bci przy minimalnych zak\u0142\u00f3ceniach. Rynek tych lek\u00f3w jest ogromny i oferuje szereg opcji dostosowanych do konkretnych objaw\u00f3w i preferencji u\u017cytkownika, w tym tabletki, syropy i aerozole do nosa.<\/p>\n<p>Wybieraj\u0105c odpowiedni lek, wa\u017cne jest zrozumienie konkretnych objaw\u00f3w, kt\u00f3rych do\u015bwiadczasz, oraz sk\u0142adnik\u00f3w aktywnych, kt\u00f3re dzia\u0142aj\u0105 na te objawy. Ponadto przy wyborze leczenia nale\u017cy wzi\u0105\u0107 pod uwag\u0119 takie kwestie, jak wiek, istniej\u0105ce schorzenia i potencjalne interakcje z innymi lekami. Maj\u0105c odpowiednie informacje, konsumenci mog\u0105 porusza\u0107 si\u0119 po szerokiej gamie dost\u0119pnych produkt\u00f3w, aby znale\u017a\u0107 najskuteczniejsze rozwi\u0105zanie odpowiadaj\u0105ce ich potrzebom.<\/p>\n<h2>Typowe sk\u0142adniki w alergii &amp; Leki na przezi\u0119bienie<\/h2>\n<p>Leki na alergi\u0119 i przezi\u0119bienie zazwyczaj zawieraj\u0105 r\u00f3\u017cnorodne sk\u0142adniki aktywne, kt\u00f3rych zadaniem jest zwalczanie okre\u015blonych objaw\u00f3w. Leki przeciwhistaminowe, takie jak difenhydramina i loratadyna, s\u0105 powszechnie stosowane w celu \u0142agodzenia reakcji alergicznych poprzez blokowanie histaminy \u2013 substancji chemicznej wytwarzanej przez organizm w odpowiedzi na alergeny. Leki obkurczaj\u0105ce b\u0142on\u0119 \u015bluzow\u0105, takie jak pseudoefedryna i fenylefryna, stosowane s\u0105 w celu zmniejszenia przekrwienia b\u0142ony \u015bluzowej nosa poprzez obkurczenie obrz\u0119kni\u0119tych naczy\u0144 krwiono\u015bnych w drogach nosowych.<\/p>\n<p>Inne sk\u0142adniki, kt\u00f3re mo\u017cesz napotka\u0107, to leki przeciwkaszlowe, takie jak dekstrometorfan, kt\u00f3re pomagaj\u0105 zmniejszy\u0107 potrzeb\u0119 kaszlu, oraz \u015brodki wykrztu\u015bne, takie jak gwajafenezyna, kt\u00f3re rozrzedzaj\u0105 \u015bluz i u\u0142atwiaj\u0105 jego wydalanie. Zrozumienie tych sk\u0142adnik\u00f3w pomaga w wyborze lek\u00f3w, kt\u00f3re skutecznie za\u0142agodz\u0105 objawy, bez zb\u0119dnych sk\u0142adnik\u00f3w, kt\u00f3re mog\u0105 powodowa\u0107 dzia\u0142ania niepo\u017c\u0105dane lub interakcje.<\/p>\n<h2>Szybko dzia\u0142aj\u0105ce opcje \u0142agodzenia alergii<\/h2>\n<p>Dla os\u00f3b poszukuj\u0105cych szybkiej ulgi w objawach alergii, szybko dzia\u0142aj\u0105ce leki mog\u0105 by\u0107 nieocenione. Aerozole do nosa zawieraj\u0105ce kortykosteroidy, takie jak flutykazon, zapewniaj\u0105 szybk\u0105 ulg\u0119, zmniejszaj\u0105c stan zapalny w drogach nosowych. S\u0105 one cz\u0119sto zalecane osobom cierpi\u0105cym na powa\u017cne przekrwienie i podra\u017cnienie nosa.<\/p>\n<p>Podobnie leki przeciwhistaminowe, takie jak cetyryzyna i feksofenadyna, oferuj\u0105 szybki pocz\u0105tek dzia\u0142ania, a niekt\u00f3re preparaty zaczynaj\u0105 dzia\u0142a\u0107 w ci\u0105gu godziny od spo\u017cycia. Leki te s\u0105 szczeg\u00f3lnie przydatne w okresie alergii, gdy konieczne jest natychmiastowe z\u0142agodzenie objaw\u00f3w w celu utrzymania jako\u015bci \u017cycia i produktywno\u015bci.<\/p>\n<h2>Skuteczne leczenie objaw\u00f3w przezi\u0119bienia<\/h2>\n<p>Skuteczne leczenie objaw\u00f3w przezi\u0119bienia cz\u0119sto obejmuje podej\u015bcie obejmuj\u0105ce wiele objaw\u00f3w. Wiele lek\u00f3w na przezi\u0119bienie \u0142\u0105czy sk\u0142adniki, aby z\u0142agodzi\u0107 szereg objaw\u00f3w, takich jak przekrwienie, b\u00f3l g\u0142owy i b\u00f3l gard\u0142a. Produkty zawieraj\u0105ce acetaminofen lub ibuprofen mog\u0105 by\u0107 pomocne w obni\u017caniu gor\u0105czki i \u0142agodzeniu b\u00f3l\u00f3w cia\u0142a, jednocze\u015bnie \u0142agodz\u0105c przekrwienie nosa za pomoc\u0105 leku obkurczaj\u0105cego.<\/p>\n<p>Innym skutecznym sposobem leczenia przezi\u0119bienia s\u0105 spraye do nosa z sol\u0105 fizjologiczn\u0105, kt\u00f3re pomagaj\u0105 nawil\u017cy\u0107 kana\u0142y nosowe i zmniejszy\u0107 przekrwienie bez stosowania lek\u00f3w. W przypadku b\u00f3lu gard\u0142a, chwilow\u0105 ulg\u0119 mog\u0105 przynie\u015b\u0107 pastylki do ssania i spraye do gard\u0142a zawieraj\u0105ce \u015brodki antyseptyczne lub \u0142agodne \u015brodki znieczulaj\u0105ce, u\u0142atwiaj\u0105ce wygodne jedzenie i m\u00f3wienie.<\/p>\n<h2>Zrozumienie lek\u00f3w przeciwhistaminowych na alergie<\/h2>\n<p>Leki przeciwhistaminowe stanowi\u0105 pierwsz\u0105 lini\u0119 obrony przed alergiami, dzia\u0142aj\u0105 poprzez hamowanie dzia\u0142ania histaminy \u2013 substancji wyst\u0119puj\u0105cej w organizmie, kt\u00f3ra wywo\u0142uje objawy alergii. Leki przeciwhistaminowe pierwszej generacji, takie jak difenhydramina, s\u0105 skuteczne, ale cz\u0119sto powoduj\u0105 senno\u015b\u0107, przez co nie nadaj\u0105 si\u0119 do stosowania w ci\u0105gu dnia.<\/p>\n<p>Leki przeciwhistaminowe drugiej generacji, w <a href=\"https:\/\/komfortzdrowia.com\/\">Komfort Zdrowia<\/a> tym loratadyna i cetyryzyna, zosta\u0142y opracowane w celu zmniejszenia skutk\u00f3w ubocznych, takich jak senno\u015b\u0107, przy jednoczesnym zachowaniu skuteczno\u015bci. S\u0105 one preferowane do stosowania w ci\u0105gu dnia i s\u0105 dost\u0119pne zar\u00f3wno w formie bez recepty, jak i na recept\u0119, oferuj\u0105c elastyczno\u015b\u0107 w zale\u017cno\u015bci od nasilenia objaw\u00f3w i potrzeb pacjenta.<\/p>\n<h2>Leki obkurczaj\u0105ce b\u0142on\u0119 \u015bluzow\u0105: jak dzia\u0142aj\u0105 i kiedy je stosowa\u0107<\/h2>\n<p>Leki obkurczaj\u0105ce b\u0142on\u0119 \u015bluzow\u0105 maj\u0105 na celu z\u0142agodzenie zatkanego nosa poprzez zw\u0119\u017cenie naczy\u0144 krwiono\u015bnych w kana\u0142ach nosowych, zmniejszaj\u0105c w ten spos\u00f3b obrz\u0119k i otwieraj\u0105c drogi oddechowe. Powszechnie stosowane leki obkurczaj\u0105ce b\u0142on\u0119 \u015bluzow\u0105 obejmuj\u0105 pseudoefedryn\u0119 i fenylefryn\u0119, obie skuteczne, ale mog\u0105 powodowa\u0107 dzia\u0142ania niepo\u017c\u0105dane, takie jak przyspieszenie akcji serca i bezsenno\u015b\u0107.<\/p>\n<p>Leki te s\u0105 najbardziej odpowiednie do kr\u00f3tkotrwa\u0142ego stosowania, szczeg\u00f3lnie gdy przekrwienie jest na tyle powa\u017cne, \u017ce zak\u0142\u00f3ca codzienne czynno\u015bci lub sen. Wa\u017cne jest, aby przestrzega\u0107 zalecanych dawek i czasu stosowania, poniewa\u017c d\u0142ugotrwa\u0142e stosowanie mo\u017ce prowadzi\u0107 do zastoju z odbicia, podczas kt\u00f3rego objawy nasilaj\u0105 si\u0119 po zaprzestaniu stosowania leku.<\/p>\n<h2>Alergia mieszana &amp; Leki na przezi\u0119bienie<\/h2>\n<p>Leki skojarzone oferuj\u0105 wygod\u0119 leczenia wielu objaw\u00f3w za pomoc\u0105 jednego produktu. Zazwyczaj obejmuj\u0105 one mieszank\u0119 lek\u00f3w przeciwhistaminowych, lek\u00f3w obkurczaj\u0105cych b\u0142on\u0119 \u015bluzow\u0105, a czasami \u015brodk\u00f3w przeciwb\u00f3lowych, dzi\u0119ki czemu u\u017cytkownicy mog\u0105 jednocze\u015bnie leczy\u0107 objawy alergii i przezi\u0119bienia. Popularne marki cz\u0119sto oferuj\u0105 preparaty na dzie\u0144 i na noc, aby zaspokoi\u0107 r\u00f3\u017cne potrzeby w ci\u0105gu dnia.<\/p>\n<p>Jednak\u017ce, chocia\u017c leki skojarzone s\u0105 wygodne, mog\u0105 nie by\u0107 odpowiednie dla ka\u017cdego. Zrozumienie poszczeg\u00f3lnych sk\u0142adnik\u00f3w i ich dzia\u0142ania jest niezwykle istotne, zw\u0142aszcza je\u015bli cierpisz na inne schorzenia lub za\u017cywasz dodatkowe leki. Konsultacja z lekarzem mo\u017ce pom\u00f3c w ustaleniu, czy lek z\u0142o\u017cony jest odpowiedni w Twojej sytuacji.<\/p>\n<h2>Potencjalne skutki uboczne i przestrogi<\/h2>\n<p>Chocia\u017c leki na alergi\u0119 i przezi\u0119bienie s\u0105 og\u00f3lnie bezpieczne, je\u015bli s\u0105 stosowane zgodnie z zaleceniami, mog\u0105 powodowa\u0107 dzia\u0142ania niepo\u017c\u0105dane. Cz\u0119ste dzia\u0142ania niepo\u017c\u0105dane lek\u00f3w przeciwhistaminowych obejmuj\u0105 senno\u015b\u0107, sucho\u015b\u0107 w ustach i zawroty g\u0142owy, podczas gdy leki zmniejszaj\u0105ce przekrwienie mog\u0105 powodowa\u0107 bezsenno\u015b\u0107, nerwowo\u015b\u0107 i podwy\u017cszone ci\u015bnienie krwi. Wa\u017cne jest, aby mie\u0107 \u015bwiadomo\u015b\u0107 tych potencjalnych reakcji i zachowa\u0107 ostro\u017cno\u015b\u0107, szczeg\u00f3lnie podczas prowadzenia pojazd\u00f3w i obs\u0142ugiwania maszyn.<\/p>\n<p>W przypadku os\u00f3b cierpi\u0105cych na przewlek\u0142e schorzenia, takie jak nadci\u015bnienie lub choroby serca, niekt\u00f3re leki mog\u0105 zaostrza\u0107 objawy lub wchodzi\u0107 w interakcje z innymi metodami leczenia. Zawsze uwa\u017cnie czytaj etykiety i skonsultuj si\u0119 z pracownikiem s\u0142u\u017cby zdrowia, je\u015bli masz w\u0105tpliwo\u015bci dotycz\u0105ce interakcji lub skutk\u00f3w ubocznych.<\/p>\n<h2>Terminy alergii &amp; Skuteczno\u015b\u0107 leku na przezi\u0119bienie<\/h2>\n<p>Skuteczno\u015b\u0107 lek\u00f3w na alergi\u0119 i przezi\u0119bienie mo\u017ce si\u0119 r\u00f3\u017cni\u0107 w zale\u017cno\u015bci od sk\u0142adnik\u00f3w aktywnych i indywidualnej reakcji. Leki przeciwhistaminowe zwykle zaczynaj\u0105 dzia\u0142a\u0107 w ci\u0105gu jednej do dw\u00f3ch godzin, a niekt\u00f3re preparaty zapewniaj\u0105 ulg\u0119 do 24 godzin. Leki zmniejszaj\u0105ce przekrwienie r\u00f3wnie\u017c dzia\u0142aj\u0105 szybko, cz\u0119sto \u0142agodz\u0105c objawy w ci\u0105gu 30 minut do godziny.<\/p>\n<p>Pe\u0142ne dzia\u0142anie kortykosteroid\u00f3w w aerozolu do nosa mo\u017ce wymaga\u0107 d\u0142u\u017cszego czasu, a czasami wymaga kilku dni konsekwentnego stosowania, aby osi\u0105gn\u0105\u0107 maksymalne korzy\u015bci. Zrozumienie tych harmonogram\u00f3w pomaga w planowaniu schematu leczenia, zapewniaj\u0105c przyj\u0119cie odpowiedniego produktu we w\u0142a\u015bciwym czasie w celu uzyskania optymalnej ulgi.<\/p>\n<h2>Zarz\u0105dzanie przewlek\u0142ymi objawami alergii za pomoc\u0105 lek\u00f3w<\/h2>\n<p>W przypadku os\u00f3b cierpi\u0105cych na przewlek\u0142e alergie leczenie objaw\u00f3w cz\u0119sto wi\u0105\u017ce si\u0119 z d\u0142ugoterminow\u0105 strategi\u0105 obejmuj\u0105c\u0105 zar\u00f3wno przyjmowanie lek\u00f3w, jak i zmian\u0119 stylu \u017cycia. Codzienne stosowanie lek\u00f3w przeciwhistaminowych lub kortykosteroid\u00f3w donosowych mo\u017ce pom\u00f3c w utrzymaniu kontroli nad objawami i zapobieganiu nawrotom. W miar\u0119 mo\u017cliwo\u015bci korzystne jest tak\u017ce identyfikowanie i unikanie okre\u015blonych czynnik\u00f3w wyzwalaj\u0105cych alergie.<\/p>\n<p>W niekt\u00f3rych przypadkach mo\u017cna zaleci\u0107 zastrzyki alergiczne (immunoterapia) w celu stopniowego odczulania organizmu na alergeny. Takie podej\u015bcie wymaga zaanga\u017cowania, ale mo\u017ce zapewni\u0107 znaczn\u0105 d\u0142ugoterminow\u0105 ulg\u0119 osobom z ci\u0119\u017ckimi lub uporczywymi alergiami.<\/p>\n<h2>Bezpieczne stosowanie alergii dost\u0119pnych bez recepty &amp; Leki na przezi\u0119bienie<\/h2>\n<p>Leki na alergi\u0119 i przezi\u0119bienie dost\u0119pne bez recepty zapewniaj\u0105 wygodny dost\u0119p do pomocy, ale nale\u017cy je stosowa\u0107 odpowiedzialnie, aby zapewni\u0107 bezpiecze\u0144stwo. Zawsze post\u0119puj zgodnie z instrukcj\u0105 dawkowania i nie przekraczaj zalecanej dawki, poniewa\u017c mo\u017ce to zwi\u0119kszy\u0107 ryzyko wyst\u0105pienia dzia\u0142a\u0144 niepo\u017c\u0105danych lub toksyczno\u015bci.<\/p>\n<p>Wa\u017cne jest r\u00f3wnie\u017c, aby mie\u0107 \u015bwiadomo\u015b\u0107 aktywnych sk\u0142adnik\u00f3w wielu lek\u00f3w, aby unikn\u0105\u0107 niezamierzonego przedawkowania. Na przyk\u0142ad przyjmowanie oddzielnych produkt\u00f3w zawieraj\u0105cych acetaminofen mo\u017ce prowadzi\u0107 do uszkodzenia w\u0105troby. Czytanie etykiet i \u015bledzenie tego, co zosta\u0142o zabrane, jest niezb\u0119dne dla bezpiecznego stosowania.<\/p>\n<h2>Kiedy skonsultowa\u0107 si\u0119 z pracownikiem s\u0142u\u017cby zdrowia<\/h2>\n<p>Chocia\u017c wiele objaw\u00f3w alergii i przezi\u0119bienia mo\u017cna z\u0142agodzi\u0107 za pomoc\u0105 lek\u00f3w OTC, zdarzaj\u0105 si\u0119 sytuacje, w kt\u00f3rych konieczna jest profesjonalna porada. Je\u015bli objawy utrzymuj\u0105 si\u0119 d\u0142u\u017cej ni\u017c tydzie\u0144, nasilaj\u0105 si\u0119 lub towarzyszy im wysoka gor\u0105czka, zaleca si\u0119 zg\u0142osi\u0107 si\u0119 do lekarza. Ponadto, je\u015bli wyst\u0105pi\u0105 nietypowe skutki uboczne lub masz w\u0105tpliwo\u015bci dotycz\u0105ce interakcji lek\u00f3w, m\u0105drze jest skonsultowa\u0107 si\u0119 z lekarzem.<\/p>\n<p>W przypadku os\u00f3b cierpi\u0105cych na choroby przewlek\u0142e oraz kobiet w ci\u0105\u017cy i karmi\u0105cych piersi\u0105 om\u00f3wienie mo\u017cliwo\u015bci leczenia z pracownikiem s\u0142u\u017cby zdrowia gwarantuje, \u017ce wybrane leki b\u0119d\u0105 bezpieczne i odpowiednie w ich konkretnej sytuacji.<\/p>\n<h2>Naturalne i alternatywne \u015brodki na alergie i przezi\u0119bienia<\/h2>\n<p>Opr\u00f3cz konwencjonalnych lek\u00f3w, niekt\u00f3rzy ludzie si\u0119gaj\u0105 po naturalne i alternatywne \u015brodki na alergi\u0119 i przezi\u0119bienie. Opcje takie jak p\u0142ukanki do nosa z sol\u0105 fizjologiczn\u0105, lokalny mi\u00f3d i herbaty zio\u0142owe, takie jak rumianek i mi\u0119ta pieprzowa, s\u0105 popularne ze wzgl\u0119du na ich w\u0142a\u015bciwo\u015bci \u0142agodz\u0105ce i minimalne skutki uboczne.<\/p>\n<p>Aromaterapia olejkami eterycznymi, takimi jak eukaliptus i lawenda, a tak\u017ce praktyki takie jak akupunktura mog\u0105 r\u00f3wnie\u017c z\u0142agodzi\u0107 objawy i zrelaksowa\u0107 si\u0119. Chocia\u017c te alternatywy mog\u0105 by\u0107 skuteczne dla niekt\u00f3rych, powinny one uzupe\u0142nia\u0107, a nie zast\u0119powa\u0107 ustalone metody leczenia, szczeg\u00f3lnie w przypadku ci\u0119\u017ckich objaw\u00f3w.<\/p>\n<h2>Sezonowe rozwa\u017cania na temat alergii &amp; Leki na przezi\u0119bienie<\/h2>\n<p>Objawy alergii i przezi\u0119bienia cz\u0119sto r\u00f3\u017cni\u0105 si\u0119 w zale\u017cno\u015bci od pory roku, co wymaga dostosowania strategii leczenia. Wiosna i jesie\u0144, gdy st\u0119\u017cenie py\u0142k\u00f3w jest wysokie, wymagaj\u0105 wzmo\u017conej czujno\u015bci i ewentualnie stosowania lek\u00f3w zapobiegawczych, takich jak codzienne leki przeciwhistaminowe lub aerozole do nosa.<\/p>\n<p>Zim\u0105 cz\u0119\u015bciej wyst\u0119puj\u0105 wirusy przezi\u0119bienia i grypy, dlatego wa\u017cne jest wzmocnienie uk\u0142adu odporno\u015bciowego poprzez odpowiedni odpoczynek, od\u017cywianie i ewentualnie suplementy witaminowe. Bycie proaktywnym i dostosowywanie schematu leczenia do zmian sezonowych mo\u017ce pom\u00f3c w utrzymaniu komfortu i zdrowia przez ca\u0142y rok.<\/p>\n<h2>Cz\u0119sto zadawane pytania dotycz\u0105ce alergii &amp; Leki na przezi\u0119bienie<\/h2>\n<p>Konsumenci cz\u0119sto maj\u0105 pytania dotycz\u0105ce stosowania i bezpiecze\u0144stwa lek\u00f3w na alergi\u0119 i przezi\u0119bienie. Cz\u0119sto zadawane pytania dotycz\u0105 czasu dzia\u0142ania lek\u00f3w, tego, czy mo\u017cna bezpiecznie \u0142\u0105czy\u0107 wiele terapii i co zrobi\u0107, je\u015bli objawy nie ust\u0119puj\u0105. Zrozumienie tych aspekt\u00f3w ma kluczowe znaczenie dla skutecznej samoopieki i leczenia objaw\u00f3w.<\/p>\n<p>Ludzie zastanawiaj\u0105 si\u0119 tak\u017ce nad r\u00f3\u017cnicami mi\u0119dzy produktami dost\u0119pnymi na recept\u0119 i bez recepty, mo\u017cliwo\u015bci\u0105 uzale\u017cnienia od niekt\u00f3rych lek\u00f3w oraz tym, jak bezpiecznie stosowa\u0107 te produkty u dzieci. Rozwi\u0105zanie tych problem\u00f3w poprzez konsultacje ze \u015bwiadczeniodawcami i przegl\u0105d wiarygodnych zasob\u00f3w mo\u017ce zapewni\u0107 jasno\u015b\u0107 i pewno\u015b\u0107 w leczeniu objaw\u00f3w alergii i przezi\u0119bienia.<\/p>\n","protected":false},"excerpt":{"rendered":"<p>Alergia &amp; leki na przezi\u0119bienie, kt\u00f3re sprzedajemy: mo\u017cliwo\u015bci ulgi i przestrogi: ramy czasowe i oczekiwane rezultaty Zrozumienie r\u00f3\u017cnorodno\u015bci dost\u0119pnych lek\u00f3w na alergie i przezi\u0119bienie, ich sk\u0142adnik\u00f3w, skuteczno\u015bci i bezpiecznego stosowania jest niezb\u0119dne do opanowania objaw\u00f3w i osi\u0105gni\u0119cia ulgi. Przegl\u0105d alergii &amp; Leki na przezi\u0119bienie Leki na alergi\u0119 i przezi\u0119bienie to niezb\u0119dne narz\u0119dzia w walce z<\/p>\n<div><a class=\"btn-filled btn\" href=\"https:\/\/bouwstenenverhuur.brogt.nl\/index.php\/przeglad-alergii-leki-na-przeziebienie\/\" title=\"Przegl\u0105d alergii &amp; Leki na przezi\u0119bienie\">Read More<\/a><\/div>\n","protected":false},"author":1,"featured_media":0,"parent":0,"menu_order":0,"comment_status":"closed","ping_status":"closed","template":"","meta":{"footnotes":""},"class_list":["post-55235","page","type-page","status-publish","hentry"],"_links":{"self":[{"href":"https:\/\/bouwstenenverhuur.brogt.nl\/index.php\/wp-json\/wp\/v2\/pages\/55235","targetHints":{"allow":["GET"]}}],"collection":[{"href":"https:\/\/bouwstenenverhuur.brogt.nl\/index.php\/wp-json\/wp\/v2\/pages"}],"about":[{"href":"https:\/\/bouwstenenverhuur.brogt.nl\/index.php\/wp-json\/wp\/v2\/types\/page"}],"author":[{"embeddable":true,"href":"https:\/\/bouwstenenverhuur.brogt.nl\/index.php\/wp-json\/wp\/v2\/users\/1"}],"replies":[{"embeddable":true,"href":"https:\/\/bouwstenenverhuur.brogt.nl\/index.php\/wp-json\/wp\/v2\/comments?post=55235"}],"version-history":[{"count":1,"href":"https:\/\/bouwstenenverhuur.brogt.nl\/index.php\/wp-json\/wp\/v2\/pages\/55235\/revisions"}],"predecessor-version":[{"id":55237,"href":"https:\/\/bouwstenenverhuur.brogt.nl\/index.php\/wp-json\/wp\/v2\/pages\/55235\/revisions\/55237"}],"wp:attachment":[{"href":"https:\/\/bouwstenenverhuur.brogt.nl\/index.php\/wp-json\/wp\/v2\/media?parent=55235"}],"curies":[{"name":"wp","href":"https:\/\/api.w.org\/{rel}","templated":true}]}}