{"id":55179,"date":"2026-03-25T00:20:32","date_gmt":"2026-03-25T00:20:32","guid":{"rendered":"https:\/\/bouwstenenverhuur.brogt.nl\/?page_id=55179"},"modified":"2026-03-25T00:20:32","modified_gmt":"2026-03-25T00:20:32","slug":"bezne-skusenosti-s-amoxicilinom","status":"publish","type":"page","link":"https:\/\/bouwstenenverhuur.brogt.nl\/index.php\/bezne-skusenosti-s-amoxicilinom\/","title":{"rendered":"Be\u017en\u00e9 sk\u00fasenosti s amoxicil\u00ednom"},"content":{"rendered":"<h1>Pr\u00edbehy pacientov: \u010do \u013eudia hl\u00e1sia o amoxicil\u00edne<\/h1>\n<p>Sk\u00famanie pr\u00edbehov pacientov odha\u013euje \u0161irok\u00fa \u0161k\u00e1lu sk\u00fasenost\u00ed s amoxicil\u00ednom, od pozit\u00edvnych v\u00fdsledkov a\u017e po probl\u00e9my s ved\u013eaj\u0161\u00edmi \u00fa\u010dinkami a alergiami.<\/p>\n<h2>Be\u017en\u00e9 sk\u00fasenosti s amoxicil\u00ednom<\/h2>\n<p>Amoxicil\u00edn, \u0161iroko predpisovan\u00e9 antibiotikum, sa be\u017ene pou\u017e\u00edva na lie\u010dbu r\u00f4znych bakteri\u00e1lnych infekci\u00ed. Mnoh\u00ed pacienti hl\u00e1sia pocit \u00fa\u013eavy v priebehu nieko\u013ek\u00fdch dn\u00ed po za\u010dat\u00ed lie\u010dby, najm\u00e4 pri stavoch, ako je sinusit\u00edda, u\u0161n\u00e9 infekcie a bronchit\u00edda. \u010casto sa zd\u00f4raz\u0148uje r\u00fdchly \u00fa\u010dinok lieku, pri\u010dom pacienti zaznamen\u00e1vaj\u00fa v\u00fdznamn\u00e9 zn\u00ed\u017eenie sympt\u00f3mov, ako je hor\u00fa\u010dka a boles\u0165.<\/p>\n<p>Sk\u00fasenosti sa v\u0161ak m\u00f4\u017eu l\u00ed\u0161i\u0165. Niektor\u00ed jedinci uv\u00e1dzaj\u00fa mierne ved\u013eaj\u0161ie \u00fa\u010dinky, ktor\u00e9 m\u00f4\u017eu by\u0165 nepr\u00edjemn\u00e9, ale zvl\u00e1dnute\u013en\u00e9, ako s\u00fa z\u00e1vraty alebo mierna nevo\u013enos\u0165. Napriek t\u00fdmto men\u0161\u00edm nepr\u00edjemnostiam m\u00e1 celkov\u00fd sentiment pacientov tendenciu nakloni\u0165 sa pozit\u00edvne, pri\u010dom mnoh\u00ed vyjadruj\u00fa spokojnos\u0165 s \u00fa\u010dinnos\u0165ou antibiotika pri r\u00fdchlom odstra\u0148ovan\u00ed infekci\u00ed.<\/p>\n<h2>Pozit\u00edvne v\u00fdsledky lie\u010dby amoxicil\u00ednom<\/h2>\n<p>Pacienti \u010dasto opisuj\u00fa podstatn\u00e9 zlep\u0161enie svojho zdravia po k\u00fare amoxicil\u00ednu. Pre t\u00fdch, ktor\u00ed trpia z\u00e1va\u017en\u00fdmi bakteri\u00e1lnymi infekciami, sa antibiotik\u00e1 \u010dasto uk\u00e1\u017eu ako prevratn\u00e9. Mnoh\u00ed uv\u00e1dzaj\u00fa, \u017ee sa po prv\u00fdch d\u00e1vkach c\u00edtia v\u00fdrazne lep\u0161ie a oce\u0148uj\u00fa r\u00fdchle obnovenie svojich be\u017en\u00fdch denn\u00fdch aktiv\u00edt.<\/p>\n<p>Pozit\u00edvne pr\u00edbehy sa \u010dasto objavuj\u00fa od t\u00fdch, ktor\u00ed bojovali s pretrv\u00e1vaj\u00facimi infekciami. T\u00edto pacienti opisuj\u00fa amoxicil\u00edn ako spo\u013eahliv\u00fa mo\u017enos\u0165, ktor\u00e1 kone\u010dne vyrie\u0161ila dlhotrvaj\u00face probl\u00e9my. T\u00e1to konzistentn\u00e1 \u00fa\u010dinnos\u0165 prispieva k tomu, \u017ee zost\u00e1va prvou vo\u013ebou lie\u010dby pre mnoh\u00fdch poskytovate\u013eov zdravotnej starostlivosti.<\/p>\n<h2>Ved\u013eaj\u0161ie \u00fa\u010dinky hl\u00e1sen\u00e9 pou\u017e\u00edvate\u013emi amoxicil\u00ednu<\/h2>\n<p>Napriek svojej \u00fa\u010dinnosti nie je Amoxicil\u00edn bez ved\u013eaj\u0161\u00edch \u00fa\u010dinkov. Naj\u010dastej\u0161ie hl\u00e1sen\u00e9 probl\u00e9my zah\u0155\u0148aj\u00fa gastrointestin\u00e1lne poruchy, ako je hna\u010dka, nevo\u013enos\u0165 a abdomin\u00e1lny diskomfort. Tieto ved\u013eaj\u0161ie \u00fa\u010dinky s\u00fa vo v\u0161eobecnosti mierne a maj\u00fa tendenciu ust\u00fapi\u0165 po ukon\u010den\u00ed lie\u010dby.<\/p>\n<p>Niektor\u00ed pacienti hl\u00e1sia bolesti hlavy alebo ko\u017en\u00e9 vyr\u00e1\u017eky po\u010das lie\u010dby amoxicil\u00ednom. Pre pou\u017e\u00edvate\u013eov je nevyhnutn\u00e9, aby pozorne sledovali svoje sympt\u00f3my a informovali svojho poskytovate\u013ea zdravotnej starostlivosti o ak\u00fdchko\u013evek z\u00e1va\u017en\u00fdch alebo pretrv\u00e1vaj\u00facich ved\u013eaj\u0161\u00edch \u00fa\u010dinkoch, aby sa zaistilo bezpe\u010dn\u00e9 pou\u017e\u00edvanie lieku.<\/p>\n<h2>Alergick\u00e9 reakcie na amoxicil\u00edn<\/h2>\n<p>Zatia\u013e \u010do alergick\u00e9 reakcie na amoxicil\u00edn s\u00fa relat\u00edvne zriedkav\u00e9, m\u00f4\u017eu sa vyskytn\u00fa\u0165 a m\u00f4\u017eu sa pohybova\u0165 od miernych a\u017e po z\u00e1va\u017en\u00e9. Be\u017en\u00e9 pr\u00edznaky alergickej reakcie zah\u0155\u0148aj\u00fa \u017eih\u013eavku, svrbenie a v z\u00e1va\u017enej\u0161\u00edch pr\u00edpadoch anafylaxiu, \u010do je zdravotn\u00e1 pohotovos\u0165.<\/p>\n<p>Pacientom s alergiou na penicil\u00edn v anamn\u00e9ze sa \u010dasto odpor\u00fa\u010da vyhn\u00fa\u0165 sa amoxicil\u00ednu. V pr\u00edbehoch pacientov t\u00ed, ktor\u00ed za\u017eili alergick\u00e9 reakcie, \u010dasto rozpr\u00e1vaj\u00fa o r\u00fdchlom n\u00e1stupe sympt\u00f3mov, \u010d\u00edm zd\u00f4raz\u0148uj\u00fa d\u00f4le\u017eitos\u0165 okam\u017eitej lek\u00e1rskej intervencie. Tieto pr\u00edbehy zd\u00f4raz\u0148uj\u00fa kritick\u00fa potrebu podrobn\u00fdch preh\u013eadov anamn\u00e9zy pred predp\u00edsan\u00edm tohto antibiotika.<\/p>\n<h2>Amoxicil\u00edn pre deti: Svedectv\u00e1 rodi\u010dov<\/h2>\n<p>Rodi\u010dia sa \u010dasto spoliehaj\u00fa na Amoxicil\u00edn pri lie\u010dbe bakteri\u00e1lnych infekci\u00ed svojich det\u00ed, najm\u00e4 infekci\u00ed u\u0161\u00ed a streptokoky. Svedectv\u00e1 rodi\u010dov zvy\u010dajne zd\u00f4raz\u0148uj\u00fa jednoduchos\u0165 pod\u00e1vania tekutej formy lieku, ktor\u00fd je \u010dasto ochuten\u00fd, aby bol chutnej\u0161\u00ed pre mal\u00e9 deti.<\/p>\n<p>Mnoho rodi\u010dov uv\u00e1dza, \u017ee ich deti vykazuj\u00fa <a href=\"https:\/\/bezpecnalekaren.net\/amoxicilin-cena-online-bez-predpisu\">Amoxicil\u00edn 500mg Cena<\/a> pozoruhodn\u00e9 zlep\u0161enie v priebehu nieko\u013ek\u00fdch dn\u00ed, pri\u010dom sympt\u00f3my ako hor\u00fa\u010dka a podr\u00e1\u017edenos\u0165 s\u00fa v\u00fdrazne zn\u00ed\u017een\u00e9. Niektor\u00ed rodi\u010dia v\u0161ak varuj\u00fa pred mo\u017en\u00fdmi miernymi ved\u013eaj\u0161\u00edmi \u00fa\u010dinkami, ako s\u00fa \u017eal\u00fado\u010dn\u00e9 \u0165a\u017ekosti, a zd\u00f4raz\u0148uj\u00fa d\u00f4le\u017eitos\u0165 dokon\u010denia celej lie\u010dby antibiotikami, aj ke\u010f sa zd\u00e1, \u017ee sa die\u0165a po\u010das lie\u010dby \u00faplne zotavilo.<\/p>\n<h2>Amoxicil\u00edn a gastrointestin\u00e1lne probl\u00e9my<\/h2>\n<p>Gastrointestin\u00e1lne probl\u00e9my patria medzi naj\u010dastej\u0161ie hl\u00e1sen\u00e9 ved\u013eaj\u0161ie \u00fa\u010dinky amoxicil\u00ednu. Pacienti \u010dasto spom\u00ednaj\u00fa hna\u010dku a k\u0155\u010de v \u017eal\u00fadku, ktor\u00e9 s\u00fa s\u00edce nepr\u00edjemn\u00e9, ale zvy\u010dajne nie s\u00fa nato\u013eko z\u00e1va\u017en\u00e9, aby prestali u\u017e\u00edva\u0165.<\/p>\n<p>V niektor\u00fdch pr\u00edpadoch pacienti na\u0161li \u00fa\u013eavu u\u017e\u00edvan\u00edm lieku s jedlom alebo za\u010dlenen\u00edm probiot\u00edk do stravy, aby pomohli udr\u017ea\u0165 zdravie \u010driev. Tieto \u00fapravy pom\u00e1haj\u00fa zmierni\u0165 ved\u013eaj\u0161ie \u00fa\u010dinky a be\u017ene ich odpor\u00fa\u010daj\u00fa poskytovatelia zdravotnej starostlivosti.<\/p>\n<h2>Dlhodob\u00e9 u\u017e\u00edvanie amoxicil\u00ednu: Preh\u013ead pacientov<\/h2>\n<p>Dlhodob\u00e9 u\u017e\u00edvanie amoxicil\u00ednu je vo v\u0161eobecnosti zriedkav\u00e9 kv\u00f4li riziku rezistencie na antibiotik\u00e1 a zmen\u00e1m \u010drevnej fl\u00f3ry. Niektor\u00ed pacienti s chronick\u00fdmi ochoreniami v\u0161ak m\u00f4\u017eu vy\u017eadova\u0165 pred\u013a\u017een\u00fa lie\u010dbu. T\u00edto pacienti \u010dasto diskutuj\u00fa o d\u00f4le\u017eitosti pravideln\u00e9ho lek\u00e1rskeho monitorovania, aby sa zabezpe\u010dilo, \u017ee antibiotikum zostane \u00fa\u010dinn\u00e9 a nevedie k ne\u017eiaducim \u00fa\u010dinkom.<\/p>\n<p>Pacienti na dlhodob\u00fdch kurzoch \u010dasto uv\u00e1dzaj\u00fa zmie\u0161an\u00e9 sk\u00fasenosti, pri\u010dom niektor\u00ed zaznamen\u00e1vaj\u00fa pretrv\u00e1vaj\u00face mierne ved\u013eaj\u0161ie \u00fa\u010dinky. Zd\u00f4raz\u0148uje potrebu starostliv\u00e9ho zv\u00e1\u017eenia a \u010dast\u00fdch konzult\u00e1ci\u00ed s poskytovate\u013emi zdravotnej starostlivosti, aby sa vyv\u00e1\u017eila \u00fa\u010dinnos\u0165 lie\u010dby s potenci\u00e1lnymi rizikami.<\/p>\n<h2>Porovnanie amoxicil\u00ednu s in\u00fdmi antibiotikami<\/h2>\n<p>V porovnan\u00ed s in\u00fdmi antibiotikami je amoxicil\u00edn \u010dasto uprednost\u0148ovan\u00fd pre svoju \u0161irokospektr\u00e1lnu \u00fa\u010dinnos\u0165 a relat\u00edvne mierny profil ved\u013eaj\u0161\u00edch \u00fa\u010dinkov. Pacienti, ktor\u00fdm boli predp\u00edsan\u00e9 r\u00f4zne antibiotik\u00e1, \u010dasto porovn\u00e1vaj\u00fa svoje sk\u00fasenosti, pri\u010dom ako pozoruhodn\u00e9 v\u00fdhody zd\u00f4raz\u0148uj\u00fa r\u00fdchlej\u0161\u00ed \u00fa\u010dinok amoxicil\u00ednu a menej ved\u013eaj\u0161\u00edch \u00fa\u010dinkov.<\/p>\n<p>Av\u0161ak v situ\u00e1ci\u00e1ch vy\u017eaduj\u00facich cielenej\u0161iu lie\u010dbu m\u00f4\u017eu by\u0165 preferovan\u00e9 in\u00e9 antibiotik\u00e1. Pr\u00edbehy pacientov odr\u00e1\u017eaj\u00fa v\u0161eobecn\u00fa spokojnos\u0165 s amoxicil\u00ednom pri be\u017en\u00fdch infekci\u00e1ch, ale uzn\u00e1vaj\u00fa potrebu alternat\u00edv v zlo\u017eitej\u0161\u00edch pr\u00edpadoch.<\/p>\n<h2>Amoxicil\u00edn pre zubn\u00e9 infekcie: Pr\u00edbehy pacientov<\/h2>\n<p>Zubn\u00e9 infekcie, ako s\u00fa abscesy, sa \u010dasto \u00fa\u010dinne lie\u010dia amoxicil\u00ednom. Pacienti opisuj\u00fa svoje sk\u00fasenosti s predpisovan\u00edm tohto antibiotika po zubn\u00fdch z\u00e1krokoch alebo na lie\u010dbu existuj\u00facich infekci\u00ed. R\u00fdchla \u00fa\u013eava od bolesti a opuchu je \u010dasto uv\u00e1dzanou v\u00fdhodou.<\/p>\n<p>Zatia\u013e \u010do mnoh\u00ed pacienti hl\u00e1sia pozit\u00edvne v\u00fdsledky, niektor\u00ed uv\u00e1dzaj\u00fa potrebu \u010fal\u0161\u00edch z\u00e1krokov, ako je napr\u00edklad zubn\u00e1 chirurgia, aby sa infekcia \u00faplne vyrie\u0161ila. Tieto pr\u00edbehy zd\u00f4raz\u0148uj\u00fa d\u00f4le\u017eitos\u0165 pou\u017e\u00edvania amoxicil\u00ednu ako s\u00fa\u010dasti \u0161ir\u0161ieho lie\u010debn\u00e9ho pl\u00e1nu a nie ako samostatn\u00e9ho rie\u0161enia.<\/p>\n<h2>D\u00e1vkovanie amoxicil\u00ednu a sk\u00fasenosti pacientov<\/h2>\n<p>Sk\u00fasenosti pacientov s amoxicil\u00ednom sa \u010dasto l\u00ed\u0161ia v z\u00e1vislosti od d\u00e1vky. Mnoh\u00ed uv\u00e1dzaj\u00fa, \u017ee \u0161tandardn\u00e9 d\u00e1vky s\u00fa \u00fa\u010dinn\u00e9 a dobre tolerovan\u00e9, pri\u010dom zdravotn\u00edcki pracovn\u00edci poskytuj\u00fa jasn\u00e9 pokyny, ktor\u00e9 zabezpe\u010duj\u00fa spr\u00e1vne dodr\u017eiavanie harmonogramu lie\u010dby.<\/p>\n<p>Niektor\u00ed pacienti poznamen\u00e1vaj\u00fa, \u017ee \u00faprava d\u00e1vky bola potrebn\u00e1 z d\u00f4vodu hmotnosti, veku alebo z\u00e1va\u017enosti infekcie. Tieto pr\u00edbehy zd\u00f4raz\u0148uj\u00fa d\u00f4le\u017eitos\u0165 personalizovan\u00e9ho lek\u00e1rskeho poradenstva pri pou\u017e\u00edvan\u00ed antibiot\u00edk, aby sa zabezpe\u010dila ich \u00fa\u010dinnos\u0165 aj bezpe\u010dnos\u0165.<\/p>\n<h2>Amoxicil\u00edn a jeho vplyv na \u017eivotn\u00fd \u0161t\u00fdl<\/h2>\n<p>Pre mnoh\u00fdch si u\u017e\u00edvanie amoxicil\u00ednu vy\u017eaduje minim\u00e1lne \u00fapravy \u017eivotn\u00e9ho \u0161t\u00fdlu. Pacienti zvy\u010dajne uv\u00e1dzaj\u00fa, \u017ee s\u00fa schopn\u00ed pokra\u010dova\u0165 vo svojich ka\u017edodenn\u00fdch rutin\u00e1ch bez preru\u0161enia, okrem men\u0161\u00edch nepr\u00edjemnost\u00ed, ako je zvl\u00e1danie ved\u013eaj\u0161\u00edch \u00fa\u010dinkov.<\/p>\n<p>Niektor\u00ed jedinci, najm\u00e4 t\u00ed, ktor\u00ed maj\u00fa v\u00fdraznej\u0161ie ved\u013eaj\u0161ie \u00fa\u010dinky, v\u0161ak m\u00f4\u017eu potrebova\u0165 vykona\u0165 do\u010dasn\u00e9 zmeny, ako je \u00faprava stravy alebo dodato\u010dn\u00fd odpo\u010dinok. Celkovo sa vplyv na \u017eivotn\u00fd \u0161t\u00fdl \u010dasto pova\u017euje za zvl\u00e1dnute\u013en\u00fd a prev\u00e1\u017eia ho v\u00fdhody rie\u0161enia infekcie.<\/p>\n<h2>Tipy pre pacientov na zvl\u00e1dnutie ved\u013eaj\u0161\u00edch \u00fa\u010dinkov amoxicil\u00ednu<\/h2>\n<p>Pacienti, ktor\u00ed zaznamenali ved\u013eaj\u0161ie \u00fa\u010dinky amoxicil\u00ednu, \u010dasto zdie\u013eaj\u00fa cenn\u00e9 tipy na zvl\u00e1dnutie t\u00fdchto probl\u00e9mov. Be\u017en\u00e9 rady zah\u0155\u0148aj\u00fa zosta\u0165 hydratovan\u00fd, jes\u0165 mal\u00e9 a \u010dast\u00e9 jedl\u00e1 na boj proti nevo\u013enosti a u\u017e\u00edva\u0165 probiotik\u00e1 na podporu zdravia \u010driev.<\/p>\n<p>\u010eal\u0161\u00edm \u010dasto spom\u00ednan\u00fdm tipom je u\u017e\u00edva\u0165 amoxicil\u00edn ka\u017ed\u00fd de\u0148 v rovnakom \u010dase, aby ste udr\u017eali konzistentn\u00e9 hladiny v krvnom obehu. Dodr\u017eiavan\u00edm t\u00fdchto strat\u00e9gi\u00ed mnoh\u00ed pacienti zistia, \u017ee m\u00f4\u017eu v\u00fdrazne zn\u00ed\u017ei\u0165 nepohodlie spojen\u00e9 s ved\u013eaj\u0161\u00edmi \u00fa\u010dinkami.<\/p>\n<h2>\u00da\u010dinnos\u0165 amoxicil\u00ednu pri lie\u010dbe respira\u010dn\u00fdch infekci\u00ed<\/h2>\n<p>Amoxicil\u00edn je be\u017en\u00e9 antibiotikum na respira\u010dn\u00e9 infekcie, ako je bronchit\u00edda a pneum\u00f3nia. Pr\u00edbehy pacientov poukazuj\u00fa na vysok\u00fa mieru \u00faspe\u0161nosti, pri\u010dom mnoh\u00ed jednotlivci poc\u00edtia v\u00fdrazn\u00fa \u00fa\u013eavu od sympt\u00f3mov, ako je ka\u0161e\u013e a \u0165a\u017ekosti s d\u00fdchan\u00edm, v priebehu nieko\u013ek\u00fdch dn\u00ed.<\/p>\n<p>Tieto spr\u00e1vy \u010dasto zd\u00f4raz\u0148uj\u00fa d\u00f4le\u017eitos\u0165 v\u010dasnej intervencie a dodr\u017eiavania predp\u00edsan\u00fdch lie\u010debn\u00fdch kurzov, aby sa predi\u0161lo komplik\u00e1ci\u00e1m a zabezpe\u010dilo sa \u00fapln\u00e9 uzdravenie. \u00da\u010dinnos\u0165 amoxicil\u00ednu v t\u00fdchto pr\u00edpadoch prispieva k jeho neust\u00e1lej popularite pri lie\u010dbe respira\u010dn\u00fdch stavov.<\/p>\n<h2>Skuto\u010dn\u00e9 pr\u00edbehy amoxicil\u00ednu pri lie\u010dbe ko\u017en\u00fdch infekci\u00ed<\/h2>\n<p>Pacienti \u010dasto pou\u017e\u00edvaj\u00fa amoxicil\u00edn na lie\u010dbu ko\u017en\u00fdch infekci\u00ed vr\u00e1tane celulit\u00eddy a impetiga. Mnoh\u00ed uv\u00e1dzaj\u00fa pozit\u00edvne v\u00fdsledky, pri\u010dom kr\u00e1tko po za\u010dat\u00ed lie\u010dby antibiotikami zaznamenali zn\u00ed\u017eenie za\u010dervenania, opuchu a bolesti.<\/p>\n<p>Ko\u017en\u00e9 infekcie v\u0161ak niekedy m\u00f4\u017eu trva\u0165 dlh\u0161ie, k\u00fdm sa \u00faplne vylie\u010dia. Pacienti \u010dasto zdie\u013eaj\u00fa svoje sk\u00fasenosti s potrebou n\u00e1slednej starostlivosti alebo \u010fal\u0161ej lie\u010dby, ako s\u00fa lok\u00e1lne antibiotik\u00e1, aby sa infekcia \u00faplne vyrie\u0161ila. Tieto pr\u00edbehy zd\u00f4raz\u0148uj\u00fa d\u00f4le\u017eitos\u0165 trpezlivosti a komplexnej starostlivosti pri zvl\u00e1dan\u00ed ko\u017en\u00fdch infekci\u00ed.<\/p>\n<h2>Rady pre pacientov o u\u017e\u00edvan\u00ed amoxicil\u00ednu s jedlom<\/h2>\n<p>Mnoh\u00ed pacienti zistili, \u017ee u\u017e\u00edvanie amoxicil\u00ednu s jedlom pom\u00e1ha minimalizova\u0165 gastrointestin\u00e1lne ved\u013eaj\u0161ie \u00fa\u010dinky. Pr\u00edbehy pacientov \u010dasto odpor\u00fa\u010daj\u00fa pri u\u017e\u00edvan\u00ed antibiotika mal\u00e9 ob\u010derstvenie alebo jedlo, aby sa zn\u00ed\u017eila nevo\u013enos\u0165 a chr\u00e1nila sa sliznica \u017eal\u00fadka.<\/p>\n<p>Zatia\u013e \u010do niektor\u00ed pacienti neuv\u00e1dzaj\u00fa \u017eiadne probl\u00e9my s u\u017e\u00edvan\u00edm amoxicil\u00ednu na pr\u00e1zdny \u017eal\u00fadok, in\u00ed zd\u00f4raz\u0148uj\u00fa v\u00fdhody tejto jednoduchej \u00fapravy. T\u00e1to spolo\u010dn\u00e1 rada odr\u00e1\u017ea roz\u0161\u00edren\u00fa strat\u00e9giu na zlep\u0161enie zn\u00e1\u0161anlivosti lieku, \u010d\u00edm sa zabezpe\u010d\u00ed, \u017ee adherencia k lie\u010dbe zostane vysok\u00e1 a \u00fa\u010dinn\u00e1. <\/p>\n","protected":false},"excerpt":{"rendered":"<p>Pr\u00edbehy pacientov: \u010do \u013eudia hl\u00e1sia o amoxicil\u00edne Sk\u00famanie pr\u00edbehov pacientov odha\u013euje \u0161irok\u00fa \u0161k\u00e1lu sk\u00fasenost\u00ed s amoxicil\u00ednom, od pozit\u00edvnych v\u00fdsledkov a\u017e po probl\u00e9my s ved\u013eaj\u0161\u00edmi \u00fa\u010dinkami a alergiami. Be\u017en\u00e9 sk\u00fasenosti s amoxicil\u00ednom Amoxicil\u00edn, \u0161iroko predpisovan\u00e9 antibiotikum, sa be\u017ene pou\u017e\u00edva na lie\u010dbu r\u00f4znych bakteri\u00e1lnych infekci\u00ed. Mnoh\u00ed pacienti hl\u00e1sia pocit \u00fa\u013eavy v priebehu nieko\u013ek\u00fdch dn\u00ed po za\u010dat\u00ed lie\u010dby,<\/p>\n<div><a class=\"btn-filled btn\" href=\"https:\/\/bouwstenenverhuur.brogt.nl\/index.php\/bezne-skusenosti-s-amoxicilinom\/\" title=\"Be\u017en\u00e9 sk\u00fasenosti s amoxicil\u00ednom\">Read More<\/a><\/div>\n","protected":false},"author":1,"featured_media":0,"parent":0,"menu_order":0,"comment_status":"closed","ping_status":"closed","template":"","meta":{"footnotes":""},"class_list":["post-55179","page","type-page","status-publish","hentry"],"_links":{"self":[{"href":"https:\/\/bouwstenenverhuur.brogt.nl\/index.php\/wp-json\/wp\/v2\/pages\/55179","targetHints":{"allow":["GET"]}}],"collection":[{"href":"https:\/\/bouwstenenverhuur.brogt.nl\/index.php\/wp-json\/wp\/v2\/pages"}],"about":[{"href":"https:\/\/bouwstenenverhuur.brogt.nl\/index.php\/wp-json\/wp\/v2\/types\/page"}],"author":[{"embeddable":true,"href":"https:\/\/bouwstenenverhuur.brogt.nl\/index.php\/wp-json\/wp\/v2\/users\/1"}],"replies":[{"embeddable":true,"href":"https:\/\/bouwstenenverhuur.brogt.nl\/index.php\/wp-json\/wp\/v2\/comments?post=55179"}],"version-history":[{"count":1,"href":"https:\/\/bouwstenenverhuur.brogt.nl\/index.php\/wp-json\/wp\/v2\/pages\/55179\/revisions"}],"predecessor-version":[{"id":55181,"href":"https:\/\/bouwstenenverhuur.brogt.nl\/index.php\/wp-json\/wp\/v2\/pages\/55179\/revisions\/55181"}],"wp:attachment":[{"href":"https:\/\/bouwstenenverhuur.brogt.nl\/index.php\/wp-json\/wp\/v2\/media?parent=55179"}],"curies":[{"name":"wp","href":"https:\/\/api.w.org\/{rel}","templated":true}]}}