{"id":54885,"date":"2026-03-24T23:11:35","date_gmt":"2026-03-24T23:11:35","guid":{"rendered":"https:\/\/bouwstenenverhuur.brogt.nl\/?page_id=54885"},"modified":"2026-03-24T23:11:35","modified_gmt":"2026-03-24T23:11:35","slug":"co-je-xarelto-a-jeho-genericky-ekvivalent","status":"publish","type":"page","link":"https:\/\/bouwstenenverhuur.brogt.nl\/index.php\/co-je-xarelto-a-jeho-genericky-ekvivalent\/","title":{"rendered":"\u010co je Xarelto a jeho generick\u00fd ekvivalent?"},"content":{"rendered":"<h1>Xarelto Generic FAQ: zodpovedan\u00fdch 10 naj\u010dastej\u0161\u00edch ot\u00e1zok<\/h1>\n<p>Tento komplexn\u00fd sprievodca poskytuje odpovede na naj\u010dastej\u0161ie ot\u00e1zky o Xarelte a jeho generickom ekvivalente, ktor\u00fd pokr\u00fdva v\u0161etko od pou\u017eitia a d\u00e1vkovania a\u017e po bezpe\u010dnos\u0165 a n\u00e1klady.<\/p>\n<h2>\u010co je Xarelto a jeho generick\u00fd ekvivalent?<\/h2>\n<p>Xarelto je obchodn\u00e1 zna\u010dka pre antikoagula\u010dn\u00fd liek, ktor\u00e9ho akt\u00edvnou zlo\u017ekou je rivaroxaban. Patr\u00ed do triedy liekov zn\u00e1mych ako priame peror\u00e1lne antikoagulanci\u00e1 (DOAC), ktor\u00e9 sa pou\u017e\u00edvaj\u00fa na prevenciu a lie\u010dbu krvn\u00fdch zrazen\u00edn. Generick\u00fdm ekvivalentom Xarelta je tie\u017e rivaroxaban a pon\u00faka rovnak\u00e9 terapeutick\u00e9 v\u00fdhody ako zna\u010dkov\u00e1 verzia.<\/p>\n<p>Rivaroxaban \u00fa\u010dinkuje tak, \u017ee inhibuje faktor Xa, z\u00e1kladn\u00fa zlo\u017eku v procese zr\u00e1\u017eania krvi. T\u00fdm sa zni\u017euje riziko mozgovej pr\u00edhody a syst\u00e9movej emb\u00f3lie u jedincov s nevalvul\u00e1rnou fibril\u00e1ciou predsien\u00ed. Pou\u017e\u00edva sa tie\u017e na lie\u010dbu hlbokej \u017eilovej tromb\u00f3zy (DVT) a p\u013e\u00facnej emb\u00f3lie (PE) a na prevenciu recid\u00edvy t\u00fdchto stavov.<\/p>\n<h2>Ako Xarelto \u00fa\u010dinkuje v tele?<\/h2>\n<p>Xarelto p\u00f4sob\u00ed tak, \u017ee zacie\u013euje a inhibuje faktor Xa, prote\u00edn potrebn\u00fd na tvorbu krvn\u00fdch zrazen\u00edn. V koagula\u010dnej kask\u00e1de hr\u00e1 faktor Xa k\u013e\u00fa\u010dov\u00fa \u00falohu pri premene protromb\u00ednu na tromb\u00edn, enz\u00fdm, ktor\u00fd u\u013eah\u010duje transform\u00e1ciu fibrinog\u00e9nu na fibr\u00edn, z\u00e1kladn\u00fa \u0161trukt\u00faru krvnej zrazeniny. Blokovan\u00edm faktora Xa Xarelto \u00fa\u010dinne nar\u00fa\u0161a t\u00fato kask\u00e1du, \u010d\u00edm zni\u017euje tvorbu zrazen\u00edn.<\/p>\n<p>Tento mechanizmus odli\u0161uje Xarelto od tradi\u010dn\u00fdch antikoagulanci\u00ed, ako je warfar\u00edn, ktor\u00e9 si vy\u017eaduj\u00fa \u010dast\u00e9 monitorovanie a di\u00e9tne obmedzenia. Ako priame peror\u00e1lne antikoagulancium Xarelto poskytuje pohodlnej\u0161iu mo\u017enos\u0165 pre pacientov vy\u017eaduj\u00facich dlhodob\u00fa antikoagula\u010dn\u00fa lie\u010dbu, preto\u017ee si nevy\u017eaduje rutinn\u00e9 monitorovanie krvi.<\/p>\n<h2>Ak\u00e9 s\u00fa be\u017en\u00e9 pou\u017eitia Xarelta?<\/h2>\n<p>Xarelto sa prim\u00e1rne predpisuje na prevenciu mozgovej pr\u00edhody a syst\u00e9movej emb\u00f3lie u pacientov s nevalvul\u00e1rnou fibril\u00e1ciou predsien\u00ed. Jeho \u00fa\u010dinnos\u0165 pri zni\u017eovan\u00ed rizika m\u0155tvice z neho rob\u00ed cenn\u00fa mo\u017enos\u0165 pre jedincov s touto poruchou srdcov\u00e9ho rytmu. Be\u017ene sa pou\u017e\u00edva aj na lie\u010dbu hlbokej \u017eilovej tromb\u00f3zy (DVT) a p\u013e\u00facnej emb\u00f3lie (PE), stavov, ktor\u00e9 s\u00fa potenci\u00e1lne \u017eivot ohrozuj\u00face, ak nie s\u00fa spr\u00e1vne lie\u010den\u00e9.<\/p>\n<p>Okrem toho sa Xarelto pou\u017e\u00edva poopera\u010dne na prevenciu ven\u00f3znej tromboemb\u00f3lie u pacientov podstupuj\u00facich oper\u00e1cie n\u00e1hrady kolena alebo bedrov\u00e9ho k\u013abu. Jeho \u00faloha pri prevencii krvn\u00fdch zrazen\u00edn v t\u00fdchto situ\u00e1ci\u00e1ch je kritick\u00e1, preto\u017ee chirurgick\u00fd z\u00e1krok m\u00f4\u017ee v\u00fdrazne zv\u00fd\u0161i\u0165 riziko tvorby zrazen\u00edn.<\/p>\n<h2>Existuj\u00fa nejak\u00e9 pozoruhodn\u00e9 ved\u013eaj\u0161ie \u00fa\u010dinky Xarelta?<\/h2>\n<p>Tak ako v\u0161etky lieky, aj Xarelto prich\u00e1dza s rizikom ved\u013eaj\u0161\u00edch \u00fa\u010dinkov, hoci sa neprejavia u ka\u017ed\u00e9ho. Naj\u010dastej\u0161\u00edm ne\u017eiaducim \u00fa\u010dinkom je krv\u00e1canie, ktor\u00e9 sa m\u00f4\u017ee pohybova\u0165 od miernych modr\u00edn a\u017e po z\u00e1va\u017en\u00e9 krv\u00e1cav\u00e9 komplik\u00e1cie. Pacienti by si mali by\u0165 vedom\u00ed pr\u00edznakov neobvykl\u00e9ho krv\u00e1cania, ako je krv\u00e1canie z nosa, krv\u00e1canie \u010fasien alebo krv v mo\u010di alebo stolici, a ak sa objavia, okam\u017eite vyh\u013eadajte lek\u00e1rsku pomoc.<\/p>\n<p>\u010eal\u0161ie potenci\u00e1lne ved\u013eaj\u0161ie \u00fa\u010dinky <a href=\"https:\/\/starostlivost-zdravia.com\/xarelto-genericke-naklady-bez-predpisu\">https:\/\/starostlivost-zdravia.com\/xarelto-genericke-naklady-bez-predpisu<\/a> zah\u0155\u0148aj\u00fa gastrointestin\u00e1lne probl\u00e9my, ako je nevo\u013enos\u0165 a boles\u0165 brucha. Niektor\u00ed pacienti m\u00f4\u017eu poci\u0165ova\u0165 aj z\u00e1vraty alebo \u00fanavu. Je d\u00f4le\u017eit\u00e9, aby jednotlivci u\u017e\u00edvaj\u00faci Xarelto diskutovali o ak\u00fdchko\u013evek ved\u013eaj\u0161\u00edch \u00fa\u010dinkoch so svoj\u00edm poskytovate\u013eom zdravotnej starostlivosti, ktor\u00fd im m\u00f4\u017ee poskytn\u00fa\u0165 poradenstvo pri efekt\u00edvnom zvl\u00e1dan\u00ed t\u00fdchto probl\u00e9mov.<\/p>\n<h2>Ako sa m\u00e1 Xarelto u\u017e\u00edva\u0165 na dosiahnutie najlep\u0161\u00edch v\u00fdsledkov?<\/h2>\n<p>Xarelto sa m\u00e1 u\u017e\u00edva\u0165 peror\u00e1lne, s jedlom alebo bez jedla, v z\u00e1vislosti od konkr\u00e9tneho lie\u010den\u00e9ho stavu. Napr\u00edklad, ak je predp\u00edsan\u00fd na prevenciu m\u0155tvice pri fibril\u00e1cii predsien\u00ed, m\u00f4\u017ee sa u\u017e\u00edva\u0165 raz denne, zvy\u010dajne s ve\u010dern\u00fdm jedlom. Je d\u00f4le\u017eit\u00e9 dodr\u017eiava\u0165 pokyny poskytovate\u013ea zdravotnej starostlivosti t\u00fdkaj\u00face sa d\u00e1vkovania a na\u010dasovania, aby sa zabezpe\u010dila optim\u00e1lna \u00fa\u010dinnos\u0165 a bezpe\u010dnos\u0165.<\/p>\n<p>Pri u\u017e\u00edvan\u00ed Xarelta je k\u013e\u00fa\u010dov\u00e1 konzistencia; d\u00e1vky sa maj\u00fa u\u017e\u00edva\u0165 ka\u017ed\u00fd de\u0148 v rovnakom \u010dase, aby sa udr\u017eali stabiln\u00e9 hladiny lieku v krvi. Pacienti by nemali meni\u0165 svoje d\u00e1vkovanie bez konzult\u00e1cie s poskytovate\u013eom zdravotnej starostlivosti, preto\u017ee by to mohlo zv\u00fd\u0161i\u0165 riziko komplik\u00e1ci\u00ed zr\u00e1\u017eania alebo krv\u00e1cania.<\/p>\n<h2>M\u00f4\u017ee sa Xarelto u\u017e\u00edva\u0165 s in\u00fdmi liekmi?<\/h2>\n<p>S\u00fabe\u017en\u00e9 pod\u00e1vanie Xarelta s ur\u010dit\u00fdmi liekmi m\u00f4\u017ee ovplyvni\u0165 jeho \u00fa\u010dinnos\u0165 a bezpe\u010dnos\u0165. Napr\u00edklad kombin\u00e1cia Xarelta s in\u00fdmi antikoagulanciami alebo protido\u0161ti\u010dkov\u00fdmi liekmi m\u00f4\u017ee zv\u00fd\u0161i\u0165 riziko krv\u00e1cania. Naopak, niektor\u00e9 lieky m\u00f4\u017eu zn\u00ed\u017ei\u0165 \u00fa\u010dinnos\u0165 Xarelta, \u010d\u00edm sa zvy\u0161uje riziko tvorby zrazen\u00edn.<\/p>\n<p>Pacienti by mali informova\u0165 svojho poskytovate\u013ea zdravotnej starostlivosti o v\u0161etk\u00fdch liekoch, ktor\u00e9 v s\u00fa\u010dasnosti u\u017e\u00edvaj\u00fa, vr\u00e1tane vo\u013enopredajn\u00fdch liekov a doplnkov. Tieto inform\u00e1cie umo\u017e\u0148uj\u00fa poskytovate\u013eovi pos\u00fadi\u0165 potenci\u00e1lne interakcie a vykona\u0165 potrebn\u00e9 \u00fapravy lie\u010debn\u00e9ho pl\u00e1nu, \u010d\u00edm sa zabezpe\u010d\u00ed bezpe\u010dn\u00e9 a efekt\u00edvne pou\u017e\u00edvanie lieku Xarelto.<\/p>\n<h2>\u010co m\u00e1m robi\u0165, ak vynech\u00e1m d\u00e1vku Xarelta?<\/h2>\n<p>Ak sa vynech\u00e1 d\u00e1vka Xarelta, opatrenia, ktor\u00e9 sa maj\u00fa vykona\u0165, z\u00e1visia od predp\u00edsanej d\u00e1vkovacej sch\u00e9my. Pre t\u00fdch, ktor\u00ed u\u017e\u00edvaj\u00fa re\u017eim jedenkr\u00e1t denne, sa m\u00e1 vynechan\u00e1 d\u00e1vka u\u017ei\u0165 hne\u010f, ako si spomeniete v ten ist\u00fd de\u0148. Ak je u\u017e takmer \u010das na \u010fal\u0161iu d\u00e1vku, vynechan\u00fa d\u00e1vku treba vynecha\u0165 a \u010fal\u0161iu d\u00e1vku u\u017ei\u0165 pod\u013ea pl\u00e1nu.<\/p>\n<p>V pr\u00edpadoch, ke\u010f sa Xarelto predpisuje dvakr\u00e1t denne, vynechan\u00fa d\u00e1vku mo\u017eno u\u017ei\u0165 \u010do najsk\u00f4r v ten ist\u00fd de\u0148, ale nem\u00e1 sa u\u017ei\u0165 dvojn\u00e1sobn\u00e1 d\u00e1vka, aby sa nahradila vynechan\u00e1 d\u00e1vka. Zavedenie rutiny, ako je u\u017e\u00edvanie liekov po\u010das jedla, m\u00f4\u017ee pom\u00f4c\u0165 zabr\u00e1ni\u0165 vynechaniu d\u00e1vok.<\/p>\n<h2>Existuj\u00fa di\u00e9tne obmedzenia pri u\u017e\u00edvan\u00ed Xarelta?<\/h2>\n<p>Jednou z v\u00fdhod Xarelta oproti star\u0161\u00edm antikoagulanci\u00e1m, ako je warfar\u00edn, je nedostatok di\u00e9tnych obmedzen\u00ed. Pacienti u\u017e\u00edvaj\u00faci Xarelto sa nemusia vyh\u00fdba\u0165 potravin\u00e1m s vysok\u00fdm obsahom vitam\u00ednu K, ako je listov\u00e1 zelenina, ktor\u00e1 m\u00f4\u017ee nar\u00fa\u0161a\u0165 \u00fa\u010dinnos\u0165 warfar\u00ednu.<\/p>\n<p>Pre pacientov je v\u0161ak st\u00e1le vhodn\u00e9 udr\u017eiava\u0165 vyv\u00e1\u017een\u00fa stravu a zosta\u0165 hydratovan\u00ed. Hoci konzum\u00e1cia alkoholu priamo neovplyv\u0148uje Xarelto, nadmern\u00e9 pitie m\u00f4\u017ee zv\u00fd\u0161i\u0165 riziko krv\u00e1cania, preto sa odpor\u00fa\u010da miera.<\/p>\n<h2>Ak\u00e9 s\u00fa n\u00e1klady na Xarelto v porovnan\u00ed s jeho generickou verziou?<\/h2>\n<p>Zna\u010dka Xarelto m\u00e1 tendenciu by\u0165 drah\u0161ia ako jej generick\u00fd n\u00e1protivok, rivaroxaban. Dostupnos\u0165 generickej verzie m\u00f4\u017ee v\u00fdrazne zn\u00ed\u017ei\u0165 n\u00e1klady pre pacientov, \u010d\u00edm sa lie\u010dba stane dostupnej\u0161ou pre \u0161ir\u0161iu popul\u00e1ciu. Presn\u00fd rozdiel v n\u00e1kladoch sa v\u0161ak m\u00f4\u017ee l\u00ed\u0161i\u0165 v z\u00e1vislosti od regi\u00f3nu, poistn\u00e9ho krytia a cien lek\u00e1rn\u00ed.<\/p>\n<p>Pacienti by sa mali poradi\u0165 so svoj\u00edm poskytovate\u013eom zdravotnej starostlivosti alebo lek\u00e1rnikom o dostupnosti generick\u00e9ho rivaroxabanu a presk\u00fama\u0165 potenci\u00e1lne mo\u017enosti \u00faspory n\u00e1kladov. Niektor\u00e9 poistn\u00e9 pl\u00e1ny m\u00f4\u017eu poskytova\u0165 lep\u0161ie krytie pre generick\u00e9 lieky, \u010d\u00edm sa \u010falej zni\u017euj\u00fa vreckov\u00e9 pre pacientov.<\/p>\n<h2>Ak\u00e9 opatrenia je potrebn\u00e9 urobi\u0165 pri pou\u017e\u00edvan\u00ed Xarelta?<\/h2>\n<p>Pred za\u010dat\u00edm lie\u010dby Xareltom by pacienti mali informova\u0165 svojho poskytovate\u013ea zdravotnej starostlivosti o ak\u00fdchko\u013evek u\u017e existuj\u00facich ochoreniach, najm\u00e4 t\u00fdch, ktor\u00e9 postihuj\u00fa pe\u010de\u0148 alebo obli\u010dky, preto\u017ee tieto org\u00e1ny zohr\u00e1vaj\u00fa \u00falohu pri spracovan\u00ed lieku. Pacienti s poruchami krv\u00e1cania alebo gastrointestin\u00e1lnymi vredmi v anamn\u00e9ze by ich mali tie\u017e prediskutova\u0165 so svoj\u00edm poskytovate\u013eom.<\/p>\n<p>Pravideln\u00e9 kontroly u poskytovate\u013ea zdravotnej starostlivosti s\u00fa d\u00f4le\u017eit\u00e9 na sledovanie odpovede pacienta na Xarelto a na \u00fapravu pl\u00e1nu lie\u010dby pod\u013ea potreby. Pacienti by tie\u017e mali by\u0165 ostra\u017eit\u00ed pri hl\u00e1sen\u00ed ak\u00fdchko\u013evek pr\u00edznakov krv\u00e1cania alebo neobvykl\u00fdch sympt\u00f3mov, preto\u017ee v\u010dasn\u00fd z\u00e1sah m\u00f4\u017ee zabr\u00e1ni\u0165 komplik\u00e1ci\u00e1m.<\/p>\n<h2>Je Xarelto bezpe\u010dn\u00fd pre tehotn\u00e9 a doj\u010diace \u017eeny?<\/h2>\n<p>Bezpe\u010dnos\u0165 Xarelta pre tehotn\u00e9 alebo doj\u010diace \u017eeny nie je dostato\u010dne preuk\u00e1zan\u00e1 a vo v\u0161eobecnosti sa neodpor\u00fa\u010da pou\u017e\u00edva\u0165 po\u010das tehotenstva, pokia\u013e to nie je absol\u00fatne nevyhnutn\u00e9. Potenci\u00e1lne rizik\u00e1 pre nenaroden\u00e9 die\u0165a je potrebn\u00e9 starostlivo zv\u00e1\u017ei\u0165 oproti pr\u00ednosom lie\u010dby a mo\u017eno zv\u00e1\u017ei\u0165 alternat\u00edvne antikoagulanci\u00e1 s lep\u0161\u00edm bezpe\u010dnostn\u00fdm profilom po\u010das tehotenstva.<\/p>\n<p>Obozretn\u00e9 by mali by\u0165 aj doj\u010diace \u017eeny, preto\u017ee nie je jasn\u00e9, \u010di Xarelto prech\u00e1dza do matersk\u00e9ho mlieka. \u017deny, ktor\u00e9 s\u00fa tehotn\u00e9 alebo doj\u010dia, by sa mali podrobne porozpr\u00e1va\u0165 so svoj\u00edm poskytovate\u013eom zdravotnej starostlivosti, aby presk\u00famali najbezpe\u010dnej\u0161ie mo\u017enosti antikoagula\u010dnej lie\u010dby.<\/p>\n<h2>Ako sa Xarelto l\u00ed\u0161i od in\u00fdch liekov na riedenie krvi?<\/h2>\n<p>Xarelto sa odli\u0161uje od tradi\u010dn\u00fdch antikoagulanci\u00ed, ako je warfar\u00edn, v\u010faka svojmu sp\u00f4sobu \u00fa\u010dinku a jednoduch\u00e9mu pou\u017eitiu. Na rozdiel od warfar\u00ednu, ktor\u00fd p\u00f4sob\u00ed nepriamo inhib\u00edciou faktorov zr\u00e1\u017eanlivosti z\u00e1visl\u00fdch od vitam\u00ednu K, Xarelto sa priamo zameriava na faktor Xa a pon\u00faka predv\u00eddate\u013enej\u0161\u00ed antikoagula\u010dn\u00fd \u00fa\u010dinok bez potreby pravideln\u00e9ho monitorovania krvi.<\/p>\n<p>Okrem toho m\u00e1 Xarelto menej di\u00e9tnych obmedzen\u00ed a liekov\u00fdch interakci\u00ed v porovnan\u00ed s warfar\u00ednom, \u010do z neho rob\u00ed pohodlnej\u0161iu mo\u017enos\u0165 pre mnoh\u00fdch pacientov. Na rozdiel od niektor\u00fdch in\u00fdch liekov na riedenie krvi v\u0161ak pre Xarelto neexistuje \u017eiadne \u0161iroko dostupn\u00e9 antidotum, ktor\u00e9 by zvr\u00e1tilo jeho \u00fa\u010dinky v pr\u00edpade ve\u013ek\u00e9ho krv\u00e1cania, \u010do je faktor, ktor\u00fd je potrebn\u00e9 zv\u00e1\u017ei\u0165 pri jeho klinickom pou\u017eit\u00ed.<\/p>\n","protected":false},"excerpt":{"rendered":"<p>Xarelto Generic FAQ: zodpovedan\u00fdch 10 naj\u010dastej\u0161\u00edch ot\u00e1zok Tento komplexn\u00fd sprievodca poskytuje odpovede na naj\u010dastej\u0161ie ot\u00e1zky o Xarelte a jeho generickom ekvivalente, ktor\u00fd pokr\u00fdva v\u0161etko od pou\u017eitia a d\u00e1vkovania a\u017e po bezpe\u010dnos\u0165 a n\u00e1klady. \u010co je Xarelto a jeho generick\u00fd ekvivalent? Xarelto je obchodn\u00e1 zna\u010dka pre antikoagula\u010dn\u00fd liek, ktor\u00e9ho akt\u00edvnou zlo\u017ekou je rivaroxaban. Patr\u00ed do triedy<\/p>\n<div><a class=\"btn-filled btn\" href=\"https:\/\/bouwstenenverhuur.brogt.nl\/index.php\/co-je-xarelto-a-jeho-genericky-ekvivalent\/\" title=\"\u010co je Xarelto a jeho generick\u00fd ekvivalent?\">Read More<\/a><\/div>\n","protected":false},"author":1,"featured_media":0,"parent":0,"menu_order":0,"comment_status":"closed","ping_status":"closed","template":"","meta":{"footnotes":""},"class_list":["post-54885","page","type-page","status-publish","hentry"],"_links":{"self":[{"href":"https:\/\/bouwstenenverhuur.brogt.nl\/index.php\/wp-json\/wp\/v2\/pages\/54885","targetHints":{"allow":["GET"]}}],"collection":[{"href":"https:\/\/bouwstenenverhuur.brogt.nl\/index.php\/wp-json\/wp\/v2\/pages"}],"about":[{"href":"https:\/\/bouwstenenverhuur.brogt.nl\/index.php\/wp-json\/wp\/v2\/types\/page"}],"author":[{"embeddable":true,"href":"https:\/\/bouwstenenverhuur.brogt.nl\/index.php\/wp-json\/wp\/v2\/users\/1"}],"replies":[{"embeddable":true,"href":"https:\/\/bouwstenenverhuur.brogt.nl\/index.php\/wp-json\/wp\/v2\/comments?post=54885"}],"version-history":[{"count":1,"href":"https:\/\/bouwstenenverhuur.brogt.nl\/index.php\/wp-json\/wp\/v2\/pages\/54885\/revisions"}],"predecessor-version":[{"id":54887,"href":"https:\/\/bouwstenenverhuur.brogt.nl\/index.php\/wp-json\/wp\/v2\/pages\/54885\/revisions\/54887"}],"wp:attachment":[{"href":"https:\/\/bouwstenenverhuur.brogt.nl\/index.php\/wp-json\/wp\/v2\/media?parent=54885"}],"curies":[{"name":"wp","href":"https:\/\/api.w.org\/{rel}","templated":true}]}}