{"id":52286,"date":"2026-03-24T09:27:45","date_gmt":"2026-03-24T09:27:45","guid":{"rendered":"https:\/\/bouwstenenverhuur.brogt.nl\/?page_id=52286"},"modified":"2026-03-24T09:27:45","modified_gmt":"2026-03-24T09:27:45","slug":"a-cenforce-attekintese-felhasznalasok-es-elonyok","status":"publish","type":"page","link":"https:\/\/bouwstenenverhuur.brogt.nl\/index.php\/a-cenforce-attekintese-felhasznalasok-es-elonyok\/","title":{"rendered":"A Cenforce \u00e1ttekint\u00e9se: felhaszn\u00e1l\u00e1sok \u00e9s el\u0151ny\u00f6k"},"content":{"rendered":"<h1>A Cenforce \u00f6sszehasonl\u00edt\u00e1sa m\u00e1s gy\u00f3gyszerekkel<\/h1>\n<p>A Cenforce \u00e1rnyalatainak felt\u00e1r\u00e1sa m\u00e1s mereved\u00e9si zavarok kezel\u00e9s\u00e9re szolg\u00e1l\u00f3 gy\u00f3gyszerekkel \u00f6sszehasonl\u00edtva, bele\u00e9rtve a hat\u00e9konys\u00e1got, a mell\u00e9khat\u00e1sokat \u00e9s a k\u00f6lts\u00e9geket.<\/p>\n<h2>A Cenforce \u00e1ttekint\u00e9se: felhaszn\u00e1l\u00e1sok \u00e9s el\u0151ny\u00f6k<\/h2>\n<p>A Cenforce egy olyan gy\u00f3gyszer, amelyet els\u0151sorban a f\u00e9rfiak mereved\u00e9si zavar\u00e1nak (ED) kezel\u00e9s\u00e9re haszn\u00e1lnak. Szildenafil-citr\u00e1tot tartalmaz, ugyanazt a hat\u00f3anyagot, mint a Viagr\u00e1ban, amely a p\u00e9nisz v\u00e9r\u00e1raml\u00e1s\u00e1nak fokoz\u00e1s\u00e1val fejti ki hat\u00e1s\u00e1t, ez\u00e1ltal el\u0151seg\u00edti az erekci\u00f3t szexu\u00e1lis stimul\u00e1ci\u00f3 eset\u00e9n. A Cenforce egyik els\u0151dleges el\u0151nye, hogy k\u00e9pes seg\u00edteni a f\u00e9rfiaknak az erekci\u00f3 el\u00e9r\u00e9s\u00e9ben \u00e9s fenntart\u00e1s\u00e1ban, ami jelent\u0151sen jav\u00edthatja a szexu\u00e1lis el\u00e9gedetts\u00e9get \u00e9s az \u00e1ltal\u00e1nos \u00e9letmin\u0151s\u00e9get.<\/p>\n<p>Els\u0151dleges felhaszn\u00e1l\u00e1sa mellett a Cenforce fel\u00edrhat\u00f3 pulmon\u00e1lis art\u00e9ri\u00e1s hipert\u00f3nia (PAH) kezel\u00e9s\u00e9re is. A t\u00fcd\u0151ben l\u00e9v\u0151 erek ellaz\u00edt\u00e1s\u00e1val jav\u00edthatja a fizikai teljes\u00edt\u0151k\u00e9pess\u00e9get \u00e9s k\u00e9sleltetheti a klinikai rosszabbod\u00e1st. Alkalmaz\u00e1s\u00e1nak kett\u0151s jellege sokoldal\u00fa v\u00e1laszt\u00e1ss\u00e1 teszi az ilyen \u00e1llapotokkal k\u00fczd\u0151 betegek sz\u00e1m\u00e1ra.<\/p>\n<h2>Cenforce vs Viagra: Hat\u00e9konys\u00e1g \u00e9s k\u00f6lts\u00e9g<\/h2>\n<p>A Cenforce \u00e9s a Viagra \u00f6sszehasonl\u00edt\u00e1sakor mindk\u00e9t gy\u00f3gyszer ugyanazt a hat\u00f3anyagot, a szildenafil-citr\u00e1tot tartalmazza, ami hasonl\u00f3 hat\u00e9konys\u00e1got eredm\u00e9nyez az ED kezel\u00e9s\u00e9ben. A klinikai vizsg\u00e1latok \u00e1ltal\u00e1ban azt mutatj\u00e1k, hogy a f\u00e9rfiak k\u00f6r\u00fclbel\u00fcl 70%-a tapasztal javul\u00f3 erekci\u00f3t a szildenafil alap\u00fa gy\u00f3gyszerekkel. A Viagra m\u00e1rkan\u00e9v azonban \u00e1ltal\u00e1ban dr\u00e1g\u00e1bb, mint \u00e1ltal\u00e1nos megfelel\u0151je, a Cenforce.<\/p>\n<p>A k\u00f6lts\u00e9gk\u00fcl\u00f6nbs\u00e9g els\u0151sorban a Viagr\u00e1hoz kapcsol\u00f3d\u00f3 m\u00e1rka\u00e9p\u00edt\u00e9si \u00e9s marketingk\u00f6lts\u00e9gekb\u0151l ad\u00f3dik. Sok beteg \u00fagy tal\u00e1lja, hogy a Cenforce k\u00f6lts\u00e9ghat\u00e9konyabb megold\u00e1s, ugyanazokat a ter\u00e1pi\u00e1s el\u0151ny\u00f6ket k\u00edn\u00e1lja magasabb \u00e1r n\u00e9lk\u00fcl. Ez a megfizethet\u0151s\u00e9g vonz\u00f3 megold\u00e1ss\u00e1 teheti a Cenforce-t az erekci\u00f3s zavarok hossz\u00fa t\u00e1v\u00fa kezel\u00e9s\u00e9re.<\/p>\n<h2>Mell\u00e9khat\u00e1sok: Cenforce m\u00e1s ED-gy\u00f3gyszerekkel \u00f6sszehasonl\u00edtva<\/h2>\n<p>Mint sok gy\u00f3gyszer, a Cenforce is okozhat mell\u00e9khat\u00e1sokat. Gyakoriak a fejf\u00e1j\u00e1s, a kipirul\u00e1s, az em\u00e9szt\u00e9si zavarok \u00e9s az orrdugul\u00e1s. Ezek a mell\u00e9khat\u00e1sok \u00e1ltal\u00e1ban enyh\u00e9k \u00e9s \u00e1tmenetiek. Ritka esetekben azonban s\u00falyosabb reakci\u00f3k is el\u0151fordulhatnak, mint p\u00e9ld\u00e1ul hirtelen l\u00e1t\u00e1s vagy hall\u00e1sveszt\u00e9s, ami azonnali orvosi ell\u00e1t\u00e1st tesz sz\u00fcks\u00e9gess\u00e9.<\/p>\n<p>\u00d6sszehasonl\u00edt\u00e1sk\u00e9ppen m\u00e1s ED-gy\u00f3gyszerek, mint p\u00e9ld\u00e1ul a Tadalafil (Cialis) \u00e9s a Vardenafil (Levitra) hasonl\u00f3 mell\u00e9khat\u00e1sprofilokkal rendelkeznek. Mindazon\u00e1ltal az egyes gy\u00f3gyszerek kis m\u00e9rt\u00e9kben elt\u00e9rhetnek ezeknek a hat\u00e1soknak az el\u0151fordul\u00e1s\u00e1ban \u00e9s intenzit\u00e1s\u00e1ban. Egyes betegek az egy\u00e9ni toleranci\u00e1t\u00f3l \u00e9s a k\u00f3rt\u00f6rt\u00e9nett\u0151l f\u00fcgg\u0151en kevesebb mell\u00e9khat\u00e1st tapasztalhatnak az egyik gy\u00f3gyszer alkalmaz\u00e1sakor.<\/p>\n<h2>Adagol\u00e1si k\u00fcl\u00f6nbs\u00e9gek: Cenforce \u00e9s alternat\u00edv\u00e1i<\/h2>\n<p>A Cenforce k\u00fcl\u00f6nf\u00e9le d\u00f3zisokban kaphat\u00f3, jellemz\u0151en 25 mg \u00e9s 200 mg k\u00f6z\u00f6tt. Az egy\u00e9n sz\u00e1m\u00e1ra megfelel\u0151 adagol\u00e1s sz\u00e1mos t\u00e9nyez\u0151t\u0151l f\u00fcgg, bele\u00e9rtve az ED s\u00falyoss\u00e1g\u00e1t\u00f3l, az \u00e1ltal\u00e1nos eg\u00e9szs\u00e9gi \u00e1llapott\u00f3l \u00e9s a kezel\u00e9sre adott v\u00e1laszt\u00f3l. Az orvosok \u00e1ltal\u00e1ban alacsonyabb adaggal kezdik a betegeket, \u00e9s sz\u00fcks\u00e9g szerint m\u00f3dos\u00edtj\u00e1k.<\/p>\n<p>M\u00e1s ED-gy\u00f3gyszerek, mint p\u00e9ld\u00e1ul a Tadalafil, k\u00fcl\u00f6nb\u00f6z\u0151 adagol\u00e1si \u00fctemez\u00e9sben \u00e1llnak rendelkez\u00e9sre, bele\u00e9rtve a napi alacsony d\u00f3zis\u00fa s\u00e9m\u00e1kat is. Ez rugalmass\u00e1got biztos\u00edt a spont\u00e1n szexu\u00e1lis tev\u00e9kenys\u00e9get kedvel\u0151 betegek sz\u00e1m\u00e1ra. Ezzel szemben a vardenafilt \u00e1ltal\u00e1ban 10 mg-os adagokban \u00edrj\u00e1k fel sz\u00fcks\u00e9g szerint, hasonl\u00f3an a Cenforce-hoz. Ezek a k\u00fcl\u00f6nbs\u00e9gek befoly\u00e1solhatj\u00e1k a p\u00e1ciens \u00e9letm\u00f3dja \u00e9s k\u00e9nyelme alapj\u00e1n t\u00f6rt\u00e9n\u0151 v\u00e1laszt\u00e1s\u00e1t.<\/p>\n<h2>A cselekv\u00e9s kezdete: Hogyan viszonyul a Cenforce?<\/h2>\n<p>A Cenforce \u00e1ltal\u00e1ban a bev\u00e9tel ut\u00e1n 30-60 percen bel\u00fcl kezd hatni, ez\u00e9rt fontos, hogy a betegek ennek megfelel\u0151en tervezzenek. Ez a megjelen\u00e9si id\u0151 hasonl\u00f3 a Viagra \u00e9s a Vardenafil\u00e9hoz, amelyek mindegyike n\u00e9mi v\u00e1rakoz\u00e1st ig\u00e9nyel a szexu\u00e1lis tev\u00e9kenys\u00e9g el\u0151tt.<\/p>\n<p>A Tadalafil kiemelkedik ebb\u0151l a szempontb\u00f3l, mivel <a href=\"https:\/\/web-patika.com\/cenforce-ar-veny-nelkul\">https:\/\/web-patika.com\/cenforce-ar-veny-nelkul<\/a> m\u00e1r 15 perc alatt kifejti hat\u00e1s\u00e1t, \u00e9s hosszabb ideig is hat\u00e1sos marad, amit egyes felhaszn\u00e1l\u00f3k el\u0151ny\u00f6snek tal\u00e1lnak. Azonban azok sz\u00e1m\u00e1ra, akik megtervezik intim pillanataikat, a Cenforce megjelen\u00e9si ideje \u00e1ltal\u00e1ban nem jelent\u0151s probl\u00e9ma.<\/p>\n<h2>A hat\u00e1s id\u0151tartama: Cenforce kontra egy\u00e9b kezel\u00e9sek<\/h2>\n<p>A Cenforce hat\u00e1sa k\u00f6r\u00fclbel\u00fcl n\u00e9gy-hat \u00f3r\u00e1n \u00e1t tarthat, jelent\u0151s ablakot biztos\u00edtva a szexu\u00e1lis tev\u00e9kenys\u00e9ghez. Ez az id\u0151tartam sok felhaszn\u00e1l\u00f3 sz\u00e1m\u00e1ra megfelel\u0151, de n\u00e9mi tervez\u00e9st ig\u00e9nyel a haszn\u00e1lat k\u00f6r\u00fcl.<\/p>\n<p>Ezzel szemben a Tadalafil elh\u00faz\u00f3d\u00f3, ak\u00e1r 36 \u00f3r\u00e1ig tart\u00f3 hat\u00e1startam\u00e1r\u00f3l ismert, ez\u00e9rt gyakran nevezik &quot;h\u00e9tv\u00e9gi tabletta.&quot; Ez a meghosszabb\u00edtott id\u0151tartam t\u00f6bb spontaneit\u00e1st k\u00edn\u00e1l, ami vonz\u00f3 lehet n\u00e9h\u00e1ny felhaszn\u00e1l\u00f3 sz\u00e1m\u00e1ra. A Vardenafil id\u0151tartama hasonl\u00f3 a Cenforce-\u00e9hoz, \u00e1ltal\u00e1ban n\u00e9gy-\u00f6t \u00f3r\u00e1ig tart.<\/p>\n<h2>A Cenforce el\u00e9rhet\u0151s\u00e9ge \u00e9s hozz\u00e1f\u00e9rhet\u0151s\u00e9ge<\/h2>\n<p>A Cenforce \u00e1ltal\u00e1nos gy\u00f3gyszerk\u00e9nt sz\u00e9les k\u00f6rben el\u00e9rhet\u0151, \u00edgy a betegek sz\u00e9les k\u00f6re sz\u00e1m\u00e1ra el\u00e9rhet\u0151. Sz\u00e1mos orsz\u00e1gban kaphat\u00f3 receptre, \u00e9s gyakran online gy\u00f3gyszert\u00e1rakb\u00f3l is beszerezhet\u0151. Ez a rendelkez\u00e9sre \u00e1ll\u00e1s az egyik legfontosabb el\u0151nye, k\u00fcl\u00f6n\u00f6sen azokban a r\u00e9gi\u00f3kban, ahol a m\u00e1rk\u00e1s gy\u00f3gyszerek, p\u00e9ld\u00e1ul a Viagra kev\u00e9sb\u00e9 hozz\u00e1f\u00e9rhet\u0151ek vagy dr\u00e1g\u00e1bbak.<\/p>\n<p>Ezenk\u00edv\u00fcl a Cenforce sz\u00e9les k\u00f6rben t\u00f6rt\u00e9n\u0151 gy\u00e1rt\u00e1sa a k\u00fcl\u00f6nb\u00f6z\u0151 gy\u00f3gyszergy\u00e1rt\u00f3k \u00e1ltal seg\u00edti az \u00e1rak versenyk\u00e9pess\u00e9g\u00e9t. Ez a hozz\u00e1f\u00e9rhet\u0151s\u00e9g biztos\u00edtja, hogy t\u00f6bb egy\u00e9n k\u00e9rjen kezel\u00e9st ED-vel an\u00e9lk\u00fcl, hogy p\u00e9nz\u00fcgyi akad\u00e1lyokkal kellene szemben\u00e9znie.<\/p>\n<h2>Cenforce \u00e9s hat\u00e1smechanizmusa<\/h2>\n<p>A Cenforce hat\u00e1smechanizmusa mag\u00e1ban foglalja az 5-\u00f6s t\u00edpus\u00fa foszfodi\u00e9szter\u00e1z (PDE5) enzim g\u00e1tl\u00e1s\u00e1t. A PDE5 blokkol\u00e1s\u00e1val a Cenforce el\u0151seg\u00edti a ciklikus guanozin-monofoszf\u00e1t (cGMP) szintj\u00e9nek emelked\u00e9s\u00e9t, ami ellaz\u00edtja a simaizmokat \u00e9s kit\u00e1g\u00edtja az ereket a p\u00e9niszben, ami jobb v\u00e9r\u00e1raml\u00e1st \u00e9s erekci\u00f3t eredm\u00e9nyez.<\/p>\n<p>Ez a biok\u00e9miai folyamat hasonl\u00f3 a t\u00f6bbi PDE5-inhibitorhoz, ami al\u00e1h\u00fazza ezeknek a gy\u00f3gyszereknek az oszt\u00e1lyhat\u00e1s\u00e1t. Ennek a mechanizmusnak a meg\u00e9rt\u00e9se seg\u00edthet a betegeknek meg\u00e9rteni, hogyan m\u0171k\u00f6dik a gy\u00f3gyszer, \u00e9s mi\u00e9rt hat\u00e9kony az ED kezel\u00e9s\u00e9ben.<\/p>\n<h2>A Cenforce \u00f6sszehasonl\u00edt\u00e1sa a tadalafil alap\u00fa gy\u00f3gyszerekkel<\/h2>\n<p>M\u00edg a Cenforce \u00e9s a Tadalafil (Cialis) egyar\u00e1nt PDE5 g\u00e1tl\u00f3k, t\u00f6bb szempontb\u00f3l is k\u00fcl\u00f6nb\u00f6znek egym\u00e1st\u00f3l. A tadalafil hosszan tart\u00f3 hat\u00e1sair\u00f3l h\u00edres, \u00e9s napi adagban kaphat\u00f3, amely a szexu\u00e1lis tev\u00e9kenys\u00e9g id\u0151z\u00edt\u00e9s\u00e9t\u0151l f\u00fcggetlen\u00fcl bevehet\u0151. Ez a napi lehet\u0151s\u00e9g \u00e1lland\u00f3 k\u00e9szenl\u00e9tet biztos\u00edt, amit egyes betegek el\u0151nyben r\u00e9szes\u00edtenek.<\/p>\n<p>Ezzel szemben a Cenforce-t \u00e1ltal\u00e1ban sz\u00fcks\u00e9g szerint haszn\u00e1lj\u00e1k, ami alkalmasabb lehet olyan szem\u00e9lyek sz\u00e1m\u00e1ra, akik ritk\u00e1bban folytatnak szexu\u00e1lis tev\u00e9kenys\u00e9get. A gy\u00f3gyszerek k\u00f6z\u00f6tti v\u00e1laszt\u00e1s gyakran a szem\u00e9lyes preferenci\u00e1kon, a szexu\u00e1lis aktivit\u00e1s gyakoris\u00e1g\u00e1n \u00e9s az \u00e9letm\u00f3dbeli megfontol\u00e1sokon m\u00falik.<\/p>\n<h2>Felhaszn\u00e1l\u00f3i v\u00e9lem\u00e9nyek: Cenforce vs egy\u00e9b gy\u00f3gyszerek<\/h2>\n<p>A felhaszn\u00e1l\u00f3i v\u00e9lem\u00e9nyek a Cenforce-r\u00f3l \u00e1ltal\u00e1ban pozit\u00edvak, \u00e9s sokan el\u00e9gedettek a hat\u00e9konys\u00e1g\u00e1val \u00e9s megfizethet\u0151s\u00e9g\u00e9vel. A betegek gyakran \u00e9rt\u00e9kelik a Viagr\u00e1hoz val\u00f3 hasonl\u00f3s\u00e1g\u00e1t a hat\u00e9konys\u00e1g tekintet\u00e9ben, mik\u00f6zben l\u00e9nyegesen olcs\u00f3bb.<\/p>\n<p>A Tadalafil egyes felhaszn\u00e1l\u00f3i azonban arr\u00f3l sz\u00e1molnak be, hogy a hosszabb id\u0151tartamot r\u00e9szes\u00edtik el\u0151nyben, ami nagyobb spontaneit\u00e1st tesz lehet\u0151v\u00e9. M\u00e1sok el\u0151nyben r\u00e9szes\u00edthetik a Cenforce-t gyors fell\u00e9p\u00e9se \u00e9s r\u00f6videbb id\u0151tartama miatt, ami bizonyos helyzetekben el\u0151ny\u00f6snek tekinthet\u0151. A szem\u00e9lyes tapasztalatok igen v\u00e1ltozatosak, ami r\u00e1vil\u00e1g\u00edt az ED-kezel\u00e9s egy\u00e9ni ig\u00e9nyekhez igaz\u00edt\u00e1s\u00e1nak fontoss\u00e1g\u00e1ra.<\/p>\n<h2>Er\u0151fesz\u00edt\u00e9si \u00e9s \u00e9letm\u00f3dbeli megfontol\u00e1sok<\/h2>\n<p>A Cenforce-t, m\u00e1s ED-gy\u00f3gyszerekhez hasonl\u00f3an, \u00e9letm\u00f3dbeli t\u00e9nyez\u0151k is befoly\u00e1solhatj\u00e1k. Az alkoholfogyaszt\u00e1s p\u00e9ld\u00e1ul cs\u00f6kkentheti a Cenforce hat\u00e9konys\u00e1g\u00e1t \u00e9s s\u00falyosb\u00edthatja a mell\u00e9khat\u00e1sokat. A betegeknek gyakran azt tan\u00e1csolj\u00e1k, hogy korl\u00e1tozz\u00e1k az alkoholfogyaszt\u00e1st \u00e9s tarts\u00e1k fenn az eg\u00e9szs\u00e9ges \u00e9letm\u00f3dot, hogy maximaliz\u00e1lj\u00e1k a gy\u00f3gyszer el\u0151nyeit.<\/p>\n<p>A di\u00e9ta is szerepet j\u00e1tszhat, mivel a magas zs\u00edrtartalm\u00fa \u00e9telek k\u00e9sleltethetik a Cenforce hat\u00e1s\u00e1nak kezdet\u00e9t. Ez\u00e9rt a betegek jobb eredm\u00e9nyeket \u00e9rhetnek el, ha \u00e9hgyomorra vagy zs\u00edrszeg\u00e9ny \u00e9tkez\u00e9s ut\u00e1n veszik be a gy\u00f3gyszert. Ezek a megfontol\u00e1sok fontosak a kezel\u00e9si eredm\u00e9nyek optimaliz\u00e1l\u00e1sa \u00e9s a szexu\u00e1lis eg\u00e9szs\u00e9g jav\u00edt\u00e1sa szempontj\u00e1b\u00f3l.<\/p>\n<h2>V\u00e9nyk\u00f6teles vs v\u00e9ny n\u00e9lk\u00fcl kaphat\u00f3: Cenforce \u00e9s alternat\u00edv\u00e1k<\/h2>\n<p>A Cenforce v\u00e9nyk\u00f6teles, ak\u00e1rcsak a legt\u00f6bb hat\u00e9kony ED-kezel\u00e9s. Ez biztos\u00edtja, hogy a betegek megfelel\u0151 \u00e9rt\u00e9kel\u00e9st kapjanak, \u00e9s hogy a gy\u00f3gyszer megfelel\u0151 legyen az eg\u00e9szs\u00e9gi \u00e1llapotuknak. A v\u00e9nyk\u00f6teles \u00e1llapot a m\u00e1s gy\u00f3gyszerekkel val\u00f3 lehets\u00e9ges k\u00f6lcs\u00f6nhat\u00e1sok nyomon k\u00f6vet\u00e9s\u00e9ben is seg\u00edt.<\/p>\n<p>A v\u00e9ny n\u00e9lk\u00fcl kaphat\u00f3 alternat\u00edv\u00e1k, amelyeket gyakran \u00e9trend-kieg\u00e9sz\u00edt\u0151k\u00e9nt forgalmaznak, jellemz\u0151en nem \u00e1llnak rendelkez\u00e9sre szil\u00e1rd klinikai bizony\u00edt\u00e9kok, \u00e9s kock\u00e1zatot jelenthetnek a szab\u00e1lyozatlan \u00f6sszetev\u0151k miatt. A biztons\u00e1gos \u00e9s hat\u00e9kony kezel\u00e9st keres\u0151 betegeket arra biztatjuk, hogy konzult\u00e1ljanak eg\u00e9szs\u00e9g\u00fcgyi szolg\u00e1ltat\u00f3kkal olyan v\u00e9nyk\u00f6teles lehet\u0151s\u00e9gekr\u0151l, mint a Cenforce.<\/p>\n<h2>A Cenforce hat\u00e1sa a hossz\u00fa t\u00e1v\u00fa eg\u00e9szs\u00e9gre<\/h2>\n<p>Korl\u00e1tozott bizony\u00edt\u00e9k \u00e1ll rendelkez\u00e9sre arra vonatkoz\u00f3an, hogy a Cenforce vagy m\u00e1s PDE5-g\u00e1tl\u00f3k rendszeres haszn\u00e1lata k\u00e1ros, hossz\u00fa t\u00e1v\u00fa eg\u00e9szs\u00e9gk\u00e1ros\u00edt\u00f3 hat\u00e1ssal j\u00e1r, ha az utas\u00edt\u00e1soknak megfelel\u0151en haszn\u00e1lj\u00e1k. A helytelen vagy t\u00falzott haszn\u00e1lat azonban komplik\u00e1ci\u00f3khoz vezethet, ami al\u00e1h\u00fazza az orvosi \u00fatmutat\u00e1s fontoss\u00e1g\u00e1t.<\/p>\n<p>Ezenk\u00edv\u00fcl az ED m\u00f6g\u00f6ttes okok, p\u00e9ld\u00e1ul a sz\u00edv- \u00e9s \u00e9rrendszeri betegs\u00e9gek vagy a cukorbetegs\u00e9g kezel\u00e9se jelent\u0151s eg\u00e9szs\u00e9g\u00fcgyi el\u0151ny\u00f6kkel j\u00e1rhat. Ez\u00e9rt b\u00e1r a Cenforce k\u00e9pes kezelni a t\u00fcneteket, a kapcsol\u00f3d\u00f3 eg\u00e9szs\u00e9g\u00fcgyi probl\u00e9m\u00e1k \u00e1tfog\u00f3 kezel\u00e9se kulcsfontoss\u00e1g\u00fa a hossz\u00fa t\u00e1v\u00fa j\u00f3l\u00e9t szempontj\u00e1b\u00f3l.<\/p>\n<h2>K\u00f6lts\u00e9gek \u00f6sszehasonl\u00edt\u00e1sa: Cenforce \u00e9s hasonl\u00f3 gy\u00f3gyszerek<\/h2>\n<p>Gazdas\u00e1gi szempontb\u00f3l a Cenforce jelent\u0151s el\u0151nyt k\u00edn\u00e1l az olyan m\u00e1rk\u00e1s gy\u00f3gyszerekkel szemben, mint a Viagra. A Cenforce k\u00f6lts\u00e9ghat\u00e9konys\u00e1ga generikus gy\u00f3gyszerk\u00e9nt val\u00f3 st\u00e1tusz\u00e1b\u00f3l fakad, ami cs\u00f6kkenti a gy\u00e1rt\u00e1si \u00e9s marketingk\u00f6lts\u00e9geket.<\/p>\n<p>M\u00edg a Tadalafil \u00e9s a Vardenafil generikus szerek is rendelkez\u00e9sre \u00e1llnak, a Cenforce gyakran tov\u00e1bbra is a gazdas\u00e1gosabb v\u00e1laszt\u00e1s, k\u00fcl\u00f6n\u00f6sen a gyakori haszn\u00e1latot ig\u00e9nyl\u0151 betegek sz\u00e1m\u00e1ra. Ez a megfizethet\u0151s\u00e9g lehet\u0151v\u00e9 teszi, hogy t\u00f6bb szem\u00e9ly r\u00e9szes\u00fclj\u00f6n hat\u00e9kony ED-kezel\u00e9sben p\u00e9nz\u00fcgyi megterhel\u00e9s n\u00e9lk\u00fcl.<\/p>\n<h2>Szak\u00e9rt\u0151i v\u00e9lem\u00e9nyek a Cenforce hat\u00e9konys\u00e1g\u00e1r\u00f3l \u00e9s biztons\u00e1g\u00e1r\u00f3l<\/h2>\n<p>Az eg\u00e9szs\u00e9g\u00fcgyi szakemberek \u00e1ltal\u00e1ban a Cenforce-t az erekci\u00f3s zavarok biztons\u00e1gos \u00e9s hat\u00e9kony kezel\u00e9s\u00e9nek tekintik, \u00f6sszhangban m\u00e1s szildenafil alap\u00fa gy\u00f3gyszerek hat\u00e9konys\u00e1g\u00e1val. A szak\u00e9rt\u0151k gyakran aj\u00e1nlj\u00e1k els\u0151 vonalbeli kezel\u00e9sk\u00e9nt, bizony\u00edtott el\u0151\u00e9lete \u00e9s megfizethet\u0151s\u00e9ge miatt.<\/p>\n<p>A biztons\u00e1gi megfontol\u00e1sok hasonl\u00f3ak m\u00e1s PDE5-inhibitorokhoz, az eg\u00e9szs\u00e9g\u00fcgyi szolg\u00e1ltat\u00f3k hangs\u00falyozz\u00e1k az el\u0151\u00edrt adagok betart\u00e1s\u00e1nak \u00e9s a lehets\u00e9ges gy\u00f3gyszerk\u00f6lcs\u00f6nhat\u00e1sok tudatoss\u00e1g\u00e1nak fontoss\u00e1g\u00e1t. A folyamatos kutat\u00e1s \u00e9s a val\u00f3s betegek tapasztalatai hozz\u00e1j\u00e1rulnak a Cenforce ED-kezel\u00e9sben bet\u00f6lt\u00f6tt szerep\u00e9nek \u00e1tfog\u00f3 meg\u00e9rt\u00e9s\u00e9hez.<\/p>\n","protected":false},"excerpt":{"rendered":"<p>A Cenforce \u00f6sszehasonl\u00edt\u00e1sa m\u00e1s gy\u00f3gyszerekkel A Cenforce \u00e1rnyalatainak felt\u00e1r\u00e1sa m\u00e1s mereved\u00e9si zavarok kezel\u00e9s\u00e9re szolg\u00e1l\u00f3 gy\u00f3gyszerekkel \u00f6sszehasonl\u00edtva, bele\u00e9rtve a hat\u00e9konys\u00e1got, a mell\u00e9khat\u00e1sokat \u00e9s a k\u00f6lts\u00e9geket. A Cenforce \u00e1ttekint\u00e9se: felhaszn\u00e1l\u00e1sok \u00e9s el\u0151ny\u00f6k A Cenforce egy olyan gy\u00f3gyszer, amelyet els\u0151sorban a f\u00e9rfiak mereved\u00e9si zavar\u00e1nak (ED) kezel\u00e9s\u00e9re haszn\u00e1lnak. Szildenafil-citr\u00e1tot tartalmaz, ugyanazt a hat\u00f3anyagot, mint a Viagr\u00e1ban, amely a p\u00e9nisz<\/p>\n<div><a class=\"btn-filled btn\" href=\"https:\/\/bouwstenenverhuur.brogt.nl\/index.php\/a-cenforce-attekintese-felhasznalasok-es-elonyok\/\" title=\"A Cenforce \u00e1ttekint\u00e9se: felhaszn\u00e1l\u00e1sok \u00e9s el\u0151ny\u00f6k\">Read More<\/a><\/div>\n","protected":false},"author":1,"featured_media":0,"parent":0,"menu_order":0,"comment_status":"closed","ping_status":"closed","template":"","meta":{"footnotes":""},"class_list":["post-52286","page","type-page","status-publish","hentry"],"_links":{"self":[{"href":"https:\/\/bouwstenenverhuur.brogt.nl\/index.php\/wp-json\/wp\/v2\/pages\/52286","targetHints":{"allow":["GET"]}}],"collection":[{"href":"https:\/\/bouwstenenverhuur.brogt.nl\/index.php\/wp-json\/wp\/v2\/pages"}],"about":[{"href":"https:\/\/bouwstenenverhuur.brogt.nl\/index.php\/wp-json\/wp\/v2\/types\/page"}],"author":[{"embeddable":true,"href":"https:\/\/bouwstenenverhuur.brogt.nl\/index.php\/wp-json\/wp\/v2\/users\/1"}],"replies":[{"embeddable":true,"href":"https:\/\/bouwstenenverhuur.brogt.nl\/index.php\/wp-json\/wp\/v2\/comments?post=52286"}],"version-history":[{"count":1,"href":"https:\/\/bouwstenenverhuur.brogt.nl\/index.php\/wp-json\/wp\/v2\/pages\/52286\/revisions"}],"predecessor-version":[{"id":52288,"href":"https:\/\/bouwstenenverhuur.brogt.nl\/index.php\/wp-json\/wp\/v2\/pages\/52286\/revisions\/52288"}],"wp:attachment":[{"href":"https:\/\/bouwstenenverhuur.brogt.nl\/index.php\/wp-json\/wp\/v2\/media?parent=52286"}],"curies":[{"name":"wp","href":"https:\/\/api.w.org\/{rel}","templated":true}]}}