{"id":52206,"date":"2026-03-24T08:36:06","date_gmt":"2026-03-24T08:36:06","guid":{"rendered":"https:\/\/bouwstenenverhuur.brogt.nl\/?page_id=52206"},"modified":"2026-03-24T08:36:06","modified_gmt":"2026-03-24T08:36:06","slug":"co-je-to-doxycyklin-a-ako-to-funguje","status":"publish","type":"page","link":"https:\/\/bouwstenenverhuur.brogt.nl\/index.php\/co-je-to-doxycyklin-a-ako-to-funguje\/","title":{"rendered":"\u010co je to doxycykl\u00edn a ako to funguje?"},"content":{"rendered":"<h1>\u010casto kladen\u00e9 ot\u00e1zky o doxycykl\u00edne: zodpovedan\u00fdch 10 najd\u00f4le\u017eitej\u0161\u00edch ot\u00e1zok<\/h1>\n<p>Objavte z\u00e1kladn\u00e9 inform\u00e1cie o doxycykl\u00edne, od jeho pou\u017eitia a prevent\u00edvnych opatren\u00ed a\u017e po interakcie a alternat\u00edvy.<\/p>\n<h2>\u010co je to doxycykl\u00edn a ako to funguje?<\/h2>\n<p>Doxycykl\u00edn je \u0161iroko pou\u017e\u00edvan\u00e9 antibiotikum patriace do triedy tetracykl\u00ednov. Funguje tak, \u017ee inhibuje produkciu prote\u00ednov, ktor\u00e9 bakt\u00e9rie potrebuj\u00fa na rast a mno\u017eenie, \u010d\u00edm \u00fa\u010dinne zastavuje \u0161\u00edrenie infekcie. Na rozdiel od niektor\u00fdch in\u00fdch antibiot\u00edk je doxycykl\u00edn bakteriostatick\u00fd, \u010do znamen\u00e1, \u017ee bakt\u00e9rie priamo nezab\u00edja, ale sk\u00f4r zabra\u0148uje ich mno\u017eeniu, \u010do umo\u017e\u0148uje imunitn\u00e9mu syst\u00e9mu tela eliminova\u0165 existuj\u00face bakt\u00e9rie.<\/p>\n<p>Toto antibiotikum je \u00fa\u010dinn\u00e9 proti \u0161irok\u00e9mu spektru bakteri\u00e1lnych infekci\u00ed, \u010do z neho rob\u00ed v\u0161estrann\u00fa mo\u017enos\u0165 lie\u010dby. Jeho schopnos\u0165 prenika\u0165 do telesn\u00fdch tkan\u00edv a tekut\u00edn mu umo\u017e\u0148uje bojova\u0165 s infekciami v r\u00f4znych \u010dastiach tela, od d\u00fdchac\u00edch ciest a\u017e po mo\u010dov\u00e9 cesty. Mechanizmus \u00fa\u010dinku lieku je rozhoduj\u00faci pri lie\u010dbe infekci\u00ed, kde r\u00fdchly rast bakt\u00e9ri\u00ed m\u00f4\u017ee vies\u0165 k z\u00e1va\u017en\u00fdm zdravotn\u00fdm komplik\u00e1ci\u00e1m.<\/p>\n<h2>Ak\u00e9 podmienky lie\u010di doxycykl\u00edn?<\/h2>\n<p>Doxycykl\u00edn sa predpisuje na lie\u010dbu viacer\u00fdch bakteri\u00e1lnych infekci\u00ed vr\u00e1tane infekci\u00ed d\u00fdchac\u00edch ciest, ako je pneum\u00f3nia a bronchit\u00edda, ako aj ko\u017en\u00fdch stavov, ako je akn\u00e9 a rosacea. Je \u00fa\u010dinn\u00fd aj proti pohlavne prenosn\u00fdm infekci\u00e1m, ako s\u00fa chlam\u00fddie a syfilis, a dok\u00e1\u017ee lie\u010di\u0165 ur\u010dit\u00e9 typy infekci\u00ed mo\u010dov\u00fdch ciest. \u0160irokospektr\u00e1lna aktivita lieku z neho rob\u00ed be\u017en\u00fa vo\u013ebu pre stavy, pri ktor\u00fdch e\u0161te nebola identifikovan\u00e1 \u0161pecifick\u00e1 bakteri\u00e1lna pr\u00ed\u010dina.<\/p>\n<p>Okrem t\u00fdchto pou\u017eit\u00ed sa doxycykl\u00edn pou\u017e\u00edva ako prevent\u00edvne opatrenie proti mal\u00e1rii v oblastiach, kde choroba prevl\u00e1da. Pou\u017e\u00edva sa aj pri lie\u010dbe lymskej boreli\u00f3zy a m\u00f4\u017ee by\u0165 s\u00fa\u010das\u0165ou lie\u010debn\u00e9ho re\u017eimu pri expoz\u00edcii antraxu. Jeho \u00fa\u010dinnos\u0165 pri lie\u010dbe \u0161irok\u00e9ho spektra infekci\u00ed z neho rob\u00ed z\u00e1klad v prim\u00e1rnej starostlivosti aj v \u0161pecializovan\u00fdch lek\u00e1rskych zariadeniach.<\/p>\n<h2>Ako sa m\u00e1 u\u017e\u00edva\u0165 doxycykl\u00edn?<\/h2>\n<p>Doxycykl\u00edn sa m\u00e1 u\u017e\u00edva\u0165 presne pod\u013ea predpisu poskytovate\u013ea zdravotnej starostlivosti. Typicky sa pod\u00e1va or\u00e1lne vo forme tabliet alebo kaps\u00fal a d\u00e1vka z\u00e1vis\u00ed od konkr\u00e9tneho lie\u010den\u00e9ho stavu. Zvy\u010dajne sa odpor\u00fa\u010da u\u017e\u00edva\u0165 liek s pln\u00fdm poh\u00e1rom vody, aby sa zabr\u00e1nilo podr\u00e1\u017edeniu pa\u017eer\u00e1ka a napomohlo vstreb\u00e1vaniu.<\/p>\n<p>Na dosiahnutie optim\u00e1lnych v\u00fdsledkov sa m\u00e1 doxycykl\u00edn u\u017e\u00edva\u0165 ka\u017ed\u00fd de\u0148 v rovnakom \u010dase, s jedlom alebo bez jedla. Niektor\u00e9 potraviny a doplnky, najm\u00e4 tie s vysok\u00fdm obsahom v\u00e1pnika, \u017eeleza alebo hor\u010d\u00edka, v\u0161ak m\u00f4\u017eu ovplyvni\u0165 vstreb\u00e1vanie lieku a mali by sa konzumova\u0165 v r\u00f4znych \u010dasoch. Je d\u00f4le\u017eit\u00e9 dokon\u010di\u0165 cel\u00fd priebeh lie\u010dby, aj ke\u010f sa pr\u00edznaky zlep\u0161ia, preto\u017ee v\u010dasn\u00e9 zastavenie lie\u010dby m\u00f4\u017ee vies\u0165 k op\u00e4tovn\u00e9mu v\u00fdskytu infekcie.<\/p>\n<h2>Existuj\u00fa nejak\u00e9 ved\u013eaj\u0161ie \u00fa\u010dinky doxycykl\u00ednu?<\/h2>\n<p>Tak ako v\u0161etky lieky, aj Doxycycline m\u00f4\u017ee <a href=\"https:\/\/zdraviedomov.com\/kupit-doxycyklin-bez-predpisu\">https:\/\/zdraviedomov.com\/kupit-doxycyklin-bez-predpisu<\/a> sp\u00f4sobova\u0165 ved\u013eaj\u0161ie \u00fa\u010dinky, hoci sa neprejavia u ka\u017ed\u00e9ho. \u010cast\u00e9 ved\u013eaj\u0161ie \u00fa\u010dinky zah\u0155\u0148aj\u00fa gastrointestin\u00e1lne probl\u00e9my, ako je nevo\u013enos\u0165, hna\u010dka a abdomin\u00e1lny diskomfort. Niektor\u00ed jedinci m\u00f4\u017eu tie\u017e poci\u0165ova\u0165 citlivos\u0165 poko\u017eky na slne\u010dn\u00e9 \u017eiarenie, \u010d\u00edm sa zvy\u0161uje riziko sp\u00e1lenia.<\/p>\n<p>M\u00f4\u017eu sa vyskytn\u00fa\u0165 z\u00e1va\u017enej\u0161ie ved\u013eaj\u0161ie \u00fa\u010dinky, aj ke\u010f zriedkav\u00e9. Patria sem siln\u00e9 bolesti hlavy, zmeny videnia a pr\u00edznaky alergickej reakcie, ako je vyr\u00e1\u017eka, svrbenie alebo opuch. Ak sa vyskytn\u00fa nejak\u00e9 z\u00e1va\u017en\u00e9 ved\u013eaj\u0161ie \u00fa\u010dinky, je d\u00f4le\u017eit\u00e9 okam\u017eite vyh\u013eada\u0165 lek\u00e1rsku pomoc. Diskusia o mo\u017en\u00fdch ved\u013eaj\u0161\u00edch \u00fa\u010dinkoch s poskytovate\u013eom zdravotnej starostlivosti pred za\u010dat\u00edm lie\u010dby Doxycykl\u00ednom m\u00f4\u017ee pom\u00f4c\u0165 zvl\u00e1dnu\u0165 o\u010dak\u00e1vania a poskytn\u00fa\u0165 n\u00e1vod, \u010do robi\u0165, ak sa vyskytn\u00fa.<\/p>\n<h2>Ak\u00e9 opatrenia je potrebn\u00e9 dodr\u017eiava\u0165 pri pou\u017e\u00edvan\u00ed doxycykl\u00ednu?<\/h2>\n<p>Pred za\u010dat\u00edm u\u017e\u00edvania doxycykl\u00ednu je nevyhnutn\u00e9 informova\u0165 poskytovate\u013ea zdravotnej starostlivosti o v\u0161etk\u00fdch existuj\u00facich zdravotn\u00fdch probl\u00e9moch, najm\u00e4 o chorob\u00e1ch pe\u010dene alebo obli\u010diek, preto\u017ee tieto m\u00f4\u017eu ovplyvni\u0165 sp\u00f4sob spracovania lieku v tele. Pacienti by mali tie\u017e ozn\u00e1mi\u0165 ak\u00e9ko\u013evek alergie na lieky, najm\u00e4 antibiotik\u00e1 s\u00favisiace s tetracykl\u00ednmi.<\/p>\n<p>Je tie\u017e d\u00f4le\u017eit\u00e9 vyhn\u00fa\u0165 sa dlhodob\u00e9mu vystaveniu slne\u010dn\u00e9mu \u017eiareniu alebo umel\u00e9mu UV \u017eiareniu, ako s\u00fa sol\u00e1ri\u00e1, preto\u017ee doxycykl\u00edn m\u00f4\u017ee zv\u00fd\u0161i\u0165 fotosenzitivitu. Nosenie ochrann\u00e9ho odevu a pou\u017e\u00edvanie opa\u013eovacieho kr\u00e9mu vonku m\u00f4\u017ee pom\u00f4c\u0165 zmierni\u0165 toto riziko. Okrem toho by si pacienti mali by\u0165 vedom\u00ed mo\u017enosti rezistencie na antibiotik\u00e1, ktor\u00e1 sa m\u00f4\u017ee vyskytn\u00fa\u0165, ak sa liek pou\u017e\u00edva nevhodne alebo bez riadneho lek\u00e1rskeho dozoru.<\/p>\n<h2>M\u00f4\u017ee sa doxycykl\u00edn u\u017e\u00edva\u0165 po\u010das tehotenstva?<\/h2>\n<p>Doxycykl\u00edn sa vo v\u0161eobecnosti neodpor\u00fa\u010da po\u010das tehotenstva, najm\u00e4 v druhom a tre\u0165om trimestri, kv\u00f4li mo\u017en\u00fdm rizik\u00e1m pre vyv\u00edjaj\u00faci sa plod. Liek m\u00f4\u017ee ovplyvni\u0165 v\u00fdvoj kost\u00ed a zubov, \u010do m\u00f4\u017ee vies\u0165 k trval\u00e9mu sfarbeniu zubov u det\u00ed. V d\u00f4sledku toho sa poskytovatelia zdravotnej starostlivosti zvy\u010dajne rozhoduj\u00fa pre alternat\u00edvne antibiotik\u00e1, ktor\u00e9 po\u010das tehotenstva predstavuj\u00fa men\u0161ie riziko.<\/p>\n<p>Av\u0161ak v niektor\u00fdch pr\u00edpadoch, ke\u010f s\u00fa alternat\u00edvne lie\u010dby ne\u00fa\u010dinn\u00e9 alebo nedostupn\u00e9, mo\u017eno st\u00e1le zv\u00e1\u017ei\u0165 doxycykl\u00edn, ak potenci\u00e1lne pr\u00ednosy preva\u017euj\u00fa nad rizikami. Tehotn\u00e9 osoby by sa mali v\u017edy poradi\u0165 so svoj\u00edm poskytovate\u013eom zdravotnej starostlivosti, aby prediskutovali ak\u00e9ko\u013evek obavy a presk\u00famali mo\u017enosti bezpe\u010dnej lie\u010dby.<\/p>\n<h2>Ako doxycykl\u00edn interaguje s in\u00fdmi liekmi?<\/h2>\n<p>Doxycykl\u00edn m\u00f4\u017ee interagova\u0165 s r\u00f4znymi liekmi, \u010do m\u00f4\u017ee potenci\u00e1lne zmeni\u0165 ich \u00fa\u010dinky alebo zv\u00fd\u0161i\u0165 riziko ved\u013eaj\u0161\u00edch \u00fa\u010dinkov. Napr\u00edklad m\u00f4\u017ee zn\u00ed\u017ei\u0165 \u00fa\u010dinnos\u0165 peror\u00e1lnych kontracept\u00edv, tak\u017ee po\u010das lie\u010dby sa m\u00f4\u017eu odporu\u010di\u0165 \u010fal\u0161ie antikoncep\u010dn\u00e9 opatrenia. M\u00f4\u017ee tie\u017e interagova\u0165 s riedidlami krvi, ako je warfar\u00edn, \u010do potenci\u00e1lne zvy\u0161uje riziko krv\u00e1cania.<\/p>\n<p>\u010eal\u0161ie lieky, ktor\u00e9 m\u00f4\u017eu ovplyvni\u0165 \u00fa\u010dinnos\u0165 doxycykl\u00ednu, zah\u0155\u0148aj\u00fa antacid\u00e1, doplnky v\u00e1pnika a ur\u010dit\u00e9 produkty \u017eeleza, ktor\u00e9 m\u00f4\u017eu interferova\u0165 s absorpciou antibiotika. Pacienti by mali svojmu poskytovate\u013eovi zdravotnej starostlivosti poskytn\u00fa\u0165 \u00fapln\u00fd zoznam liekov a doplnkov, ktor\u00e9 u\u017e\u00edvaj\u00fa, aby zvl\u00e1dli a zmiernili ak\u00e9ko\u013evek mo\u017en\u00e9 interakcie.<\/p>\n<h2>\u010co m\u00e1m robi\u0165, ak mi ch\u00fdba d\u00e1vka doxycykl\u00ednu?<\/h2>\n<p>Ak sa vynech\u00e1 d\u00e1vka doxycykl\u00ednu, m\u00e1 sa u\u017ei\u0165 hne\u010f, ako si pacient spomenie. Ak sa v\u0161ak bl\u00ed\u017ei \u010das na \u010fal\u0161iu pl\u00e1novan\u00fa d\u00e1vku, vynechan\u00fa d\u00e1vku treba presko\u010di\u0165 a pokra\u010dova\u0165 v pravidelnom d\u00e1vkovacom re\u017eime. Zdvojn\u00e1sobenie d\u00e1vky, aby ste nahradili vynechan\u00fa d\u00e1vku, sa neodpor\u00fa\u010da, preto\u017ee to m\u00f4\u017ee zv\u00fd\u0161i\u0165 riziko ne\u017eiaducich \u00fa\u010dinkov.<\/p>\n<p>Udr\u017eiavanie konzistentn\u00e9ho harmonogramu s doxycykl\u00ednom je d\u00f4le\u017eit\u00e9 pre optim\u00e1lnu \u00fa\u010dinnos\u0165, tak\u017ee pou\u017e\u00edvanie pripomenut\u00ed alebo nastavenie bud\u00edkov m\u00f4\u017ee by\u0165 u\u017eito\u010dn\u00e9 pre t\u00fdch, ktor\u00ed pova\u017euj\u00fa za n\u00e1ro\u010dn\u00e9 zapam\u00e4ta\u0165 si d\u00e1vky. Ak si nie ste ist\u00ed, \u010do robi\u0165 po vynechanej d\u00e1vke, poradenstvo v\u00e1m m\u00f4\u017ee poskytn\u00fa\u0165 konzult\u00e1cia s poskytovate\u013eom zdravotnej starostlivosti.<\/p>\n<h2>Je bezpe\u010dn\u00e9 pi\u0165 alkohol po\u010das u\u017e\u00edvania doxycykl\u00ednu??<\/h2>\n<p>Hoci sa neo\u010dak\u00e1va, \u017ee mierna konzum\u00e1cia alkoholu v\u00fdznamne ovplyvn\u00ed \u00fa\u010dinnos\u0165 doxycykl\u00ednu, vo v\u0161eobecnosti sa odpor\u00fa\u010da obmedzi\u0165 pr\u00edjem alkoholu po\u010das lie\u010dby antibiotikami. Nadmern\u00e1 konzum\u00e1cia alkoholu m\u00f4\u017ee naru\u0161i\u0165 imunitn\u00fa funkciu a m\u00f4\u017ee zhor\u0161i\u0165 ved\u013eaj\u0161ie \u00fa\u010dinky, ako je nevo\u013enos\u0165 a z\u00e1vraty spojen\u00e9 s doxycykl\u00ednom.<\/p>\n<p>Alkohol m\u00f4\u017ee tie\u017e ovplyvni\u0165 funkciu pe\u010dene, ktor\u00e1 hr\u00e1 k\u013e\u00fa\u010dov\u00fa \u00falohu pri metaboliz\u00e1cii alkoholu aj liekov. Pacienti by mali prediskutova\u0165 svoju konzum\u00e1ciu alkoholu so svoj\u00edm poskytovate\u013eom zdravotnej starostlivosti, aby sa ubezpe\u010dili, \u017ee je bezpe\u010dn\u00e1 v kontexte ich lie\u010debn\u00e9ho pl\u00e1nu.<\/p>\n<h2>Ako bezpe\u010dne uchov\u00e1va\u0165 doxycykl\u00edn?<\/h2>\n<p>Doxycykl\u00edn sa m\u00e1 uchov\u00e1va\u0165 pri izbovej teplote, mimo priameho slne\u010dn\u00e9ho \u017eiarenia, vlhkosti a tepla. Mal by sa uchov\u00e1va\u0165 v p\u00f4vodnej n\u00e1dobe s tesne uzavret\u00fdm vekom, aby sa zachovala jeho \u00fa\u010dinnos\u0165 a zabr\u00e1nilo sa kontamin\u00e1cii.<\/p>\n<p>Tak ako v\u0161etky lieky, aj doxycykl\u00edn sa m\u00e1 uchov\u00e1va\u0165 mimo dosahu det\u00ed a dom\u00e1cich zvierat. Ak liek vypr\u0161al alebo u\u017e nie je potrebn\u00fd, treba ho spr\u00e1vne zlikvidova\u0165 pod\u013ea lek\u00e1rensk\u00fdch alebo miestnych pokynov na likvid\u00e1ciu liekov. Je d\u00f4le\u017eit\u00e9 nesplachova\u0165 lieky do z\u00e1choda ani ich nevylieva\u0165 do dren\u00e1\u017enych syst\u00e9mov, preto\u017ee to m\u00f4\u017ee po\u0161kodi\u0165 \u017eivotn\u00e9 prostredie.<\/p>\n<h2>Ak\u00e9 s\u00fa alternat\u00edvy k doxycykl\u00ednu?<\/h2>\n<p>Ak doxycykl\u00edn nie je vhodn\u00fd, mo\u017eno zv\u00e1\u017ei\u0165 in\u00e9 antibiotik\u00e1 na z\u00e1klade \u0161pecifickej infekcie a potrieb pacienta. Alternat\u00edvy zah\u0155\u0148aj\u00fa makrolidov\u00e9 antibiotik\u00e1 ako azitromyc\u00edn a erytromyc\u00edn, ktor\u00e9 sa \u010dasto pou\u017e\u00edvaj\u00fa pri infekci\u00e1ch d\u00fdchac\u00edch ciest a niektor\u00fdch pohlavne prenosn\u00fdch infekci\u00e1ch.<\/p>\n<p>Pre pacientov, ktor\u00ed s\u00fa alergick\u00ed na tetracykl\u00edny alebo ktor\u00ed potrebuj\u00fa alternat\u00edvu z d\u00f4vodu tehotenstva, m\u00f4\u017eu by\u0165 v z\u00e1vislosti od infekcie vhodnou vo\u013ebou penicil\u00edny a cefalospor\u00edny. V\u00fdber alternat\u00edvneho antibiotika by mal v\u017edy vies\u0165 poskytovate\u013e zdravotnej starostlivosti, ktor\u00fd zv\u00e1\u017ei typ infekcie, v\u0161etky potenci\u00e1lne liekov\u00e9 interakcie a \u0161pecifick\u00e9 faktory pacienta, aby sa zabezpe\u010dila bezpe\u010dn\u00e1 a \u00fa\u010dinn\u00e1 lie\u010dba.<\/p>\n","protected":false},"excerpt":{"rendered":"<p>\u010casto kladen\u00e9 ot\u00e1zky o doxycykl\u00edne: zodpovedan\u00fdch 10 najd\u00f4le\u017eitej\u0161\u00edch ot\u00e1zok Objavte z\u00e1kladn\u00e9 inform\u00e1cie o doxycykl\u00edne, od jeho pou\u017eitia a prevent\u00edvnych opatren\u00ed a\u017e po interakcie a alternat\u00edvy. \u010co je to doxycykl\u00edn a ako to funguje? Doxycykl\u00edn je \u0161iroko pou\u017e\u00edvan\u00e9 antibiotikum patriace do triedy tetracykl\u00ednov. Funguje tak, \u017ee inhibuje produkciu prote\u00ednov, ktor\u00e9 bakt\u00e9rie potrebuj\u00fa na rast a mno\u017eenie,<\/p>\n<div><a class=\"btn-filled btn\" href=\"https:\/\/bouwstenenverhuur.brogt.nl\/index.php\/co-je-to-doxycyklin-a-ako-to-funguje\/\" title=\"\u010co je to doxycykl\u00edn a ako to funguje?\">Read More<\/a><\/div>\n","protected":false},"author":1,"featured_media":0,"parent":0,"menu_order":0,"comment_status":"closed","ping_status":"closed","template":"","meta":{"footnotes":""},"class_list":["post-52206","page","type-page","status-publish","hentry"],"_links":{"self":[{"href":"https:\/\/bouwstenenverhuur.brogt.nl\/index.php\/wp-json\/wp\/v2\/pages\/52206","targetHints":{"allow":["GET"]}}],"collection":[{"href":"https:\/\/bouwstenenverhuur.brogt.nl\/index.php\/wp-json\/wp\/v2\/pages"}],"about":[{"href":"https:\/\/bouwstenenverhuur.brogt.nl\/index.php\/wp-json\/wp\/v2\/types\/page"}],"author":[{"embeddable":true,"href":"https:\/\/bouwstenenverhuur.brogt.nl\/index.php\/wp-json\/wp\/v2\/users\/1"}],"replies":[{"embeddable":true,"href":"https:\/\/bouwstenenverhuur.brogt.nl\/index.php\/wp-json\/wp\/v2\/comments?post=52206"}],"version-history":[{"count":1,"href":"https:\/\/bouwstenenverhuur.brogt.nl\/index.php\/wp-json\/wp\/v2\/pages\/52206\/revisions"}],"predecessor-version":[{"id":52208,"href":"https:\/\/bouwstenenverhuur.brogt.nl\/index.php\/wp-json\/wp\/v2\/pages\/52206\/revisions\/52208"}],"wp:attachment":[{"href":"https:\/\/bouwstenenverhuur.brogt.nl\/index.php\/wp-json\/wp\/v2\/media?parent=52206"}],"curies":[{"name":"wp","href":"https:\/\/api.w.org\/{rel}","templated":true}]}}