{"id":49288,"date":"2026-03-23T16:50:12","date_gmt":"2026-03-23T16:50:12","guid":{"rendered":"https:\/\/bouwstenenverhuur.brogt.nl\/?page_id=49288"},"modified":"2026-03-23T16:50:12","modified_gmt":"2026-03-23T16:50:12","slug":"vyhody-pouzivania-super-p-force","status":"publish","type":"page","link":"https:\/\/bouwstenenverhuur.brogt.nl\/index.php\/vyhody-pouzivania-super-p-force\/","title":{"rendered":"V\u00fdhody pou\u017e\u00edvania Super P Force"},"content":{"rendered":"<h1>V\u0161etko, \u010do by ste mali vedie\u0165 pred k\u00fapou Super P Force<\/h1>\n<p>Super P Force je popul\u00e1rny liek, ktor\u00fd sa pou\u017e\u00edva na lie\u010dbu erektilnej dysfunkcie a pred\u010dasnej ejakul\u00e1cie, ale pred k\u00fapou je d\u00f4le\u017eit\u00e9 porozumie\u0165 jeho zlo\u017ek\u00e1m, v\u00fdhod\u00e1m a potenci\u00e1lnym rizik\u00e1m.<\/p>\n<h2>Pochopenie Super P Force: \u010co to je a ako to funguje<\/h2>\n<p>Super P Force je liek ur\u010den\u00fd na rie\u0161enie dvoch be\u017en\u00fdch probl\u00e9mov, ktor\u00fdm \u010delia mu\u017ei: erektiln\u00e1 dysfunkcia (ED) a pred\u010dasn\u00e1 ejakul\u00e1cia (PE). Kombinuje dve akt\u00edvne zlo\u017eky na rie\u0161enie t\u00fdchto probl\u00e9mov s\u00fa\u010dasne a poskytuje komplexn\u00e9 rie\u0161enie pre zlep\u0161enie sexu\u00e1lnej v\u00fdkonnosti. Lie\u010divo p\u00f4sob\u00ed tak, \u017ee zvy\u0161uje prietok krvi do penisu, \u010do je nevyhnutn\u00e9 na dosiahnutie a udr\u017eanie erekcie, a z\u00e1rove\u0148 od\u010fa\u013euje ejakul\u00e1ciu na zv\u00fd\u0161enie sexu\u00e1lnej spokojnosti.<\/p>\n<p>\u00da\u010dinnos\u0165 Super P Force spo\u010d\u00edva v jeho zlo\u017een\u00ed s dvojit\u00fdm \u00fa\u010dinkom, ktor\u00e9 nielen\u017ee pom\u00e1ha mu\u017eom dosiahnu\u0165 pevnej\u0161iu erekciu, ale tie\u017e predl\u017euje trvanie pohlavn\u00e9ho styku. T\u00e1to dvojit\u00e1 v\u00fdhoda z neho rob\u00ed atrakt\u00edvnu mo\u017enos\u0165 pre t\u00fdch, ktor\u00ed chc\u00fa zlep\u0161i\u0165 svoje sexu\u00e1lne zdravie a sebad\u00f4veru. Je v\u0161ak d\u00f4le\u017eit\u00e9 pochopi\u0165, ako tento liek funguje v tele, aby sa zabezpe\u010dilo bezpe\u010dn\u00e9 a efekt\u00edvne pou\u017e\u00edvanie.<\/p>\n<h2>K\u013e\u00fa\u010dov\u00e9 zlo\u017eky v Super P Force a ich \u00fa\u010dinky<\/h2>\n<p>Super P Force obsahuje dve z\u00e1kladn\u00e9 zlo\u017eky: sildenafil citr\u00e1t a dapoxet\u00edn. Sildenafil citr\u00e1t je rovnak\u00e1 akt\u00edvna zlo\u017eka, ktor\u00e1 sa nach\u00e1dza vo Viagre, zn\u00e1mej lie\u010dbe erektilnej dysfunkcie. \u00da\u010dinkuje tak, \u017ee inhibuje enz\u00fdm fosfodiester\u00e1zu typu 5 (PDE5), ktor\u00fd podporuje zv\u00fd\u0161en\u00fd prietok krvi do penisu a u\u013eah\u010duje erekciu v kombin\u00e1cii so sexu\u00e1lnou stimul\u00e1ciou.<\/p>\n<p>Dapoxet\u00edn je na druhej strane selekt\u00edvny inhib\u00edtor sp\u00e4tn\u00e9ho vychyt\u00e1vania seroton\u00ednu (SSRI), ktor\u00fd sa pou\u017e\u00edva na lie\u010dbu pred\u010dasnej ejakul\u00e1cie. Zvy\u0161ovan\u00edm hlad\u00edn seroton\u00ednu v mozgu pom\u00e1ha dapoxet\u00edn oddiali\u0165 ejakul\u00e1ciu a zlep\u0161i\u0165 kontrolu nad \u0148ou, \u010d\u00edm predl\u017euje trvanie sexu\u00e1lnej aktivity. Spolo\u010dne tieto zlo\u017eky poskytuj\u00fa synergick\u00fd efekt, ktor\u00fd m\u00f4\u017ee v\u00fdrazne zv\u00fd\u0161i\u0165 sexu\u00e1lnu v\u00fdkonnos\u0165.<\/p>\n<h2>V\u00fdhody pou\u017e\u00edvania Super P Force<\/h2>\n<p>Prim\u00e1rnou v\u00fdhodou Super P Force je jeho schopnos\u0165 rie\u0161i\u0165 erektiln\u00fa dysfunkciu a pred\u010dasn\u00fa ejakul\u00e1ciu, v\u010faka \u010domu je jedine\u010dn\u00fdm rie\u0161en\u00edm pre mu\u017eov, ktor\u00ed maj\u00fa tieto probl\u00e9my. Zlep\u0161en\u00edm kvality erekcie a kontroly ejakul\u00e1cie m\u00f4\u017ee liek vies\u0165 k uspokojivej\u0161\u00edm sexu\u00e1lnym z\u00e1\u017eitkom pre oboch partnerov.<\/p>\n<p>Navy\u0161e, Super P Force m\u00f4\u017ee pom\u00f4c\u0165 zv\u00fd\u0161i\u0165 sebavedomie a zn\u00ed\u017ei\u0165 \u00fazkos\u0165 s\u00favisiacu so sexu\u00e1lnym v\u00fdkonom. Pre mnoh\u00fdch mu\u017eov sa t\u00e1to obnoven\u00e1 d\u00f4vera m\u00f4\u017ee premietnu\u0165 do lep\u0161ej celkovej pohody a zlep\u0161en\u00fdch vz\u0165ahov. Navy\u0161e, pohodlie jedn\u00e9ho lieku, ktor\u00fd rie\u0161i viacero probl\u00e9mov sexu\u00e1lneho zdravia, m\u00f4\u017ee pou\u017e\u00edvate\u013eom zjednodu\u0161i\u0165 lie\u010debn\u00e9 re\u017eimy.<\/p>\n<h2>Potenci\u00e1lne ved\u013eaj\u0161ie \u00fa\u010dinky a rizik\u00e1 Super P Force<\/h2>\n<p>Aj ke\u010f je Super P Force vo v\u0161eobecnosti dobre tolerovan\u00fd, nie je bez potenci\u00e1lnych ved\u013eaj\u0161\u00edch \u00fa\u010dinkov. \u010cast\u00e9 ved\u013eaj\u0161ie \u00fa\u010dinky zah\u0155\u0148aj\u00fa bolesti hlavy, n\u00e1valy tepla, z\u00e1vraty a nevo\u013enos\u0165. Niektor\u00ed pou\u017e\u00edvatelia m\u00f4\u017eu zaznamena\u0165 z\u00e1va\u017enej\u0161ie ved\u013eaj\u0161ie \u00fa\u010dinky, ako s\u00fa zmeny videnia, strata sluchu alebo erekcia trvaj\u00faca dlh\u0161ie ako \u0161tyri hodiny, stav zn\u00e1my ako priapizmus, ktor\u00fd si vy\u017eaduje okam\u017eit\u00fa lek\u00e1rsku pomoc.<\/p>\n<p>Je d\u00f4le\u017eit\u00e9, aby si u\u017e\u00edvatelia boli vedom\u00ed potenci\u00e1lnych riz\u00edk spojen\u00fdch s liekom, najm\u00e4 ak maj\u00fa z\u00e1kladn\u00e9 zdravotn\u00e9 \u0165a\u017ekosti alebo u\u017e\u00edvaj\u00fa in\u00e9 lieky, ktor\u00e9 by mohli negat\u00edvne ovplyv\u0148ova\u0165 Super P Force. Konzult\u00e1cia s poskytovate\u013eom zdravotnej starostlivosti pred za\u010dat\u00edm lie\u010dby m\u00f4\u017ee pom\u00f4c\u0165 zmierni\u0165 tieto rizik\u00e1 a zabezpe\u010di\u0165 bezpe\u010dn\u00e9 pou\u017e\u00edvanie.<\/p>\n<h2>Ako spr\u00e1vne pou\u017e\u00edva\u0165 Super P Force na dosiahnutie najlep\u0161\u00edch v\u00fdsledkov<\/h2>\n<p>Spr\u00e1vne pou\u017e\u00edvanie Super P Force je nevyhnutn\u00e9 na dosiahnutie optim\u00e1lnych v\u00fdsledkov pri minimaliz\u00e1cii rizika ved\u013eaj\u0161\u00edch \u00fa\u010dinkov. Liek by sa mal u\u017ei\u0165 pribli\u017ene jednu hodinu pred sexu\u00e1lnou aktivitou, aby sa umo\u017enilo, aby \u00fa\u010dinn\u00e9 zlo\u017eky za\u010dali \u00fa\u010dinkova\u0165. Je d\u00f4le\u017eit\u00e9 dodr\u017eiava\u0165 predp\u00edsan\u00e9 d\u00e1vkovanie a neprekro\u010di\u0165 jednu tabletu v priebehu 24 hod\u00edn.<\/p>\n<p>Super P Force sa m\u00e1 u\u017e\u00edva\u0165 <a href=\"https:\/\/bezpecnalekaren.net\/super-p-force-cena-online-bez-predpisu\">https:\/\/bezpecnalekaren.net\/super-p-force-cena-online-bez-predpisu<\/a> s pln\u00fdm poh\u00e1rom vody a odpor\u00fa\u010da sa vyhn\u00fa\u0165 sa \u0165a\u017ek\u00fdm alebo tu\u010dn\u00fdm jedl\u00e1m tesne pred u\u017eit\u00edm lieku, preto\u017ee m\u00f4\u017eu spomali\u0165 jeho vstreb\u00e1vanie a \u00fa\u010dinnos\u0165. Okrem toho by sa mala obmedzi\u0165 konzum\u00e1cia alkoholu, preto\u017ee m\u00f4\u017ee zhor\u0161i\u0165 ved\u013eaj\u0161ie \u00fa\u010dinky a zhor\u0161i\u0165 \u00fa\u010dinnos\u0165 lieku.<\/p>\n<h2>Porovnanie Super P Force s in\u00fdmi sp\u00f4sobmi lie\u010dby erektilnej dysfunkcie<\/h2>\n<p>Pri porovnan\u00ed Super P Force s in\u00fdmi sp\u00f4sobmi lie\u010dby erektilnej dysfunkcie vynik\u00e1 jeho dvojak\u00fd \u00fa\u010dinok ako v\u00fdznamn\u00e1 v\u00fdhoda. Tradi\u010dn\u00e9 lieky ako Viagra alebo Cialis sa zameriavaj\u00fa v\u00fdlu\u010dne na zlep\u0161enie erektilnej funkcie, zatia\u013e \u010do Super P Force tie\u017e rie\u0161i pred\u010dasn\u00fa ejakul\u00e1ciu a poskytuje komplexnej\u0161ie rie\u0161enie pre mu\u017eov, ktor\u00ed \u010delia obom probl\u00e9mom.<\/p>\n<p>Niektor\u00ed mu\u017ei v\u0161ak m\u00f4\u017eu uprednost\u0148ova\u0165 in\u00e9 lie\u010dby na z\u00e1klade ich \u0161pecifick\u00fdch potrieb alebo anamn\u00e9zy. Napr\u00edklad t\u00ed, ktor\u00ed nemaj\u00fa pred\u010dasn\u00fa ejakul\u00e1ciu, si m\u00f4\u017eu vybra\u0165 liek, ktor\u00fd sa zameriava iba na erektiln\u00fa dysfunkciu. Je d\u00f4le\u017eit\u00e9, aby jednotlivci zv\u00e1\u017eili svoje jedine\u010dn\u00e9 okolnosti a poradili sa s poskytovate\u013eom zdravotnej starostlivosti, aby ur\u010dili najvhodnej\u0161iu mo\u017enos\u0165 lie\u010dby.<\/p>\n<h2>Kto by sa mal vyhn\u00fa\u0165 pou\u017e\u00edvaniu Super P Force?<\/h2>\n<p>Super P Force nie je vhodn\u00fd pre ka\u017ed\u00e9ho a niektor\u00ed jedinci by sa mali vyhn\u00fa\u0165 u\u017e\u00edvaniu lieku. Mu\u017ei s kardiovaskul\u00e1rnymi ochoreniami, ako je \u0165a\u017ek\u00e9 srdcov\u00e9 ochorenie alebo ned\u00e1vny srdcov\u00fd infarkt, by nemali u\u017e\u00edva\u0165 Super P Force kv\u00f4li zv\u00fd\u0161en\u00e9mu riziku komplik\u00e1ci\u00ed. Okrem toho by sa \u013eudia so z\u00e1va\u017en\u00fdm po\u0161koden\u00edm pe\u010dene alebo obli\u010diek mali vyhn\u00fa\u0165 liekom.<\/p>\n<p>Jedinci, ktor\u00ed u\u017e\u00edvaj\u00fa lieky, ktor\u00e9 interaguj\u00fa so sildenafilom alebo dapoxet\u00ednom, ako s\u00fa nitr\u00e1ty alebo niektor\u00e9 antidepres\u00edva, by sa tie\u017e mali zdr\u017ea\u0165 pou\u017e\u00edvania Super P Force. Pred za\u010dat\u00edm tejto lie\u010dby je d\u00f4le\u017eit\u00e9 ozn\u00e1mi\u0165 v\u0161etky lieky a zdravotn\u00e9 stavy poskytovate\u013eovi zdravotnej starostlivosti, aby sa zaistilo, \u017ee je bezpe\u010dn\u00e1 a vhodn\u00e1.<\/p>\n<h2>N\u00e1kup Super P Force: Sprievodca leg\u00e1lnym a bezpe\u010dn\u00fdm n\u00e1kupom<\/h2>\n<p>Pri n\u00e1kupe Super P Force je d\u00f4le\u017eit\u00e9 zabezpe\u010di\u0165, aby bol produkt z\u00edskan\u00fd leg\u00e1lne a bezpe\u010dne. V mnoh\u00fdch krajin\u00e1ch si tento liek vy\u017eaduje lek\u00e1rsky predpis, tak\u017ee konzult\u00e1cia s poskytovate\u013eom zdravotnej starostlivosti je prv\u00fdm krokom. N\u00e1kup v renomovan\u00fdch lek\u00e1r\u0148ach, \u010di u\u017e online alebo osobne, pom\u00e1ha zaisti\u0165, \u017ee produkt je origin\u00e1lny a bezpe\u010dn\u00fd na pou\u017e\u00edvanie.<\/p>\n<p>Spotrebitelia by si mali d\u00e1va\u0165 pozor na n\u00e1kup liekov z neoveren\u00fdch online zdrojov, preto\u017ee fal\u0161ovan\u00e9 produkty s\u00fa ve\u013emi roz\u0161\u00edren\u00e9 a m\u00f4\u017eu predstavova\u0165 v\u00e1\u017ene zdravotn\u00e9 rizik\u00e1. Kontrola spr\u00e1vnosti licenci\u00ed a recenzi\u00ed z\u00e1kazn\u00edkov m\u00f4\u017eu pom\u00f4c\u0165 overi\u0165 legit\u00edmnos\u0165 online lek\u00e1rne.<\/p>\n<h2>Rozpoznanie origin\u00e1lnej sily Super P od falo\u0161n\u00fdch produktov<\/h2>\n<p>Falo\u0161n\u00e9 produkty Super P Force s\u00fa bohu\u017eia\u013e be\u017en\u00e9 a rozpoznanie prav\u00fdch liekov je pre bezpe\u010dnos\u0165 k\u013e\u00fa\u010dov\u00e9. Origin\u00e1lne produkty sa zvy\u010dajne dod\u00e1vaj\u00fa v dobre uzavretom obale s jasn\u00fdm ozna\u010den\u00edm vr\u00e1tane n\u00e1zvu v\u00fdrobcu, d\u00e1vkovania a d\u00e1tumu spotreby.<\/p>\n<p>Spotrebitelia by tie\u017e mali h\u013eada\u0165 jedine\u010dn\u00e9 identifik\u00e1tory, ako s\u00fa hologramy alebo QR k\u00f3dy, ktor\u00e9 je mo\u017en\u00e9 overi\u0165 u v\u00fdrobcu. Ak\u00e9ko\u013evek nezrovnalosti v balen\u00ed alebo ozna\u010den\u00ed by mali vzbudzova\u0165 podozrenie a v pr\u00edpade pochybnost\u00ed o pravosti produktu sa odpor\u00fa\u010da kontaktova\u0165 v\u00fdrobcu alebo poskytovate\u013ea zdravotnej starostlivosti.<\/p>\n<h2>Odpor\u00fa\u010dan\u00e9 d\u00e1vkovanie pre Super P Force<\/h2>\n<p>Ur\u010denie spr\u00e1vneho d\u00e1vkovania Super P Force je nevyhnutn\u00e9 pre bezpe\u010dnos\u0165 a \u00fa\u010dinnos\u0165. \u0160tandardn\u00e1 d\u00e1vka obsahuje 100 mg sildenafilu a 60 mg dapoxet\u00ednu, ale m\u00f4\u017ee by\u0165 upraven\u00e1 na z\u00e1klade individu\u00e1lnych potrieb a odpor\u00fa\u010dan\u00ed lek\u00e1ra. Je d\u00f4le\u017eit\u00e9 dodr\u017eiava\u0165 predp\u00edsan\u00e9 d\u00e1vkovanie a neupravova\u0165 sa sami bez konzult\u00e1cie s poskytovate\u013eom zdravotnej starostlivosti.<\/p>\n<p>U\u017e\u00edvanie v\u00e4\u010d\u0161ej ako odpor\u00fa\u010danej d\u00e1vky m\u00f4\u017ee zv\u00fd\u0161i\u0165 pravdepodobnos\u0165 ved\u013eaj\u0161\u00edch \u00fa\u010dinkov a nezv\u00fd\u0161i \u00fa\u010dinnos\u0165 lieku. Pou\u017e\u00edvatelia by sa mali riadi\u0165 pokynmi, ktor\u00e9 im poskytol ich lek\u00e1r, a okam\u017eite hl\u00e1si\u0165 ak\u00e9ko\u013evek ne\u017eiaduce reakcie alebo obavy.<\/p>\n<h2>Z\u00e1kazn\u00edcke recenzie a sk\u00fasenosti so Super P Force<\/h2>\n<p>Z\u00e1kazn\u00edcke recenzie na Super P Force s\u00fa vo v\u0161eobecnosti pozit\u00edvne, pri\u010dom mnoh\u00ed pou\u017e\u00edvatelia hl\u00e1sia v\u00fdrazn\u00e9 zlep\u0161enie sexu\u00e1lnej v\u00fdkonnosti a spokojnosti. Zlo\u017eenie s dvojit\u00fdm \u00fa\u010dinkom je \u010dasto zd\u00f4raz\u0148ovan\u00e9 ako hlavn\u00fd pr\u00ednos, ktor\u00fd poskytuje komplexn\u00fa lie\u010dbu erektilnej dysfunkcie a pred\u010dasnej ejakul\u00e1cie.<\/p>\n<p>Av\u0161ak, ako pri ka\u017edom lieku, sk\u00fasenosti sa m\u00f4\u017eu l\u00ed\u0161i\u0165 a niektor\u00ed u\u017e\u00edvatelia m\u00f4\u017eu hl\u00e1si\u0165 ved\u013eaj\u0161ie \u00fa\u010dinky alebo menej uspokojiv\u00e9 v\u00fdsledky. \u010c\u00edtanie r\u00f4znych recenzi\u00ed m\u00f4\u017ee poskytn\u00fa\u0165 vyv\u00e1\u017een\u00fd poh\u013ead, ale je d\u00f4le\u017eit\u00e9 si uvedomi\u0165, \u017ee individu\u00e1lne reakcie na lieky sa m\u00f4\u017eu v\u00fdrazne l\u00ed\u0161i\u0165.<\/p>\n<h2>Pred pou\u017eit\u00edm Super P Force sa pora\u010fte s poskytovate\u013eom zdravotnej starostlivosti<\/h2>\n<p>Konzult\u00e1cia s poskytovate\u013eom zdravotnej starostlivosti pred pou\u017eit\u00edm Super P Force je rozhoduj\u00faca, aby sa zabezpe\u010dilo, \u017ee liek je vhodn\u00fd a bezpe\u010dn\u00fd na pou\u017eitie. Lek\u00e1r m\u00f4\u017ee pos\u00fadi\u0165 anamn\u00e9zu, s\u00fa\u010dasn\u00e9 lieky a celkov\u00fd zdravotn\u00fd stav, aby ur\u010dil, \u010di je Super P Force vhodnou mo\u017enos\u0165ou lie\u010dby.<\/p>\n<p>T\u00e1to konzult\u00e1cia m\u00f4\u017ee tie\u017e poskytn\u00fa\u0165 pr\u00edle\u017eitos\u0165 prediskutova\u0165 ak\u00e9ko\u013evek obavy alebo ot\u00e1zky t\u00fdkaj\u00face sa lieku, \u010d\u00edm sa zabezpe\u010d\u00ed, \u017ee pou\u017e\u00edvatelia bud\u00fa ma\u0165 jasn\u00fa predstavu o tom, ako ho pou\u017e\u00edva\u0165 bezpe\u010dne a efekt\u00edvne. Pravideln\u00e9 kontroly u poskytovate\u013ea zdravotnej starostlivosti m\u00f4\u017eu pom\u00f4c\u0165 monitorova\u0165 pokrok a rie\u0161i\u0165 ak\u00e9ko\u013evek probl\u00e9my, ktor\u00e9 m\u00f4\u017eu vznikn\u00fa\u0165 po\u010das lie\u010dby.<\/p>\n<h2>Cena Super P Force a kde k\u00fapi\u0165<\/h2>\n<p>Cena Super P Force sa m\u00f4\u017ee l\u00ed\u0161i\u0165 v z\u00e1vislosti od dod\u00e1vate\u013ea, lokality a od toho, \u010di je zak\u00fapen\u00fd na lek\u00e1rsky predpis. N\u00e1kup v licencovan\u00fdch lek\u00e1r\u0148ach zais\u0165uje pravos\u0165 a bezpe\u010dnos\u0165 produktu, aj ke\u010f ceny m\u00f4\u017eu by\u0165 vy\u0161\u0161ie ako ceny z neoveren\u00fdch online zdrojov.<\/p>\n<p>Je vhodn\u00e9 porovn\u00e1va\u0165 ceny a h\u013eada\u0165 z\u013eavy \u010di ponuky renomovan\u00fdch lek\u00e1rn\u00ed. Zatia\u013e \u010do cena je d\u00f4le\u017eit\u00fdm faktorom, priorita bezpe\u010dnosti a pravosti je rozhoduj\u00faca pri n\u00e1kupe liekov, ako je Super P Force.<\/p>\n<h2>\u017divotn\u00fd \u0161t\u00fdl a stravovanie pri u\u017e\u00edvan\u00ed Super P Force<\/h2>\n<p>Udr\u017eiavanie zdrav\u00e9ho \u017eivotn\u00e9ho \u0161t\u00fdlu m\u00f4\u017ee zv\u00fd\u0161i\u0165 \u00fa\u010dinnos\u0165 Super P Force. Pravideln\u00e9 cvi\u010denie, vyv\u00e1\u017een\u00e1 strava a dostato\u010dn\u00fd sp\u00e1nok m\u00f4\u017eu prispie\u0165 k zlep\u0161eniu sexu\u00e1lneho zdravia. Zn\u00ed\u017eenie stresu a vyh\u00fdbanie sa nadmern\u00e9mu u\u017e\u00edvaniu alkoholu a tabaku m\u00f4\u017ee tie\u017e podpori\u0165 \u00fa\u010dinnos\u0165 lieku.<\/p>\n<p>Dietetick\u00e9 \u00favahy zah\u0155\u0148aj\u00fa vyh\u00fdbanie sa \u0165a\u017ek\u00fdm alebo tu\u010dn\u00fdm jedl\u00e1m v \u010dase u\u017e\u00edvania Super P Force, preto\u017ee m\u00f4\u017eu spomali\u0165 absorpciu. Zosta\u0165 hydratovan\u00fd a konzumova\u0165 stravu bohat\u00fa na ovocie, zeleninu a chud\u00e9 bielkoviny m\u00f4\u017ee podpori\u0165 celkov\u00e9 zdravie a pohodu.<\/p>\n<h2>\u010casto kladen\u00e9 ot\u00e1zky o Super P Force<\/h2>\n<p>Mnoho potenci\u00e1lnych pou\u017e\u00edvate\u013eov m\u00e1 ot\u00e1zky o Super P Force vr\u00e1tane jeho bezpe\u010dnosti, \u00fa\u010dinnosti a porovnan\u00ed s in\u00fdmi sp\u00f4sobmi lie\u010dby. Be\u017en\u00e9 ot\u00e1zky sa t\u00fdkaj\u00fa jeho ved\u013eaj\u0161\u00edch \u00fa\u010dinkov, interakcie s in\u00fdmi liekmi a toho, ako by sa mal u\u017e\u00edva\u0165 na dosiahnutie optim\u00e1lnych v\u00fdsledkov.<\/p>\n<p>Je d\u00f4le\u017eit\u00e9 h\u013eada\u0165 odpovede od spo\u013eahliv\u00fdch zdrojov, ako s\u00fa poskytovatelia zdravotnej starostlivosti alebo ofici\u00e1lne inform\u00e1cie o produktoch, aby ste zabezpe\u010dili presn\u00e9 a u\u017eito\u010dn\u00e9 pokyny. Vyrie\u0161enie t\u00fdchto ot\u00e1zok m\u00f4\u017ee pom\u00f4c\u0165 pou\u017e\u00edvate\u013eom robi\u0165 informovan\u00e9 rozhodnutia a pou\u017e\u00edva\u0165 liek bezpe\u010dne a efekt\u00edvne.<\/p>\n","protected":false},"excerpt":{"rendered":"<p>V\u0161etko, \u010do by ste mali vedie\u0165 pred k\u00fapou Super P Force Super P Force je popul\u00e1rny liek, ktor\u00fd sa pou\u017e\u00edva na lie\u010dbu erektilnej dysfunkcie a pred\u010dasnej ejakul\u00e1cie, ale pred k\u00fapou je d\u00f4le\u017eit\u00e9 porozumie\u0165 jeho zlo\u017ek\u00e1m, v\u00fdhod\u00e1m a potenci\u00e1lnym rizik\u00e1m. Pochopenie Super P Force: \u010co to je a ako to funguje Super P Force je liek<\/p>\n<div><a class=\"btn-filled btn\" href=\"https:\/\/bouwstenenverhuur.brogt.nl\/index.php\/vyhody-pouzivania-super-p-force\/\" title=\"V\u00fdhody pou\u017e\u00edvania Super P Force\">Read More<\/a><\/div>\n","protected":false},"author":1,"featured_media":0,"parent":0,"menu_order":0,"comment_status":"closed","ping_status":"closed","template":"","meta":{"footnotes":""},"class_list":["post-49288","page","type-page","status-publish","hentry"],"_links":{"self":[{"href":"https:\/\/bouwstenenverhuur.brogt.nl\/index.php\/wp-json\/wp\/v2\/pages\/49288","targetHints":{"allow":["GET"]}}],"collection":[{"href":"https:\/\/bouwstenenverhuur.brogt.nl\/index.php\/wp-json\/wp\/v2\/pages"}],"about":[{"href":"https:\/\/bouwstenenverhuur.brogt.nl\/index.php\/wp-json\/wp\/v2\/types\/page"}],"author":[{"embeddable":true,"href":"https:\/\/bouwstenenverhuur.brogt.nl\/index.php\/wp-json\/wp\/v2\/users\/1"}],"replies":[{"embeddable":true,"href":"https:\/\/bouwstenenverhuur.brogt.nl\/index.php\/wp-json\/wp\/v2\/comments?post=49288"}],"version-history":[{"count":1,"href":"https:\/\/bouwstenenverhuur.brogt.nl\/index.php\/wp-json\/wp\/v2\/pages\/49288\/revisions"}],"predecessor-version":[{"id":49290,"href":"https:\/\/bouwstenenverhuur.brogt.nl\/index.php\/wp-json\/wp\/v2\/pages\/49288\/revisions\/49290"}],"wp:attachment":[{"href":"https:\/\/bouwstenenverhuur.brogt.nl\/index.php\/wp-json\/wp\/v2\/media?parent=49288"}],"curies":[{"name":"wp","href":"https:\/\/api.w.org\/{rel}","templated":true}]}}