{"id":49102,"date":"2026-03-23T16:09:33","date_gmt":"2026-03-23T16:09:33","guid":{"rendered":"https:\/\/bouwstenenverhuur.brogt.nl\/?page_id=49102"},"modified":"2026-03-23T16:09:33","modified_gmt":"2026-03-23T16:09:33","slug":"pokyny-na-uzivanie-apcalis-sx-oral-jelly-s-jedlom","status":"publish","type":"page","link":"https:\/\/bouwstenenverhuur.brogt.nl\/index.php\/pokyny-na-uzivanie-apcalis-sx-oral-jelly-s-jedlom\/","title":{"rendered":"Pokyny na u\u017e\u00edvanie Apcalis SX Oral Jelly s jedlom"},"content":{"rendered":"<h1>M\u00f4\u017eete u\u017e\u00edva\u0165 Apcalis SX Oral Jelly s alkoholom, jedlom alebo k\u00e1vou?<\/h1>\n<p>Sk\u00famanie interakci\u00ed a pokynov na pou\u017e\u00edvanie Apcalis SX Oral Jelly spolu s ka\u017edodenn\u00fdmi l\u00e1tkami, ako je alkohol, jedlo a k\u00e1va.<\/p>\n<h2>Pochopenie Apcalis SX Oral Jelly: Preh\u013ead<\/h2>\n<p>Apcalis SX Oral Jelly je popul\u00e1rna lie\u010dba erektilnej dysfunkcie (ED), zn\u00e1ma pre svoju \u013eahko konzumovate\u013en\u00fa formu \u017eel\u00e9. Na rozdiel od tradi\u010dn\u00fdch tabliet sa tento produkt r\u00fdchlo rozp\u00fa\u0161\u0165a v \u00fastach a pon\u00faka pohodln\u00fa alternat\u00edvu pre t\u00fdch, ktor\u00ed pova\u017euj\u00fa preh\u013atanie tabliet za probl\u00e9m. Akt\u00edvnou zlo\u017ekou v Apcalis SX je tadalafil, ktor\u00fd pom\u00e1ha zv\u00fd\u0161i\u0165 prietok krvi do penisu a u\u013eah\u010duje erekciu v kombin\u00e1cii so sexu\u00e1lnou stimul\u00e1ciou.<\/p>\n<p>Apcalis SX Oral Jelly vyr\u00e1ban\u00fd spolo\u010dnos\u0165ou Ajanta Pharma sa dod\u00e1va v r\u00f4znych pr\u00edchutiach, v\u010faka \u010domu je v porovnan\u00ed s in\u00fdmi liekmi proti ED chutnej\u0161\u00ed. Zvy\u010dajne je balen\u00fd v jednod\u00e1vkov\u00fdch vrec\u00fa\u0161kach, ktor\u00e9 mo\u017eno diskr\u00e9tne pren\u00e1\u0161a\u0165 a konzumova\u0165, \u010do zvy\u0161uje jeho pr\u00ed\u0165a\u017elivos\u0165. \u017del\u00e9 forma je navrhnut\u00e1 pre r\u00fdchlu absorpciu a pon\u00faka r\u00fdchlej\u0161\u00ed n\u00e1stup \u00fa\u010dinku ako niektor\u00e9 alternat\u00edvy tabliet.<\/p>\n<h2>Ako Apcalis SX Oral Jelly funguje v tele<\/h2>\n<p>Po konzum\u00e1cii tadalafil, akt\u00edvna zlo\u017eka Apcalis SX Oral Jelly, inhibuje enz\u00fdm fosfodiester\u00e1zu typu 5 (PDE5). T\u00e1to inhib\u00edcia vedie k zv\u00fd\u0161eniu cyklick\u00e9ho guanoz\u00ednmonofosf\u00e1tu (cGMP), ktor\u00fd napom\u00e1ha relax\u00e1cii tkaniva hladk\u00e9ho svalstva a roz\u0161\u00edreniu krvn\u00fdch ciev v penise. V d\u00f4sledku toho doch\u00e1dza k zlep\u0161eniu prietoku krvi, \u010do je nevyhnutn\u00e9 na dosiahnutie a udr\u017eanie erekcie.<\/p>\n<p>\u00da\u010dinky Apcalis SX Oral Jelly vo v\u0161eobecnosti nastupuj\u00fa do 30 min\u00fat po po\u017eit\u00ed a m\u00f4\u017eu trva\u0165 a\u017e 36 hod\u00edn, \u010do poskytuje v\u00fdznamn\u00e9 okno pre sexu\u00e1lnu aktivitu. Na rozdiel od niektor\u00fdch o\u0161etren\u00ed ED, ktor\u00e9 je potrebn\u00e9 u\u017e\u00edva\u0165 kr\u00e1tko pred sexu\u00e1lnou aktivitou, toto \u017eel\u00e9 umo\u017e\u0148uje v\u00e4\u010d\u0161iu spont\u00e1nnos\u0165. Je v\u0161ak d\u00f4le\u017eit\u00e9 poznamena\u0165, \u017ee na to, aby liek \u00fa\u010dinne \u00fa\u010dinkoval, je potrebn\u00e9 sexu\u00e1lne vzru\u0161enie.<\/p>\n<h2>Pokyny na u\u017e\u00edvanie Apcalis SX Oral Jelly s jedlom<\/h2>\n<p>Apcalis SX Oral Jelly sa m\u00f4\u017ee u\u017e\u00edva\u0165 s jedlom alebo bez jedla, \u010do pou\u017e\u00edvate\u013eom pon\u00faka flexibilitu. Pri konzum\u00e1cii tohto lieku sa v\u0161ak odpor\u00fa\u010da vyhn\u00fa\u0165 sa jedl\u00e1m s vysok\u00fdm obsahom tuku. Potraviny bohat\u00e9 na tuk m\u00f4\u017eu oddiali\u0165 vstreb\u00e1vanie lieku, potenci\u00e1lne zn\u00ed\u017ei\u0165 jeho \u00fa\u010dinnos\u0165 a oddiali\u0165 n\u00e1stup \u00fa\u010dinku.<\/p>\n<p>Pre optim\u00e1lne v\u00fdsledky sa odpor\u00fa\u010da konzumova\u0165 \u017eel\u00e9 nala\u010dno alebo po \u013eahkom jedle. Tento pr\u00edstup pom\u00e1ha zaisti\u0165, aby sa liek r\u00fdchlo vstrebal, \u010do pou\u017e\u00edvate\u013eom umo\u017e\u0148uje za\u017ei\u0165 jeho v\u00fdhody bez zbyto\u010dn\u00fdch prie\u0165ahov. Pou\u017e\u00edvatelia by si tie\u017e mali d\u00e1va\u0165 pozor na svoje stravovacie n\u00e1vyky a na to, ako m\u00f4\u017eu ovplyvni\u0165 ich reakciu na liek.<\/p>\n<h2>Potenci\u00e1lne interakcie medzi Apcalis SX Oral Jelly a alkoholom<\/h2>\n<p>Zatia\u013e \u010do mierna konzum\u00e1cia alkoholu nemus\u00ed v\u00fdznamne ovplyvni\u0165 \u00fa\u010dinnos\u0165 Apcalis SX Oral Jelly, nadmern\u00e9 pitie m\u00f4\u017ee vies\u0165 k nepriazniv\u00fdm \u00fa\u010dinkom. Nadmern\u00fd pr\u00edjem alkoholu m\u00f4\u017ee zhor\u0161i\u0165 ved\u013eaj\u0161ie \u00fa\u010dinky tadalafilu, ako s\u00fa z\u00e1vraty, bolesti hlavy a n\u00edzky krvn\u00fd tlak. Tieto \u00fa\u010dinky m\u00f4\u017eu zhor\u0161i\u0165 schopnos\u0165 pou\u017e\u00edvate\u013ea zapoji\u0165 sa do sexu\u00e1lnej aktivity a ohrozi\u0165 bezpe\u010dnos\u0165.<\/p>\n<p>Pre t\u00fdch, ktor\u00ed pl\u00e1nuj\u00fa konzumova\u0165 alkohol, sa odpor\u00fa\u010da obmedzi\u0165 pr\u00edjem, aby sa zabezpe\u010dilo, \u017ee liek zostane \u00fa\u010dinn\u00fd. Zosta\u0165 hydratovan\u00fd a mierna konzum\u00e1cia alkoholu m\u00f4\u017ee pom\u00f4c\u0165 zmierni\u0165 potenci\u00e1lne interakcie a zabezpe\u010di\u0165 pozit\u00edvny z\u00e1\u017eitok pri pou\u017e\u00edvan\u00ed Apcalis SX Oral Jelly.<\/p>\n<h2>Vplyv k\u00e1vy na \u00fa\u010dinnos\u0165 Apcalis SX Oral Jelly<\/h2>\n<p>Zd\u00e1 sa, \u017ee konzum\u00e1cia k\u00e1vy alebo in\u00fdch kofe\u00ednov\u00fdch n\u00e1pojov nem\u00e1 priamy negat\u00edvny vplyv na \u00fa\u010dinnos\u0165 Apcalis SX Oral Jelly. Kofe\u00edn, stimulant, m\u00f4\u017ee zv\u00fd\u0161i\u0165 bdelos\u0165 a hladinu energie, \u010do m\u00f4\u017ee u niektor\u00fdch u\u017e\u00edvate\u013eov dop\u013a\u0148a\u0165 \u00fa\u010dinky lieku.<\/p>\n<p>Jedinci citliv\u00ed na kofe\u00edn by v\u0161ak <a href=\"https:\/\/digitalnalekaren.com\/objednavka-apcalis-sx-oralne-zele-bez-predpisu\">https:\/\/digitalnalekaren.com\/objednavka-apcalis-sx-oralne-zele-bez-predpisu<\/a> mali by\u0165 opatrn\u00ed, preto\u017ee m\u00f4\u017ee vies\u0165 k zv\u00fd\u0161eniu srdcovej frekvencie a \u00fazkosti, \u010do m\u00f4\u017ee naru\u0161i\u0165 sexu\u00e1lnu v\u00fdkonnos\u0165. Najlep\u0161ie je konzumova\u0165 kofe\u00edn s mierou a dodr\u017eiava\u0165 \u00farovne osobnej tolerancie, aby ste sa uistili, \u017ee to nebude ma\u0165 negat\u00edvny vplyv na pou\u017e\u00edvanie Apcalis SX Oral Jelly.<\/p>\n<h2>Osved\u010den\u00e9 postupy pre na\u010dasovanie a d\u00e1vkovanie Apcalis SX Oral Jelly<\/h2>\n<p>Pre v\u00e4\u010d\u0161inu pou\u017e\u00edvate\u013eov najlep\u0161ie v\u00fdsledky poskytuje u\u017e\u00edvanie Apcalis SX Oral Jelly pribli\u017ene 30 min\u00fat pred o\u010dak\u00e1vanou sexu\u00e1lnou aktivitou. Toto na\u010dasovanie umo\u017e\u0148uje, aby sa liek absorboval a za\u010dal efekt\u00edvne p\u00f4sobi\u0165. Je d\u00f4le\u017eit\u00e9 dodr\u017eiava\u0165 predp\u00edsan\u00e9 d\u00e1vkovanie a neprekra\u010dova\u0165 jedno vrec\u00fa\u0161ko v priebehu 24 hod\u00edn, aby sa predi\u0161lo mo\u017en\u00fdm ved\u013eaj\u0161\u00edm \u00fa\u010dinkom.<\/p>\n<p>Udr\u017eiavanie konzistentn\u00e9ho harmonogramu a dodr\u017eiavanie lek\u00e1rskych r\u00e1d t\u00fdkaj\u00facich sa d\u00e1vkovania m\u00f4\u017ee pom\u00f4c\u0165 u\u017e\u00edvate\u013eom dosiahnu\u0165 optim\u00e1lne v\u00fdsledky. T\u00ed, ktor\u00ed maj\u00fa z\u00e1kladn\u00e9 zdravotn\u00e9 \u0165a\u017ekosti alebo u\u017e\u00edvaj\u00fa in\u00e9 lieky, by sa mali poradi\u0165 so zdravotn\u00edckym pracovn\u00edkom, aby sa uistili, \u017ee nie s\u00fa potrebn\u00e9 \u017eiadne kontraindik\u00e1cie alebo \u00fapravy.<\/p>\n<h2>Bezpe\u010dnostn\u00e9 obavy pri mie\u0161an\u00ed Apcalis SX Oral Jelly s alkoholom<\/h2>\n<p>Alkohol m\u00f4\u017ee zn\u00ed\u017ei\u0165 krvn\u00fd tlak a v kombin\u00e1cii s Apcalis SX Oral Jelly m\u00f4\u017ee tento \u00fa\u010dinok zosilni\u0165, \u010do vedie k pr\u00edznakom, ako s\u00fa z\u00e1vraty alebo mdloby. Jedinci s kardiovaskul\u00e1rnymi ochoreniami by mali by\u0165 obzvl\u00e1\u0161\u0165 opatrn\u00ed, preto\u017ee kombin\u00e1cia m\u00f4\u017ee predstavova\u0165 \u010fal\u0161ie rizik\u00e1.<\/p>\n<p>Pre zaistenie bezpe\u010dnosti je nevyhnutn\u00e9 porozumie\u0165 osobn\u00fdm limitom a tomu, ako telo reaguje na alkohol a lieky. Konzult\u00e1cia s poskytovate\u013eom zdravotnej starostlivosti m\u00f4\u017ee poskytn\u00fa\u0165 personalizovan\u00e9 poradenstvo a pom\u00f4c\u0165 zmierni\u0165 rizik\u00e1 spojen\u00e9 s mie\u0161an\u00edm t\u00fdchto l\u00e1tok.<\/p>\n<h2>Dietetick\u00e9 \u00favahy pri pou\u017e\u00edvan\u00ed Apcalis SX Oral Jelly<\/h2>\n<p>Vyv\u00e1\u017een\u00e1 strava m\u00f4\u017ee zohr\u00e1va\u0165 podporn\u00fa \u00falohu pri \u00fa\u010dinnosti Apcalis SX Oral Jelly. Potraviny bohat\u00e9 na \u017eiviny, ktor\u00e9 podporuj\u00fa kardiovaskul\u00e1rne zdravie, m\u00f4\u017eu zv\u00fd\u0161i\u0165 prietok krvi a potenci\u00e1lne dop\u013a\u0148a\u0165 \u00fa\u010dinky lieku. Zahrnutie potrav\u00edn s vysok\u00fdm obsahom antioxidantov, omega-3 mastn\u00fdch kysel\u00edn a z\u00e1kladn\u00fdch vitam\u00ednov m\u00f4\u017ee by\u0165 prospe\u0161n\u00e9.<\/p>\n<p>Aj ke\u010f pri u\u017e\u00edvan\u00ed Apcalis SX neexistuj\u00fa \u017eiadne pr\u00edsne di\u00e9tne obmedzenia, je rozumn\u00e9 vyh\u00fdba\u0165 sa potravin\u00e1m, ktor\u00e9 by mohli nar\u00fa\u0161a\u0165 vstreb\u00e1vanie alebo zvy\u0161ova\u0165 pravdepodobnos\u0165 ved\u013eaj\u0161\u00edch \u00fa\u010dinkov. Udr\u017eiavanie zdravej v\u00fd\u017eivy nielen podporuje \u00fa\u010dinnos\u0165 liekov, ale prispieva aj k celkovej pohode.<\/p>\n<h2>Be\u017en\u00e9 ved\u013eaj\u0161ie \u00fa\u010dinky Apcalis SX Oral Jelly a ako ich zvl\u00e1dnu\u0165<\/h2>\n<p>Tak ako ka\u017ed\u00fd liek, aj Apcalis SX Oral Jelly m\u00f4\u017ee sp\u00f4sobova\u0165 ved\u013eaj\u0161ie \u00fa\u010dinky. Be\u017ene hl\u00e1sen\u00e9 probl\u00e9my zah\u0155\u0148aj\u00fa bolesti hlavy, poruchy tr\u00e1venia, bolesti chrbta a upchat\u00fd nos. Tieto s\u00fa vo v\u0161eobecnosti mierne a maj\u00fa tendenciu ust\u00fapi\u0165 bez z\u00e1sahu. Zosta\u0165 hydratovan\u00fd a odpo\u010d\u00edva\u0165 m\u00f4\u017ee pom\u00f4c\u0165 zmierni\u0165 tieto pr\u00edznaky.<\/p>\n<p>V zriedkav\u00fdch pr\u00edpadoch sa m\u00f4\u017eu vyskytn\u00fa\u0165 z\u00e1va\u017enej\u0161ie ved\u013eaj\u0161ie \u00fa\u010dinky, ako s\u00fa zmeny videnia alebo pred\u013a\u017een\u00e1 erekcia. Ak sa niektor\u00fd z t\u00fdchto pr\u00edznakov objav\u00ed, je d\u00f4le\u017eit\u00e9 ur\u00fdchlene vyh\u013eada\u0165 lek\u00e1rsku pomoc. Uvedomenie si mo\u017en\u00fdch ved\u013eaj\u0161\u00edch \u00fa\u010dinkov a ich zvl\u00e1dania m\u00f4\u017ee zlep\u0161i\u0165 celkov\u00fd z\u00e1\u017eitok z pou\u017e\u00edvania Apcalis SX Oral Jelly.<\/p>\n<h2>Sk\u00fasenosti pou\u017e\u00edvate\u013eov: Apcalis SX Oral Jelly s jedlom, alkoholom a k\u00e1vou<\/h2>\n<p>Mnoh\u00ed pou\u017e\u00edvatelia uv\u00e1dzaj\u00fa pozit\u00edvne sk\u00fasenosti s Apcalis SX Oral Jelly, pri\u010dom si v\u0161\u00edmaj\u00fa jeho r\u00fdchly n\u00e1stup a pohodlie. Pri u\u017e\u00edvan\u00ed s jedlom niektor\u00ed pou\u017e\u00edvatelia zistia mierne oneskorenie \u00fa\u010dinnosti, ale oce\u0148uj\u00fa flexibilitu, ktor\u00fa pon\u00faka. Sp\u00e4tn\u00e1 v\u00e4zba na interakciu s alkoholom sa l\u00ed\u0161i, pri\u010dom mierni pijani pozoruj\u00fa minim\u00e1lny vplyv, zatia\u013e \u010do in\u00ed varuj\u00fa pred nadmernou konzum\u00e1ciou.<\/p>\n<p>\u00da\u010dinok k\u00e1vy je vo v\u0161eobecnosti neutr\u00e1lny, pri\u010dom niektor\u00ed pou\u017e\u00edvatelia oce\u0148uj\u00fa pridan\u00fa energiu. Celkovo sk\u00fasenosti pou\u017e\u00edvate\u013eov zd\u00f4raz\u0148uj\u00fa d\u00f4le\u017eitos\u0165 porozumenia individu\u00e1lnym reakci\u00e1m a dodr\u017eiavania odpor\u00fa\u010dan\u00fdch pokynov, aby sa maximalizovali v\u00fdhody Apcalis SX Oral Jelly.<\/p>\n<h2>Odpor\u00fa\u010dania odborn\u00edkov pre optim\u00e1lne pou\u017e\u00edvanie Apcalis SX Oral Jelly<\/h2>\n<p>Zdravotn\u00edcki pracovn\u00edci odpor\u00fa\u010daj\u00fa za\u010da\u0165 s najni\u017e\u0161ou \u00fa\u010dinnou d\u00e1vkou Apcalis SX Oral Jelly a upravi\u0165 pod\u013ea potreby pod lek\u00e1rskym doh\u013eadom. Je d\u00f4le\u017eit\u00e9 dodr\u017eiava\u0165 pokyny na predpis a vyhn\u00fa\u0165 sa prekro\u010deniu odpor\u00fa\u010danej d\u00e1vky, preto\u017ee to m\u00f4\u017ee zv\u00fd\u0161i\u0165 riziko ved\u013eaj\u0161\u00edch \u00fa\u010dinkov.<\/p>\n<p>Odborn\u00edci tie\u017e odpor\u00fa\u010daj\u00fa pravideln\u00e9 lek\u00e1rske vy\u0161etrenia pre t\u00fdch, ktor\u00ed d\u00f4sledne pou\u017e\u00edvaj\u00fa Apcalis SX, najm\u00e4 pre jednotlivcov s u\u017e existuj\u00facimi zdravotn\u00fdmi probl\u00e9mami. Tieto hodnotenia pom\u00e1haj\u00fa zaisti\u0165, \u017ee liek je na\u010falej bezpe\u010dn\u00fd a \u00fa\u010dinn\u00fd, poskytuje pokoj a optim\u00e1lne v\u00fdsledky.<\/p>\n<h2>Porovnanie Apcalis SX Oral Jelly s in\u00fdmi lie\u010dbami ED<\/h2>\n<p>Apcalis SX Oral Jelly pon\u00faka jedine\u010dn\u00fa alternat\u00edvu k tradi\u010dnej lie\u010dbe ED, ako s\u00fa tablety Viagra a Cialis. Jeho \u017eel\u00e9 forma umo\u017e\u0148uje r\u00fdchlej\u0161ie vstreb\u00e1vanie a r\u00f4zne pr\u00edchute, v\u010faka \u010domu je preferovanou vo\u013ebou pre t\u00fdch, ktor\u00ed h\u013eadaj\u00fa pohodlie a diskr\u00e9tnos\u0165.<\/p>\n<p>V porovnan\u00ed s in\u00fdmi o\u0161etreniami poskytuje Apcalis SX dlh\u0161ie trvanie \u00fa\u010dinku, a\u017e 36 hod\u00edn, \u010do umo\u017e\u0148uje v\u00e4\u010d\u0161iu spont\u00e1nnos\u0165. V\u00fdber lie\u010dby by sa v\u0161ak mal riadi\u0165 individu\u00e1lnymi preferenciami a lek\u00e1rskymi \u00favahami, preto\u017ee niektor\u00ed pou\u017e\u00edvatelia m\u00f4\u017eu uprednost\u0148ova\u0165 \u0161pecifick\u00e9 vlastnosti in\u00fdch liekov na ED.<\/p>\n<h2>Pr\u00e1vne a zdravotn\u00e9 d\u00f4sledky mie\u0161ania doplnkov s alkoholom<\/h2>\n<p>Mie\u0161anie doplnkov, vr\u00e1tane Apcalis SX, s alkoholom m\u00f4\u017ee vyvola\u0165 pr\u00e1vne a zdravotn\u00e9 probl\u00e9my. Aj ke\u010f samotn\u00fd doplnok nie je nez\u00e1konn\u00fd, nadmern\u00e1 konzum\u00e1cia alkoholu po\u010das u\u017e\u00edvania tak\u00fdchto liekov m\u00f4\u017ee vies\u0165 k zdravotn\u00fdm komplik\u00e1ci\u00e1m a zhor\u0161i\u0165 \u00fasudok.<\/p>\n<p>Je d\u00f4le\u017eit\u00e9 dodr\u017eiava\u0165 miestne z\u00e1kony t\u00fdkaj\u00face sa konzum\u00e1cie alkoholu a uvedomi\u0165 si potenci\u00e1lne rizik\u00e1 spojen\u00e9 s jeho kombinovan\u00edm s doplnkami. Konzult\u00e1cia s poskytovate\u013emi zdravotnej starostlivosti o n\u00e1vode na bezpe\u010dn\u00e9 pou\u017e\u00edvanie zabezpe\u010duje s\u00falad s pr\u00e1vnymi normami a podporuje zdravie a bezpe\u010dnos\u0165.<\/p>\n<h2>\u010casto kladen\u00e9 ot\u00e1zky o Apcalis SX Oral Jelly<\/h2>\n<p>Mnoho potenci\u00e1lnych pou\u017e\u00edvate\u013eov m\u00e1 ot\u00e1zky t\u00fdkaj\u00face sa Apcalis SX Oral Jelly, najm\u00e4 pokia\u013e ide o jeho bezpe\u010dnos\u0165 a \u00fa\u010dinnos\u0165. Be\u017en\u00e9 ot\u00e1zky zah\u0155\u0148aj\u00fa \u010das n\u00e1stupu, trvanie \u00fa\u010dinku a kompatibilitu s in\u00fdmi liekmi. Pochopenie t\u00fdchto aspektov m\u00f4\u017ee pou\u017e\u00edvate\u013eom pom\u00f4c\u0165 urobi\u0165 informovan\u00e9 rozhodnutia o jeho pou\u017eit\u00ed.<\/p>\n<p>Konzult\u00e1cia so zdravotn\u00edckym pracovn\u00edkom m\u00f4\u017ee tieto ot\u00e1zky objasni\u0165 a poskytn\u00fa\u0165 personalizovan\u00e9 poradenstvo na z\u00e1klade individu\u00e1lnych zdravotn\u00fdch profilov. Adekv\u00e1tne inform\u00e1cie a odborn\u00e9 poradenstvo s\u00fa k\u013e\u00fa\u010dom k zaisteniu zodpovedn\u00e9ho pou\u017e\u00edvania Apcalis SX Oral Jelly.<\/p>\n<h2>Z\u00e1ver: Informovan\u00e9 rozhodnutia o pou\u017e\u00edvan\u00ed Apcalis SX Oral Jelly<\/h2>\n<p>Apcalis SX Oral Jelly pon\u00faka \u017eivotaschopn\u00fa mo\u017enos\u0165 pre t\u00fdch, ktor\u00ed h\u013eadaj\u00fa lie\u010dbu erektilnej dysfunkcie, s r\u00fdchlo p\u00f4sobiacim zlo\u017een\u00edm a pohodln\u00fdm pou\u017e\u00edvan\u00edm. Pochopenie jeho interakci\u00ed s jedlom, alkoholom a k\u00e1vou spolu s dodr\u017eiavan\u00edm odpor\u00fa\u010dan\u00fdch pokynov je nevyhnutn\u00e9 na dosiahnutie optim\u00e1lnych v\u00fdsledkov.<\/p>\n<p>Konzult\u00e1cie so zdravotn\u00edckymi pracovn\u00edkmi, uvedomenie si potenci\u00e1lnych ved\u013eaj\u0161\u00edch \u00fa\u010dinkov a zv\u00e1\u017eenie individu\u00e1lnych zdravotn\u00fdch potrieb s\u00fa rozhoduj\u00face kroky pri prij\u00edman\u00ed informovan\u00fdch rozhodnut\u00ed. Zoh\u013eadnen\u00edm t\u00fdchto \u00favah m\u00f4\u017eu pou\u017e\u00edvatelia zlep\u0161i\u0165 svoje sk\u00fasenosti s Apcalis SX Oral Jelly a zlep\u0161i\u0165 kvalitu svojho \u017eivota.<\/p>\n","protected":false},"excerpt":{"rendered":"<p>M\u00f4\u017eete u\u017e\u00edva\u0165 Apcalis SX Oral Jelly s alkoholom, jedlom alebo k\u00e1vou? Sk\u00famanie interakci\u00ed a pokynov na pou\u017e\u00edvanie Apcalis SX Oral Jelly spolu s ka\u017edodenn\u00fdmi l\u00e1tkami, ako je alkohol, jedlo a k\u00e1va. Pochopenie Apcalis SX Oral Jelly: Preh\u013ead Apcalis SX Oral Jelly je popul\u00e1rna lie\u010dba erektilnej dysfunkcie (ED), zn\u00e1ma pre svoju \u013eahko konzumovate\u013en\u00fa formu \u017eel\u00e9. Na<\/p>\n<div><a class=\"btn-filled btn\" href=\"https:\/\/bouwstenenverhuur.brogt.nl\/index.php\/pokyny-na-uzivanie-apcalis-sx-oral-jelly-s-jedlom\/\" title=\"Pokyny na u\u017e\u00edvanie Apcalis SX Oral Jelly s jedlom\">Read More<\/a><\/div>\n","protected":false},"author":1,"featured_media":0,"parent":0,"menu_order":0,"comment_status":"closed","ping_status":"closed","template":"","meta":{"footnotes":""},"class_list":["post-49102","page","type-page","status-publish","hentry"],"_links":{"self":[{"href":"https:\/\/bouwstenenverhuur.brogt.nl\/index.php\/wp-json\/wp\/v2\/pages\/49102","targetHints":{"allow":["GET"]}}],"collection":[{"href":"https:\/\/bouwstenenverhuur.brogt.nl\/index.php\/wp-json\/wp\/v2\/pages"}],"about":[{"href":"https:\/\/bouwstenenverhuur.brogt.nl\/index.php\/wp-json\/wp\/v2\/types\/page"}],"author":[{"embeddable":true,"href":"https:\/\/bouwstenenverhuur.brogt.nl\/index.php\/wp-json\/wp\/v2\/users\/1"}],"replies":[{"embeddable":true,"href":"https:\/\/bouwstenenverhuur.brogt.nl\/index.php\/wp-json\/wp\/v2\/comments?post=49102"}],"version-history":[{"count":1,"href":"https:\/\/bouwstenenverhuur.brogt.nl\/index.php\/wp-json\/wp\/v2\/pages\/49102\/revisions"}],"predecessor-version":[{"id":49104,"href":"https:\/\/bouwstenenverhuur.brogt.nl\/index.php\/wp-json\/wp\/v2\/pages\/49102\/revisions\/49104"}],"wp:attachment":[{"href":"https:\/\/bouwstenenverhuur.brogt.nl\/index.php\/wp-json\/wp\/v2\/media?parent=49102"}],"curies":[{"name":"wp","href":"https:\/\/api.w.org\/{rel}","templated":true}]}}