{"id":49063,"date":"2026-03-23T16:02:35","date_gmt":"2026-03-23T16:02:35","guid":{"rendered":"https:\/\/bouwstenenverhuur.brogt.nl\/?page_id=49063"},"modified":"2026-03-23T16:02:35","modified_gmt":"2026-03-23T16:02:35","slug":"ucinnost-orlistatu-pri-regulaci-hmotnosti","status":"publish","type":"page","link":"https:\/\/bouwstenenverhuur.brogt.nl\/index.php\/ucinnost-orlistatu-pri-regulaci-hmotnosti\/","title":{"rendered":"\u00da\u010dinnost Orlistatu p\u0159i regulaci hmotnosti"},"content":{"rendered":"<h1>Xenical Generic vs alternativy: orlistat vs GLP\u20111s<\/h1>\n<p>Zkoum\u00e1n\u00ed rozd\u00edl\u016f, p\u0159\u00ednos\u016f a \u00favah mezi Orlistatem a agonisty receptoru GLP-1 p\u0159i regulaci hmotnosti.<\/p>\n<h2>Porozum\u011bn\u00ed Xenicalu a jeho obecn\u00fdm formulac\u00edm<\/h2>\n<p>Xenical, obecn\u011b zn\u00e1m\u00fd jako orlistat, je dob\u0159e zaveden\u00e9 l\u00e9\u010divo pou\u017e\u00edvan\u00e9 k podpo\u0159e hubnut\u00ed inhibic\u00ed vst\u0159eb\u00e1v\u00e1n\u00ed tuk\u016f z potravy ve st\u0159ev\u011b. Xenical, p\u016fvodn\u011b vyvinut\u00fd spole\u010dnost\u00ed Roche, je dostupn\u00fd ji\u017e v\u00edce ne\u017e dv\u011b desetilet\u00ed a poskytuje nesyst\u00e9mov\u00fd p\u0159\u00edstup k regulaci hmotnosti. P\u016fsob\u00ed lok\u00e1ln\u011b v gastrointestin\u00e1ln\u00edm traktu, zaji\u0161\u0165uje minim\u00e1ln\u00ed syst\u00e9movou absorpci, co\u017e sni\u017euje riziko syst\u00e9mov\u00fdch ne\u017e\u00e1douc\u00edch \u00fa\u010dink\u016f.<\/p>\n<p>Generick\u00e9 formulace orlistatu se st\u00e1vaj\u00ed st\u00e1le popul\u00e1rn\u011bj\u0161\u00edmi, proto\u017ee nab\u00edzej\u00ed pacient\u016fm cenov\u011b efektivn\u011bj\u0161\u00ed mo\u017enost. Tyto p\u0159\u00edpravky obsahuj\u00ed stejnou \u00fa\u010dinnou l\u00e1tku, ale mohou se li\u0161it v neaktivn\u00edch slo\u017ek\u00e1ch nebo pomocn\u00fdch l\u00e1tk\u00e1ch, co\u017e m\u016f\u017ee u n\u011bkter\u00fdch u\u017eivatel\u016f ovlivnit sn\u00e1\u0161enlivost. Dostupnost generik zlep\u0161ila p\u0159\u00edstup pro mnoho pacient\u016f, co\u017e z nich \u010din\u00ed \u017eivotaschopnou mo\u017enost pro ty, kte\u0159\u00ed hledaj\u00ed pomoc p\u0159i hubnut\u00ed.<\/p>\n<h2>Mechanismus \u00fa\u010dinku: Orlistat vs. GLP-1s<\/h2>\n<p>Orlistat p\u016fsob\u00ed tak, \u017ee inhibuje lip\u00e1zy, enzymy odpov\u011bdn\u00e9 za \u0161t\u011bpen\u00ed tuk\u016f ve strav\u011b na vst\u0159ebateln\u00e9 voln\u00e9 mastn\u00e9 kyseliny a monoglyceridy. Zabr\u00e1n\u011bn\u00edm vst\u0159eb\u00e1v\u00e1n\u00ed tuk\u016f orlistat \u00fa\u010dinn\u011b sni\u017euje kalorick\u00fd p\u0159\u00edjem, co\u017e m\u016f\u017ee v\u00e9st ke sn\u00ed\u017een\u00ed hmotnosti v kombinaci s n\u00edzkokalorickou dietou. Tento mechanismus je jedine\u010dn\u00fd, proto\u017ee se zam\u011b\u0159uje na metabolismus tuk\u016f p\u0159\u00edmo v gastrointestin\u00e1ln\u00edm traktu.<\/p>\n<p>Agonist\u00e9 receptoru GLP-1 jsou na druh\u00e9 stran\u011b nov\u011bj\u0161\u00ed t\u0159\u00eddou l\u00e9k\u016f, kter\u00e9 napodobuj\u00ed funkci p\u0159irozen\u011b se vyskytuj\u00edc\u00edho glukagonu podobn\u00e9ho peptidu-1. Tyto l\u00e9ky zvy\u0161uj\u00ed sekreci inzul\u00ednu, potla\u010duj\u00ed uvol\u0148ov\u00e1n\u00ed glukagonu a zpomaluj\u00ed vyprazd\u0148ov\u00e1n\u00ed \u017ealudku, co\u017e spole\u010dn\u011b p\u0159isp\u00edv\u00e1 k pocitu plnosti a sn\u00ed\u017een\u00e9 chuti k j\u00eddlu. Na rozd\u00edl od orlistatu p\u016fsob\u00ed GLP-1 syst\u00e9mov\u011b, ovliv\u0148uj\u00ed metabolick\u00e9 dr\u00e1hy a regulaci chuti k j\u00eddlu.<\/p>\n<h2>\u00da\u010dinnost Orlistatu p\u0159i regulaci hmotnosti<\/h2>\n<p>V klinick\u00fdch studi\u00edch bylo prok\u00e1z\u00e1no, \u017ee orlistat podporuje m\u00edrn\u00fd \u00fabytek hmotnosti, co\u017e obvykle vede k 5\u201310% sn\u00ed\u017een\u00ed t\u011blesn\u00e9 hmotnosti b\u011bhem 6 a\u017e 12 m\u011bs\u00edc\u016f, pokud je u\u017e\u00edv\u00e1n spolu s dietou se sn\u00ed\u017een\u00fdm obsahem kalori\u00ed. Je tak\u00e9 zdokumentov\u00e1na \u00fa\u010dinnost orlistatu v prevenci p\u0159ib\u00edr\u00e1n\u00ed na v\u00e1ze, co\u017e z n\u011bj \u010din\u00ed u\u017eite\u010dn\u00fd n\u00e1stroj pro dlouhodobou regulaci hmotnosti.<\/p>\n<p>Stupe\u0148 \u00fabytku hmotnosti s orlistatem se v\u0161ak m\u016f\u017ee mezi jednotlivci v\u00fdrazn\u011b li\u0161it. P\u0159i ur\u010dov\u00e1n\u00ed v\u00fdsledk\u016f hraj\u00ed z\u00e1sadn\u00ed roli faktory, jako je dodr\u017eov\u00e1n\u00ed dietn\u00edch doporu\u010den\u00ed a individu\u00e1ln\u00ed metabolick\u00e9 reakce. P\u0159es sv\u00e9 v\u00fdhody orlistat vy\u017eaduje, aby pacienti dodr\u017eovali dietn\u00ed omezen\u00ed tuk\u016f, aby se minimalizovaly gastrointestin\u00e1ln\u00ed vedlej\u0161\u00ed \u00fa\u010dinky, kter\u00e9 mohou b\u00fdt pro n\u011bkter\u00e9 p\u0159ek\u00e1\u017ekou.<\/p>\n<h2>GLP-1s: Nov\u00e1 t\u0159\u00edda l\u00e9k\u016f na hubnut\u00ed<\/h2>\n<p>Agonist\u00e9 receptoru GLP-1, jako je liraglutid a semaglutid, se uk\u00e1zaly jako slibn\u00e9 mo\u017enosti pro sn\u00ed\u017een\u00ed hmotnosti. Tyto l\u00e9ky, p\u016fvodn\u011b vyvinut\u00e9 pro l\u00e9\u010dbu diabetu 2. typu, prok\u00e1zaly v\u00fdznamnou \u00fa\u010dinnost p\u0159i podpo\u0159e hubnut\u00ed i u nediabetick\u00fdch jedinc\u016f. Klinick\u00e9 studie prok\u00e1zaly sn\u00ed\u017een\u00ed hmotnosti a\u017e o 15 % p\u016fvodn\u00ed t\u011blesn\u00e9 hmotnosti, co\u017e z nich \u010din\u00ed \u00fa\u010dinnou alternativu k tradi\u010dn\u00edm metod\u00e1m.<\/p>\n<p>\u00da\u010dinky GLP-1 na potla\u010den\u00ed chuti k j\u00eddlu se p\u0159ipisuj\u00ed jejich p\u016fsoben\u00ed na centr\u00e1ln\u00ed nervov\u00fd syst\u00e9m a jejich schopnosti zpomalit vyprazd\u0148ov\u00e1n\u00ed \u017ealudku. D\u00edky t\u011bmto vlastnostem jsou zvl\u00e1\u0161t\u011b p\u0159ita\u017eliv\u00e9 pro jedince, kte\u0159\u00ed cht\u011bj\u00ed v\u00fdrazn\u011b zhubnout. Jejich syst\u00e9mov\u00fd zp\u016fsob \u00fa\u010dinku a injek\u010dn\u00ed forma v\u0161ak nemus\u00ed b\u00fdt vhodn\u00e9 pro v\u0161echny pacienty, co\u017e vy\u017eaduje pe\u010dliv\u00fd v\u00fdb\u011br pacient\u016f.<\/p>\n<h2>Porovn\u00e1n\u00ed vedlej\u0161\u00edch \u00fa\u010dink\u016f: Orlistat vs. GLP-1s<\/h2>\n<p>Profil vedlej\u0161\u00edch \u00fa\u010dink\u016f orlistatu je prim\u00e1rn\u011b gastrointestin\u00e1ln\u00ed, s b\u011b\u017en\u00fdmi probl\u00e9my, jako je mastn\u00e1 stolice, plynatost a \u010dast\u00e9 pohyby st\u0159ev. Tyto \u00fa\u010dinky jsou p\u0159\u00edm\u00fdm d\u016fsledkem blokov\u00e1n\u00ed tuk\u016f a lze je zvl\u00e1dnout \u00fapravou stravy. Nicm\u00e9n\u011b p\u0159edstavuj\u00ed v\u00fdznamn\u00fd faktor pro compliance pacienta.<\/p>\n<p>GLP-1 maj\u00ed pro srovn\u00e1n\u00ed jin\u00fd <a href=\"https:\/\/lekdomu.cz\/koupit-genericky-xenical-online-bez-predpisu\">Generick\u00fd Xenical 120mg<\/a> profil vedlej\u0161\u00edch \u00fa\u010dink\u016f, \u010dasto zahrnuj\u00edc\u00ed nevolnost, zvracen\u00ed a pr\u016fjem, zejm\u00e9na na za\u010d\u00e1tku l\u00e9\u010dby. Tyto vedlej\u0161\u00ed \u00fa\u010dinky obecn\u011b \u010dasem ustupuj\u00ed, jak se t\u011blo p\u0159izp\u016fsobuje. D\u016fle\u017eit\u00e9 je, \u017ee GLP-1 mohou tak\u00e9 p\u0159edstavovat riziko pankreatitidy a pacienti mus\u00ed b\u00fdt sledov\u00e1ni kv\u016fli zn\u00e1mk\u00e1m tohoto z\u00e1va\u017en\u00e9ho stavu.<\/p>\n<h2>\u00davahy o n\u00e1kladech: Xenical Generic a Alternatives<\/h2>\n<p>N\u00e1klady jsou v\u00fdznamn\u00fdm faktorem v rozhodovac\u00edm procesu pacient\u016f, kte\u0159\u00ed zva\u017euj\u00ed l\u00e9ky na hubnut\u00ed. Generick\u00fd orlistat nab\u00edz\u00ed cenov\u011b dostupn\u011bj\u0161\u00ed mo\u017enost ve srovn\u00e1n\u00ed se zna\u010dkov\u00fdmi verzemi, d\u00edky \u010demu\u017e je dostupn\u00fd \u0161ir\u0161\u00edmu okruhu pacient\u016f. Cenov\u00e1 efektivita generik je z\u00e1sadn\u00ed v\u00fdhodou v dlouhodob\u00fdch l\u00e9\u010debn\u00fdch pl\u00e1nech.<\/p>\n<p>Naopak agonist\u00e9 receptoru GLP-1 b\u00fdvaj\u00ed dra\u017e\u0161\u00ed kv\u016fli jejich nov\u011bj\u0161\u00edm, patentovan\u00fdm formulac\u00edm a jejich po\u017eadavku na injek\u010dn\u00ed pod\u00e1n\u00ed. Pojistn\u00e9 kryt\u00ed se m\u016f\u017ee li\u0161it, co\u017e ovliv\u0148uje celkovou cenovou dostupnost pro pacienty. Navzdory vy\u0161\u0161\u00ed cen\u011b mohou n\u011bkte\u0159\u00ed pacienti shledat, \u017ee v\u00fdhody GLP-1 ospravedl\u0148uj\u00ed n\u00e1klady, zejm\u00e9na s ohledem na jejich potenci\u00e1l pro v\u00fdznamn\u00fd \u00fabytek hmotnosti.<\/p>\n<h2>Dostupnost a dostupnost Orlistat a GLP-1s<\/h2>\n<p>Orlistat je \u0161iroce dostupn\u00fd ve form\u011b na p\u0159edpis i bez n\u011bj, tak\u017ee je vysoce dostupn\u00fd. Jeho dlouhodob\u00e1 p\u0159\u00edtomnost na trhu zaji\u0161\u0165uje dob\u0159e zdokumentovan\u00fd bezpe\u010dnostn\u00ed profil a \u0161irok\u00e9 p\u0159ijet\u00ed mezi poskytovateli zdravotn\u00ed p\u00e9\u010de. Pacienti mohou snadno z\u00edskat orlistat, \u010d\u00edm\u017e se zv\u00fd\u0161\u00ed jeho \u017eivotaschopnost jako mo\u017enost \u0159\u00edzen\u00ed hmotnosti.<\/p>\n<p>GLP-1 v\u0161ak vy\u017eaduj\u00ed p\u0159edpis a obvykle se pod\u00e1vaj\u00ed injek\u010dn\u011b, co\u017e m\u016f\u017ee omezit dostupnost. Jejich dostupnost m\u016f\u017ee b\u00fdt tak\u00e9 omezena poji\u0161\u0165ovac\u00edmi formul\u00e1\u0159i nebo l\u00e9ka\u0159sk\u00fdmi sm\u011brnicemi, kter\u00e9 odr\u00e1\u017eej\u00ed jejich prim\u00e1rn\u00ed pou\u017eit\u00ed p\u0159i l\u00e9\u010db\u011b diabetu 2. typu. Pokra\u010duj\u00edc\u00ed v\u00fdvoj a schvalov\u00e1n\u00ed nov\u011bj\u0161\u00edch formulac\u00ed nad\u00e1le roz\u0161i\u0159uje jejich dostupnost a slibuje \u0161ir\u0161\u00ed budouc\u00ed dostupnost.<\/p>\n<h2>Vhodnost pro pacienty: V\u00fdb\u011br mezi Orlistatem a GLP-1s<\/h2>\n<p>Ur\u010den\u00ed nejvhodn\u011bj\u0161\u00edho l\u00e9ku na hubnut\u00ed zahrnuje vyhodnocen\u00ed individu\u00e1ln\u00edch charakteristik pacienta, preferenc\u00ed a zdravotn\u00edho stavu. Orlistat m\u016f\u017ee b\u00fdt vhodn\u011bj\u0161\u00ed pro jedince, kte\u0159\u00ed preferuj\u00ed peror\u00e1ln\u00ed l\u00e9ky a kte\u0159\u00ed mohou dodr\u017eovat dietn\u00ed omezen\u00ed tuk\u016f. Je tak\u00e9 p\u0159\u00edznivou volbou pro ty, kte\u0159\u00ed hledaj\u00ed nesyst\u00e9movou mo\u017enost s ni\u017e\u0161\u00edm rizikem z\u00e1va\u017en\u00fdch ne\u017e\u00e1douc\u00edch \u00fa\u010dink\u016f.<\/p>\n<p>GLP-1 mohou b\u00fdt vhodn\u011bj\u0161\u00ed pro pacienty vy\u017eaduj\u00edc\u00ed v\u00fdrazn\u011bj\u0161\u00ed \u00fabytek hmotnosti nebo pro pacienty se soub\u011b\u017en\u00fdmi metabolick\u00fdmi stavy, jako je diabetes. Volba mezi or\u00e1ln\u00edm nebo injek\u010dn\u00edm pod\u00e1v\u00e1n\u00edm je dal\u0161\u00edm hlediskem, stejn\u011b jako pacientova schopnost zvl\u00e1dat potenci\u00e1ln\u00ed vedlej\u0161\u00ed \u00fa\u010dinky. Nakonec by rozhodnut\u00ed m\u011blo b\u00fdt u\u010din\u011bno ve spolupr\u00e1ci mezi pacientem a poskytovatelem zdravotn\u00ed p\u00e9\u010de, p\u0159i\u010dem\u017e je t\u0159eba vz\u00edt v \u00favahu cel\u00e9 spektrum p\u0159\u00ednos\u016f a rizik spojen\u00fdch s ka\u017edou l\u00e9\u010dbou.<\/p>\n<h2>Klinick\u00e9 studie a v\u00fdsledky v\u00fdzkumu<\/h2>\n<p>\u010cetn\u00e9 klinick\u00e9 studie zkoumaly \u00fa\u010dinnost a bezpe\u010dnost jak orlistatu, tak agonist\u016f receptoru GLP-1. Studie nazna\u010duj\u00ed, \u017ee orlistat trvale vede k m\u00edrn\u00e9mu \u00fabytku hmotnosti v kombinaci se z\u00e1sahy do \u017eivotn\u00edho stylu. Dlouhodob\u00e9 studie tak\u00e9 podporuj\u00ed jeho roli p\u0159i udr\u017eov\u00e1n\u00ed hmotnosti a sni\u017eov\u00e1n\u00ed komorbidit souvisej\u00edc\u00edch s obezitou.<\/p>\n<p>U GLP-1 v\u00fdzkum prok\u00e1zal v\u00fdznamn\u00fd \u00fabytek hmotnosti a zlep\u0161en\u00ed metabolick\u00fdch parametr\u016f. Studie \u010dasto zd\u016fraz\u0148uj\u00ed nad\u0159azenost GLP-1 nad placebem a jin\u00fdmi intervencemi na sn\u00ed\u017een\u00ed hmotnosti, co\u017e podtrhuje jejich potenci\u00e1l jako \u00fa\u010dinn\u00e9 l\u00e9\u010dby. Variabilita v individu\u00e1ln\u00edch odpov\u011bd\u00edch a profilech vedlej\u0161\u00edch \u00fa\u010dink\u016f v\u0161ak vy\u017eaduje pokra\u010duj\u00edc\u00ed v\u00fdzkum s c\u00edlem optimalizovat jejich pou\u017eit\u00ed v r\u016fzn\u00fdch populac\u00edch.<\/p>\n<h2>Dlouhodob\u00e9 udr\u017eov\u00e1n\u00ed hubnut\u00ed: Orlistat vs. GLP\u20111s<\/h2>\n<p>Udr\u017een\u00ed \u00fabytku hmotnosti je \u010dasto n\u00e1ro\u010dn\u011bj\u0161\u00ed ne\u017e jeho dosa\u017een\u00ed a orlistat i GLP-1 hraj\u00ed roli v dlouhodob\u00e9m \u0159\u00edzen\u00ed. Schopnost orlistatu zabr\u00e1nit op\u011btovn\u00e9mu p\u0159ib\u00edr\u00e1n\u00ed na v\u00e1ze je dob\u0159e zdokumentov\u00e1na, zejm\u00e9na pokud je pou\u017e\u00edv\u00e1n jako sou\u010d\u00e1st komplexn\u00edho pl\u00e1nu pro regulaci hmotnosti. Jeho dlouhodob\u00e9 u\u017e\u00edv\u00e1n\u00ed je obecn\u011b dob\u0159e sn\u00e1\u0161eno p\u0159i dodr\u017een\u00ed dietetick\u00fdch z\u00e1sad.<\/p>\n<p>GLP-1 nab\u00edzej\u00ed slibn\u00e9 dlouhodob\u00e9 v\u00fdsledky, p\u0159i\u010dem\u017e studie prokazuj\u00ed trval\u00fd \u00fabytek hmotnosti a zlep\u0161en\u00e9 metabolick\u00e9 zdrav\u00ed po del\u0161\u00ed dobu. Jejich \u00fa\u010dinky na regulaci chuti k j\u00eddlu a energetickou rovnov\u00e1hu je \u010din\u00ed zvl\u00e1\u0161t\u011b \u00fa\u010dinn\u00fdmi pro udr\u017een\u00ed hubnut\u00ed. Pot\u0159eba pokra\u010duj\u00edc\u00ed l\u00e9\u010dby a potenci\u00e1ln\u00ed ne\u017e\u00e1douc\u00ed \u00fa\u010dinky v\u0161ak vy\u017eaduj\u00ed pe\u010dliv\u00e9 dlouhodob\u00e9 sledov\u00e1n\u00ed.<\/p>\n<h2>P\u0159\u00edpadov\u00e9 studie a aplikace v re\u00e1ln\u00e9m sv\u011bt\u011b<\/h2>\n<p>Aplikace orlistatu a GLP-1 v re\u00e1ln\u00e9m sv\u011bt\u011b odhaluj\u00ed r\u016fzn\u00e9 zku\u0161enosti a v\u00fdsledky pacient\u016f. P\u0159\u00edpadov\u00e9 studie ilustruj\u00ed, jak orlistat pomohl jednotlivc\u016fm dos\u00e1hnout c\u00edl\u016f v oblasti hubnut\u00ed, kdy\u017e jin\u00e9 metody selhaly, a zd\u016fraz\u0148uj\u00ed jeho u\u017eite\u010dnost v komplexn\u00edch programech \u0159\u00edzen\u00ed hmotnosti. Pacienti v d\u016fsledku toho \u010dasto uv\u00e1d\u011bj\u00ed zv\u00fd\u0161enou sebed\u016fv\u011bru a zlep\u0161en\u00ed kvality \u017eivota.<\/p>\n<p>U GLP-1 se skute\u010dn\u00e1 data \u010dasto zam\u011b\u0159uj\u00ed na jejich roli p\u0159i zvl\u00e1d\u00e1n\u00ed obezity spolu s diabetem 2. typu. Pacienti \u010dasto uv\u00e1d\u011bj\u00ed v\u00fdznamn\u00fd \u00fabytek hmotnosti a lep\u0161\u00ed kontrolu glyk\u00e9mie, co\u017e p\u0159isp\u00edv\u00e1 ke sn\u00ed\u017een\u00ed pot\u0159eby l\u00e9k\u016f a zlep\u0161en\u00ed celkov\u00e9ho zdrav\u00ed. Tyto p\u0159\u00edpadov\u00e9 studie poskytuj\u00ed cenn\u00e9 poznatky o praktick\u00e9m pou\u017eit\u00ed t\u011bchto l\u00e9\u010debn\u00fdch postup\u016f v ka\u017edodenn\u00edm klinick\u00e9m prost\u0159ed\u00ed.<\/p>\n<h2>Dietn\u00ed a \u017eivotn\u00ed styl Orlistat a GLP-1s<\/h2>\n<p>Orlistat i GLP-1 vy\u017eaduj\u00ed \u00fapravu \u017eivotn\u00edho stylu, aby se maximalizovala \u00fa\u010dinnost. Pro orlistat je dodr\u017eov\u00e1n\u00ed n\u00edzkotu\u010dn\u00e9 diety z\u00e1sadn\u00ed pro minimalizaci gastrointestin\u00e1ln\u00edch vedlej\u0161\u00edch \u00fa\u010dink\u016f a pro podporu hubnut\u00ed. Pacient\u016fm se doporu\u010duje, aby za\u010dlenili pravidelnou fyzickou aktivitu a zm\u011bny chov\u00e1n\u00ed na podporu trval\u00e9ho \u0159\u00edzen\u00ed hmotnosti.<\/p>\n<p>GLP-1 tak\u00e9 t\u011b\u017e\u00ed ze z\u00e1sah\u016f do \u017eivotn\u00edho stylu, i kdy\u017e nevy\u017eaduj\u00ed specifick\u00e1 dietn\u00ed omezen\u00ed. Pacient\u016fm se doporu\u010duje osvojit si zdrav\u00e9 stravovac\u00ed n\u00e1vyky a zv\u00fd\u0161it fyzickou aktivitu, aby se doplnily farmakologick\u00e9 \u00fa\u010dinky. Podpora \u017eivotn\u00edho stylu, v\u010detn\u011b poradenstv\u00ed a vzd\u011bl\u00e1v\u00e1n\u00ed, m\u016f\u017ee zlep\u0161it v\u00fdsledky pro pacienty u\u017e\u00edvaj\u00edc\u00ed oba l\u00e9ky.<\/p>\n<h2>N\u00e1zory odborn\u00edk\u016f na Orlistat vs GLP-1s<\/h2>\n<p>Zdravotn\u00edci maj\u00ed \u010dasto r\u016fzn\u00e9 n\u00e1zory na pou\u017eit\u00ed orlistatu a GLP-1, co\u017e odr\u00e1\u017e\u00ed jejich odli\u0161n\u00e9 mechanismy a profily pacient\u016f. Mnoho odborn\u00edk\u016f podporuje orlistat jako volbu prvn\u00ed volby pro pacienty, kte\u0159\u00ed preferuj\u00ed peror\u00e1ln\u00ed l\u00e9ky a mohou dodr\u017eovat dietn\u00ed doporu\u010den\u00ed. Jeho dlouh\u00e1 historie a bezpe\u010dnostn\u00ed profil z n\u011bj \u010din\u00ed spolehlivou volbu pro mnoh\u00e9.<\/p>\n<p>Odborn\u00edci naopak uzn\u00e1vaj\u00ed siln\u00e9 \u00fa\u010dinky GLP-1 na hubnut\u00ed, zejm\u00e9na u pacient\u016f s v\u00fdznamn\u00fdmi probl\u00e9my s hmotnost\u00ed nebo u t\u011bch, kte\u0159\u00ed vy\u017eaduj\u00ed dal\u0161\u00ed metabolickou kontrolu. Volba mezi t\u011bmito l\u00e9ky \u010dasto z\u00e1vis\u00ed na individu\u00e1ln\u00edch pot\u0159eb\u00e1ch a preferenc\u00edch pacienta s odborn\u00fdm veden\u00edm p\u0159izp\u016fsoben\u00fdm pro optimalizaci v\u00fdsledk\u016f.<\/p>\n<h2>Budouc\u00ed v\u00fdvoj v l\u00e9\u010db\u011b hubnut\u00ed<\/h2>\n<p>Oblast l\u00e9\u010dby hubnut\u00ed se neust\u00e1le vyv\u00edj\u00ed, p\u0159i\u010dem\u017e pokra\u010duj\u00edc\u00ed v\u00fdzkum zkoumaj\u00edc\u00ed nov\u00e9 c\u00edle a mechanismy pod\u00e1v\u00e1n\u00ed l\u00e9k\u016f. Pokroky v pochopen\u00ed biologie obezity a metabolick\u00e9 regulace vedou k v\u00fdvoji nov\u00fdch terapi\u00ed, kter\u00e9 slibuj\u00ed v\u011bt\u0161\u00ed \u00fa\u010dinnost a m\u00e9n\u011b vedlej\u0161\u00edch \u00fa\u010dink\u016f.<\/p>\n<p>Budouc\u00ed v\u00fdvoj m\u016f\u017ee zahrnovat kombinovan\u00e9 terapie, kter\u00e9 vyu\u017e\u00edvaj\u00ed siln\u00e9 str\u00e1nky orlistatu a GLP-1, stejn\u011b jako zcela nov\u00e9 t\u0159\u00eddy l\u00e9k\u016f. Integrace p\u0159\u00edstup\u016f personalizovan\u00e9 medic\u00edny s ohledem na individu\u00e1ln\u00ed genetick\u00e9 a metabolick\u00e9 profily pravd\u011bpodobn\u011b zlep\u0161\u00ed v\u00fdsledky l\u00e9\u010dby. Jak v\u00fdzkum postupuje, krajina \u0159\u00edzen\u00ed hmotnosti je p\u0159ipravena na v\u00fdznamnou transformaci.<\/p>\n<h2>Z\u00e1v\u011br: U\u010dinit informovanou volbu<\/h2>\n<p>Volba mezi orlistatem a GLP-1 pro regulaci hmotnosti vy\u017eaduje pe\u010dliv\u00e9 zv\u00e1\u017een\u00ed jejich odli\u0161n\u00fdch mechanism\u016f, \u00fa\u010dinnosti, vedlej\u0161\u00edch \u00fa\u010dink\u016f a preferenc\u00ed pacient\u016f. Zat\u00edmco orlistat nab\u00edz\u00ed osv\u011bd\u010denou mo\u017enost s dob\u0159e zdokumentovan\u00fdm bezpe\u010dnostn\u00edm profilem, GLP-1 p\u0159edstavuj\u00ed \u00fa\u010dinnou alternativu pro ty, kte\u0159\u00ed hledaj\u00ed v\u00fdrazn\u00e9 sn\u00ed\u017een\u00ed hmotnosti a metabolick\u00e9 v\u00fdhody.<\/p>\n<p>V kone\u010dn\u00e9m d\u016fsledku by se rozhodnut\u00ed m\u011blo \u0159\u00eddit d\u016fkladn\u00fdm zhodnocen\u00edm individu\u00e1ln\u00edch pot\u0159eb a okolnost\u00ed se vstupem od poskytovatel\u016f zdravotn\u00ed p\u00e9\u010de, aby byl zaji\u0161t\u011bn co nejefektivn\u011bj\u0161\u00ed a nejudr\u017eiteln\u011bj\u0161\u00ed v\u00fdsledek. Vzhledem k tomu, \u017ee se prost\u0159ed\u00ed l\u00e9\u010dby hubnut\u00ed neust\u00e1le vyv\u00edj\u00ed, bude pro pacienty i klinick\u00e9 l\u00e9ka\u0159e i nad\u00e1le z\u00e1sadn\u00ed b\u00fdt informov\u00e1n o nov\u00e9m v\u00fdvoji.<\/p>\n","protected":false},"excerpt":{"rendered":"<p>Xenical Generic vs alternativy: orlistat vs GLP\u20111s Zkoum\u00e1n\u00ed rozd\u00edl\u016f, p\u0159\u00ednos\u016f a \u00favah mezi Orlistatem a agonisty receptoru GLP-1 p\u0159i regulaci hmotnosti. Porozum\u011bn\u00ed Xenicalu a jeho obecn\u00fdm formulac\u00edm Xenical, obecn\u011b zn\u00e1m\u00fd jako orlistat, je dob\u0159e zaveden\u00e9 l\u00e9\u010divo pou\u017e\u00edvan\u00e9 k podpo\u0159e hubnut\u00ed inhibic\u00ed vst\u0159eb\u00e1v\u00e1n\u00ed tuk\u016f z potravy ve st\u0159ev\u011b. Xenical, p\u016fvodn\u011b vyvinut\u00fd spole\u010dnost\u00ed Roche, je dostupn\u00fd ji\u017e<\/p>\n<div><a class=\"btn-filled btn\" href=\"https:\/\/bouwstenenverhuur.brogt.nl\/index.php\/ucinnost-orlistatu-pri-regulaci-hmotnosti\/\" title=\"\u00da\u010dinnost Orlistatu p\u0159i regulaci hmotnosti\">Read More<\/a><\/div>\n","protected":false},"author":1,"featured_media":0,"parent":0,"menu_order":0,"comment_status":"closed","ping_status":"closed","template":"","meta":{"footnotes":""},"class_list":["post-49063","page","type-page","status-publish","hentry"],"_links":{"self":[{"href":"https:\/\/bouwstenenverhuur.brogt.nl\/index.php\/wp-json\/wp\/v2\/pages\/49063","targetHints":{"allow":["GET"]}}],"collection":[{"href":"https:\/\/bouwstenenverhuur.brogt.nl\/index.php\/wp-json\/wp\/v2\/pages"}],"about":[{"href":"https:\/\/bouwstenenverhuur.brogt.nl\/index.php\/wp-json\/wp\/v2\/types\/page"}],"author":[{"embeddable":true,"href":"https:\/\/bouwstenenverhuur.brogt.nl\/index.php\/wp-json\/wp\/v2\/users\/1"}],"replies":[{"embeddable":true,"href":"https:\/\/bouwstenenverhuur.brogt.nl\/index.php\/wp-json\/wp\/v2\/comments?post=49063"}],"version-history":[{"count":1,"href":"https:\/\/bouwstenenverhuur.brogt.nl\/index.php\/wp-json\/wp\/v2\/pages\/49063\/revisions"}],"predecessor-version":[{"id":49065,"href":"https:\/\/bouwstenenverhuur.brogt.nl\/index.php\/wp-json\/wp\/v2\/pages\/49063\/revisions\/49065"}],"wp:attachment":[{"href":"https:\/\/bouwstenenverhuur.brogt.nl\/index.php\/wp-json\/wp\/v2\/media?parent=49063"}],"curies":[{"name":"wp","href":"https:\/\/api.w.org\/{rel}","templated":true}]}}